{"id":4745,"date":"2022-11-14T15:07:37","date_gmt":"2022-11-14T14:07:37","guid":{"rendered":"https:\/\/antcube.shop\/produkt\/rohrkappe-glasklar-fur-20mm\/"},"modified":"2026-04-05T21:18:17","modified_gmt":"2026-04-05T19:18:17","slug":"rohrkappe-glasklar-fur-20mm","status":"publish","type":"product","link":"https:\/\/antcube.shop\/hu\/termek\/rohrkappe-glasklar-fur-20mm\/","title":{"rendered":"Cs\u0151sapka krist\u00e1lytiszta 20 mm-es cs\u0151h\u00f6z"},"content":{"rendered":"<p><strong>M\u00e9retek<\/strong> (LxSxH): 1,9\u00d72,5\u00d72,5cm<br \/>\n<strong>Bels\u0151 \u00e1tm\u00e9r\u0151:<\/strong> 20mm<\/p>\n<p>Anyag: Akril<br \/>\nSz\u00edn: sz\u00edntelen\/\u00e1tl\u00e1tsz\u00f3\/tiszta<\/p>\n<p>Tartalom: 1db.<\/p>\n<p>M\u0171szaki adatok:<br \/>\nCs\u0151sapka krist\u00e1lytiszta 25mm \u00e1tm\u00e9r\u0151j\u0171 20mm-es cs\u0151h\u00f6z.<\/p>\n<p><strong>Le\u00edr\u00e1s:<\/strong><br \/>\n\u00c1tl\u00e1tsz\u00f3 akrilb\u00f3l k\u00e9sz\u00fclt cs\u0151sapka akrilcs\u00f6vek lez\u00e1r\u00e1s\u00e1ra.<\/p>\n<p><strong>\u00c9rtes\u00edt\u00e9s:<\/strong><br \/>\nA cs\u00f6vek felszerel\u00e9sekor vegye figyelembe a k\u00f6vetkez\u0151ket:<br \/>\nAz akril anyagtulajdons\u00e1gai miatt a nyom\u00e1st \u00e9s a t\u0151ke\u00e1tt\u00e9telt mindenk\u00e9ppen el kell ker\u00fclni. Ha a csatlakoztat\u00e1s neh\u00e9zkes, k\u00e9rj\u00fck, \u00f3vatos csavar\u00f3 mozdulatokkal csatlakoztassa, \u00e9s sz\u00fcks\u00e9g eset\u00e9n kenje be egy kis kit\u00f6r\u00e9sg\u00e1tl\u00f3 olajjal.<\/p>","protected":false},"excerpt":{"rendered":"<p>M\u00e9retek (LxSxH): 1,9\u00d72,5\u00d72,5cm Bels\u0151 \u00e1tm\u00e9r\u0151: 20mm Anyag: Anyag: akril Sz\u00edn: sz\u00edntelen\/\u00e1tl\u00e1tsz\u00f3\/\u00e1tl\u00e1tsz\u00f3: 1db. Technikai specifik\u00e1ci\u00f3k: Cs\u0151sapka krist\u00e1lytiszta 25mm \u00e1tm\u00e9r\u0151j\u0171 20mm-es cs\u0151h\u00f6z. Le\u00edr\u00e1s: \u00c1tl\u00e1tsz\u00f3 akrilb\u00f3l k\u00e9sz\u00fclt cs\u0151sapka akril cs\u00f6vek lez\u00e1r\u00e1s\u00e1hoz.  A cs\u00f6vek felszerel\u00e9sekor k\u00e9rj\u00fck, vegye figyelembe a k\u00f6vetkez\u0151ket: Az akril anyagtulajdons\u00e1gai miatt a nyom\u00e1snak \u00e9s a t\u0151ke\u00e1tt\u00e9telnek [...]","protected":false},"featured_media":4768,"comment_status":"open","ping_status":"closed","template":"","meta":{"_acf_changed":false,"content-type":"","_monsterinsights_skip_tracking":false,"_monsterinsights_sitenote_active":false,"_monsterinsights_sitenote_note":"","_monsterinsights_sitenote_category":0},"product_brand":[],"product_cat":[345],"product_tag":[],"class_list":{"0":"post-4745","1":"product","2":"type-product","3":"status-publish","4":"has-post-thumbnail","6":"product_cat-pipe-connectors","8":"first","9":"instock","10":"taxable","11":"shipping-taxable","12":"purchasable","13":"product-type-simple"},"acf":[],"aioseo_notices":[],"jetpack_sharing_enabled":true,"_links":{"self":[{"href":"https:\/\/antcube.shop\/hu\/wp-json\/wp\/v2\/product\/4745","targetHints":{"allow":["GET"]}}],"collection":[{"href":"https:\/\/antcube.shop\/hu\/wp-json\/wp\/v2\/product"}],"about":[{"href":"https:\/\/antcube.shop\/hu\/wp-json\/wp\/v2\/types\/product"}],"replies":[{"embeddable":true,"href":"https:\/\/antcube.shop\/hu\/wp-json\/wp\/v2\/comments?post=4745"}],"wp:featuredmedia":[{"embeddable":true,"href":"https:\/\/antcube.shop\/hu\/wp-json\/wp\/v2\/media\/4768"}],"wp:attachment":[{"href":"https:\/\/antcube.shop\/hu\/wp-json\/wp\/v2\/media?parent=4745"}],"wp:term":[{"taxonomy":"product_brand","embeddable":true,"href":"https:\/\/antcube.shop\/hu\/wp-json\/wp\/v2\/product_brand?post=4745"},{"taxonomy":"product_cat","embeddable":true,"href":"https:\/\/antcube.shop\/hu\/wp-json\/wp\/v2\/product_cat?post=4745"},{"taxonomy":"product_tag","embeddable":true,"href":"https:\/\/antcube.shop\/hu\/wp-json\/wp\/v2\/product_tag?post=4745"}],"curies":[{"name":"wp","href":"https:\/\/api.w.org\/{rel}","templated":true}]}}