{"id":4738,"date":"2022-11-14T15:05:46","date_gmt":"2022-11-14T14:05:46","guid":{"rendered":"https:\/\/antcube.shop\/produkt\/formicariendichtung-3-4-zoll-transparent\/"},"modified":"2026-04-13T09:31:32","modified_gmt":"2026-04-13T07:31:32","slug":"formikarium-tomites-3-4-huvelykes-atlatszo","status":"publish","type":"product","link":"https:\/\/antcube.shop\/hu\/termek\/formikarium-tomites-3-4-huvelykes-atlatszo\/","title":{"rendered":"Formicarium t\u00f6m\u00edt\u00e9s 3\/4 inch - \u00e1tl\u00e1tsz\u00f3"},"content":{"rendered":"<p><strong>Tartalom:<\/strong> 1x t\u00f6m\u00edt\u0151gy\u0171r\u0171<\/p>\n<p><strong>Sz\u00edn:<\/strong> \u00e1tl\u00e1tsz\u00f3, tejszer\u0171<\/p>\n<p><strong>Anyag:<\/strong> PE m\u0171anyag<\/p>\n<p><strong>Le\u00edr\u00e1s:<\/strong> Ezzel a t\u00f6m\u00edt\u0151gy\u0171r\u0171vel pl. a megfelel\u0151 csavaros csatlakoz\u00e1sok (3\/4\u2033) jobban \u00e9s szorosabban csavarozhat\u00f3k.<br \/>\nMegv\u00e9di vele az \u00fcveget vagy az akrilt a karcol\u00e1sokt\u00f3l.<\/p>\n<p>&nbsp;<\/p>","protected":false},"excerpt":{"rendered":"<p>Tartalom: Anyag: 1x t\u00f6m\u00edt\u0151gy\u0171r\u0171 Sz\u00edn: \u00e1tl\u00e1tsz\u00f3, tejszer\u0171 Anyag: 1x t\u00f6m\u00edt\u0151gy\u0171r\u0171: Anyag: PE m\u0171anyag: A t\u00f6m\u00edt\u0151gy\u0171r\u0171vel pl. a megfelel\u0151 csavark\u00f6t\u00e9sek (3\/4\u2033) jobban \u00e9s szorosabban csavarozhat\u00f3k. Megv\u00e9di vele az \u00fcveget vagy akrilt a karcol\u00e1sokt\u00f3l. &nbsp;<\/p>","protected":false},"featured_media":4787,"comment_status":"open","ping_status":"closed","template":"","meta":{"_acf_changed":false,"content-type":"","_monsterinsights_skip_tracking":false,"_monsterinsights_sitenote_active":false,"_monsterinsights_sitenote_note":"","_monsterinsights_sitenote_category":0},"product_brand":[],"product_cat":[121],"product_tag":[],"class_list":{"0":"post-4738","1":"product","2":"type-product","3":"status-publish","4":"has-post-thumbnail","6":"product_cat-connectors","8":"first","9":"instock","10":"taxable","11":"shipping-taxable","12":"purchasable","13":"product-type-simple"},"acf":[],"aioseo_notices":[],"jetpack_sharing_enabled":true,"_links":{"self":[{"href":"https:\/\/antcube.shop\/hu\/wp-json\/wp\/v2\/product\/4738","targetHints":{"allow":["GET"]}}],"collection":[{"href":"https:\/\/antcube.shop\/hu\/wp-json\/wp\/v2\/product"}],"about":[{"href":"https:\/\/antcube.shop\/hu\/wp-json\/wp\/v2\/types\/product"}],"replies":[{"embeddable":true,"href":"https:\/\/antcube.shop\/hu\/wp-json\/wp\/v2\/comments?post=4738"}],"wp:featuredmedia":[{"embeddable":true,"href":"https:\/\/antcube.shop\/hu\/wp-json\/wp\/v2\/media\/4787"}],"wp:attachment":[{"href":"https:\/\/antcube.shop\/hu\/wp-json\/wp\/v2\/media?parent=4738"}],"wp:term":[{"taxonomy":"product_brand","embeddable":true,"href":"https:\/\/antcube.shop\/hu\/wp-json\/wp\/v2\/product_brand?post=4738"},{"taxonomy":"product_cat","embeddable":true,"href":"https:\/\/antcube.shop\/hu\/wp-json\/wp\/v2\/product_cat?post=4738"},{"taxonomy":"product_tag","embeddable":true,"href":"https:\/\/antcube.shop\/hu\/wp-json\/wp\/v2\/product_tag?post=4738"}],"curies":[{"name":"wp","href":"https:\/\/api.w.org\/{rel}","templated":true}]}}