{"id":4737,"date":"2022-11-14T15:05:30","date_gmt":"2022-11-14T14:05:30","guid":{"rendered":"https:\/\/antcube.shop\/produkt\/bohrungsadapter-50-auf-27mm-transparent\/"},"modified":"2026-04-20T09:58:23","modified_gmt":"2026-04-20T07:58:23","slug":"furat-adapter-50-27mm-hez-atlatszo","status":"publish","type":"product","link":"https:\/\/antcube.shop\/hu\/termek\/furat-adapter-50-27mm-hez-atlatszo\/","title":{"rendered":"Furatadapter 50-27mm - \u00e1tl\u00e1tsz\u00f3"},"content":{"rendered":"<p><strong>Tartalom:<\/strong><br \/>\n1x 50x4mm-es akrilkorong 27mm-es lyukkal<br \/>\n1x \u00f6ntapad\u00f3 f\u00f3lia \u00e1tl\u00e1tsz\u00f3 60mm, 27mm-es lyukkal<\/p>\n<p><strong>M\u00e9retek:<\/strong> 60x4mm<\/p>\n<p><strong>Anyag:<\/strong> PMMA, PP<\/p>\n<p><strong>Sz\u00edn:<\/strong> \u00e1tl\u00e1tsz\u00f3 \/ krist\u00e1lytiszta<\/p>\n<p><strong>Le\u00edr\u00e1s:<\/strong> Adapter 27 mm \u00e1tm\u00e9r\u0151j\u0171 elemek r\u00f6gz\u00edt\u00e9s\u00e9hez 50 mm-es lyukban.<br \/>\nA kiv\u00e1l\u00f3 min\u0151s\u00e9g\u0171, \u00e1tl\u00e1tsz\u00f3, 50 \u00b5m-es \u00f6ntapad\u00f3 f\u00f3lia karc\u00e1ll\u00f3, UV-v\u00e9d\u0151 bevonatot tartalmaz \u00e9s tart\u00f3san tapad.<br \/>\n\u00cdgy biztons\u00e1gos, szil\u00e1rd \u00e9s vizu\u00e1lisan sz\u00e9p r\u00f6gz\u00edt\u00e9s az adapterhez.<\/p>\n<p><strong>Megjegyz\u00e9s:<\/strong> A furatadaptert nem szabad \u00e1lland\u00f3 nyom\u00e1snak kit\u00e9ve, emel\u0151hat\u00e1ssal terhelni, k\u00fcl\u00f6nben meglazulhat. Csak egyenes csatlakoz\u00e1sokhoz alkalmas!<\/p>","protected":false},"excerpt":{"rendered":"<p>Tartalom: 1x akrilkorong 50x4mm 27mm lyukkal 1x \u00f6ntapad\u00f3 f\u00f3lia \u00e1tl\u00e1tsz\u00f3 60mm 27mm lyukkal M\u00e9retek: 1x akrilkorong 50x4mm 27mm lyukkal 1x \u00f6ntapad\u00f3 f\u00f3lia \u00e1tl\u00e1tsz\u00f3 60mm 27mm lyukkal: Anyag: 60x4mm: Anyag: PMMA, PP Sz\u00edn: \u00e1tl\u00e1tsz\u00f3 \/ krist\u00e1lytiszta: Adapter 27mm \u00e1tm\u00e9r\u0151j\u0171 elemek r\u00f6gz\u00edt\u00e9s\u00e9hez 50mm-es lyukban. A kiv\u00e1l\u00f3 min\u0151s\u00e9g\u0171, \u00e1tl\u00e1tsz\u00f3 50\u00b5-es ragaszt\u00f3f\u00f3lia karc\u00e1ll\u00f3, UV v\u00e9d\u0151bevonatot tartalmaz \u00e9s","protected":false},"featured_media":4887,"comment_status":"open","ping_status":"closed","template":"","meta":{"_acf_changed":false,"content-type":"","_monsterinsights_skip_tracking":false,"_monsterinsights_sitenote_active":false,"_monsterinsights_sitenote_note":"","_monsterinsights_sitenote_category":0},"product_brand":[],"product_cat":[119,121],"product_tag":[],"class_list":{"0":"post-4737","1":"product","2":"type-product","3":"status-publish","4":"has-post-thumbnail","6":"product_cat-formicarium-components","7":"product_cat-connectors","9":"first","10":"instock","11":"taxable","12":"shipping-taxable","13":"purchasable","14":"product-type-simple"},"acf":[],"aioseo_notices":[],"jetpack_sharing_enabled":true,"_links":{"self":[{"href":"https:\/\/antcube.shop\/hu\/wp-json\/wp\/v2\/product\/4737","targetHints":{"allow":["GET"]}}],"collection":[{"href":"https:\/\/antcube.shop\/hu\/wp-json\/wp\/v2\/product"}],"about":[{"href":"https:\/\/antcube.shop\/hu\/wp-json\/wp\/v2\/types\/product"}],"replies":[{"embeddable":true,"href":"https:\/\/antcube.shop\/hu\/wp-json\/wp\/v2\/comments?post=4737"}],"wp:featuredmedia":[{"embeddable":true,"href":"https:\/\/antcube.shop\/hu\/wp-json\/wp\/v2\/media\/4887"}],"wp:attachment":[{"href":"https:\/\/antcube.shop\/hu\/wp-json\/wp\/v2\/media?parent=4737"}],"wp:term":[{"taxonomy":"product_brand","embeddable":true,"href":"https:\/\/antcube.shop\/hu\/wp-json\/wp\/v2\/product_brand?post=4737"},{"taxonomy":"product_cat","embeddable":true,"href":"https:\/\/antcube.shop\/hu\/wp-json\/wp\/v2\/product_cat?post=4737"},{"taxonomy":"product_tag","embeddable":true,"href":"https:\/\/antcube.shop\/hu\/wp-json\/wp\/v2\/product_tag?post=4737"}],"curies":[{"name":"wp","href":"https:\/\/api.w.org\/{rel}","templated":true}]}}