{"id":4732,"date":"2022-11-14T15:04:12","date_gmt":"2022-11-14T14:04:12","guid":{"rendered":"https:\/\/antcube.shop\/produkt\/rohrverbinder-glasklar-fur-32mm-45\/"},"modified":"2026-04-17T17:42:08","modified_gmt":"2026-04-17T15:42:08","slug":"csocsatlakozo-kristalytiszta-32mm-45","status":"publish","type":"product","link":"https:\/\/antcube.shop\/hu\/termek\/csocsatlakozo-kristalytiszta-32mm-45\/","title":{"rendered":"Krist\u00e1lytiszta cs\u0151csatlakoz\u00f3 32mm - 45\u00b0-os cs\u00f6vekhez"},"content":{"rendered":"<p><strong>M\u00e9retek (LxBxH):<\/strong> 7,2\u00d74,0x5,5cm<br \/>\n<strong>Bels\u0151 \u00e1tm\u00e9r\u0151:<\/strong> 32mm<\/p>\n<p><strong>Anyag:<\/strong> Akril<\/p>\n<p><strong>Sz\u00edn:<\/strong> Sz\u00edntelen\/\u00e1tl\u00e1tsz\u00f3\/tiszta<\/p>\n<p><strong>Tartalom:<\/strong> 1db.<\/p>\n<p><strong>M\u0171szaki adatok:<\/strong><br \/>\nCs\u0151csatlakoz\u00f3 akril 40 mm \u00e1tm\u00e9r\u0151j\u0171 32 mm-es cs\u0151h\u00f6z.<\/p>\n<p><strong>Le\u00edr\u00e1s:<\/strong><br \/>\n\u00c1tl\u00e1tsz\u00f3 akrilb\u00f3l k\u00e9sz\u00fclt cs\u0151csatlakoz\u00f3 akrilcs\u00f6vek 45\u00b0-os sz\u00f6gben t\u00f6rt\u00e9n\u0151 \u00f6sszek\u00f6t\u00e9s\u00e9re.<\/p>\n<p><strong>\u00c9rtes\u00edt\u00e9s:<\/strong><br \/>\nA cs\u00f6vek \u00f6sszeszerel\u00e9sekor k\u00e9rj\u00fck, vegye figyelembe a k\u00f6vetkez\u0151ket:<br \/>\nAz akril anyagtulajdons\u00e1gai miatt a nyom\u00e1st \u00e9s a t\u0151ke\u00e1tt\u00e9telt mindenk\u00e9ppen el kell ker\u00fclni. Ha a csatlakoztat\u00e1s neh\u00e9zkes, k\u00e9rj\u00fck, \u00f3vatos csavar\u00f3 mozdulatokkal csatlakoztassa, \u00e9s sz\u00fcks\u00e9g eset\u00e9n kenje be egy kis kit\u00f6r\u00e9sg\u00e1tl\u00f3 olajjal.<\/p>","protected":false},"excerpt":{"rendered":"<p>Dimensions (LxWxH): 7,2&#215;4,0&#215;5,5cm Inner diameter: 32mm Material: Acrylic Color: Colorless\/Transparent\/Clear Content: 1pcs. Technical specifications: Pipe connector acrylic diameter 40mm for 32mm pipe. Description: Pipe connector made of transparent acrylic for connecting acrylic pipes at an angle of 45\u00b0. Notice: When assembling the pipes, please note the following: Due to the material properties of acrylic, pressure [&#8230;]","protected":false},"featured_media":4901,"comment_status":"open","ping_status":"closed","template":"","meta":{"_acf_changed":false,"content-type":"","_monsterinsights_skip_tracking":false,"_monsterinsights_sitenote_active":false,"_monsterinsights_sitenote_note":"","_monsterinsights_sitenote_category":0},"product_brand":[],"product_cat":[345],"product_tag":[],"class_list":{"0":"post-4732","1":"product","2":"type-product","3":"status-publish","4":"has-post-thumbnail","6":"product_cat-pipe-connectors","8":"first","9":"instock","10":"taxable","11":"shipping-taxable","12":"purchasable","13":"product-type-simple"},"acf":[],"aioseo_notices":[],"jetpack_sharing_enabled":true,"_links":{"self":[{"href":"https:\/\/antcube.shop\/hu\/wp-json\/wp\/v2\/product\/4732","targetHints":{"allow":["GET"]}}],"collection":[{"href":"https:\/\/antcube.shop\/hu\/wp-json\/wp\/v2\/product"}],"about":[{"href":"https:\/\/antcube.shop\/hu\/wp-json\/wp\/v2\/types\/product"}],"replies":[{"embeddable":true,"href":"https:\/\/antcube.shop\/hu\/wp-json\/wp\/v2\/comments?post=4732"}],"wp:featuredmedia":[{"embeddable":true,"href":"https:\/\/antcube.shop\/hu\/wp-json\/wp\/v2\/media\/4901"}],"wp:attachment":[{"href":"https:\/\/antcube.shop\/hu\/wp-json\/wp\/v2\/media?parent=4732"}],"wp:term":[{"taxonomy":"product_brand","embeddable":true,"href":"https:\/\/antcube.shop\/hu\/wp-json\/wp\/v2\/product_brand?post=4732"},{"taxonomy":"product_cat","embeddable":true,"href":"https:\/\/antcube.shop\/hu\/wp-json\/wp\/v2\/product_cat?post=4732"},{"taxonomy":"product_tag","embeddable":true,"href":"https:\/\/antcube.shop\/hu\/wp-json\/wp\/v2\/product_tag?post=4732"}],"curies":[{"name":"wp","href":"https:\/\/api.w.org\/{rel}","templated":true}]}}