{"id":4729,"date":"2022-11-14T15:03:24","date_gmt":"2022-11-14T14:03:24","guid":{"rendered":"https:\/\/antcube.shop\/produkt\/becken-rohrverbinder-3-4-zu-32mm-gerade-transparent\/"},"modified":"2026-01-12T12:36:45","modified_gmt":"2026-01-12T11:36:45","slug":"becken-rohrverbinder-3-4-zu-32mm-gerade-transzparens","status":"publish","type":"product","link":"https:\/\/antcube.shop\/hu\/termek\/becken-rohrverbinder-3-4-zu-32mm-gerade-transzparens\/","title":{"rendered":"Medence cs\u0151csatlakoz\u00f3 3\/4\" - 32mm - egyenes - \u00e1tl\u00e1tsz\u00f3"},"content":{"rendered":"<p><strong>M\u00e9retek:<\/strong> 75x40x40mm<\/p>\n<p><strong>Mennyis\u00e9g:<\/strong> 1db<\/p>\n<p><strong>Sz\u00edn:<\/strong> \u00e1tl\u00e1tsz\u00f3<\/p>\n<p><strong>Anyag:<\/strong> m\u0171anyag<\/p>\n<p><strong>Le\u00edr\u00e1s:<\/strong> Ez a medenc\u00e9s cs\u0151csatlakoz\u00f3 3\/4\u2033 27 mm-es lyukba, valamint 32 mm-es k\u00fcls\u0151 \u00e1tm\u00e9r\u0151j\u0171 cs\u0151re is illeszkedik.<\/p>","protected":false},"excerpt":{"rendered":"<p>M\u00e9retek: Mennyis\u00e9g: 75x40x40mm: Anyag: m\u0171anyag Le\u00edr\u00e1s: 1db: Ez a medencecs\u0151 csatlakoz\u00f3 3\/4\" illeszkedik egy 27mm-es lyukba, valamint egy 32mm-es cs\u0151 k\u00fcls\u0151 \u00e1tm\u00e9r\u0151j\u0171 cs\u0151re.<\/p>","protected":false},"featured_media":4905,"comment_status":"open","ping_status":"closed","template":"","meta":{"_acf_changed":false,"content-type":"","_monsterinsights_skip_tracking":false,"_monsterinsights_sitenote_active":false,"_monsterinsights_sitenote_note":"","_monsterinsights_sitenote_category":0},"product_brand":[],"product_cat":[345],"product_tag":[],"class_list":{"0":"post-4729","1":"product","2":"type-product","3":"status-publish","4":"has-post-thumbnail","6":"product_cat-pipe-connectors","8":"first","9":"instock","10":"taxable","11":"shipping-taxable","12":"purchasable","13":"product-type-simple"},"acf":[],"aioseo_notices":[],"jetpack_sharing_enabled":true,"_links":{"self":[{"href":"https:\/\/antcube.shop\/hu\/wp-json\/wp\/v2\/product\/4729","targetHints":{"allow":["GET"]}}],"collection":[{"href":"https:\/\/antcube.shop\/hu\/wp-json\/wp\/v2\/product"}],"about":[{"href":"https:\/\/antcube.shop\/hu\/wp-json\/wp\/v2\/types\/product"}],"replies":[{"embeddable":true,"href":"https:\/\/antcube.shop\/hu\/wp-json\/wp\/v2\/comments?post=4729"}],"wp:featuredmedia":[{"embeddable":true,"href":"https:\/\/antcube.shop\/hu\/wp-json\/wp\/v2\/media\/4905"}],"wp:attachment":[{"href":"https:\/\/antcube.shop\/hu\/wp-json\/wp\/v2\/media?parent=4729"}],"wp:term":[{"taxonomy":"product_brand","embeddable":true,"href":"https:\/\/antcube.shop\/hu\/wp-json\/wp\/v2\/product_brand?post=4729"},{"taxonomy":"product_cat","embeddable":true,"href":"https:\/\/antcube.shop\/hu\/wp-json\/wp\/v2\/product_cat?post=4729"},{"taxonomy":"product_tag","embeddable":true,"href":"https:\/\/antcube.shop\/hu\/wp-json\/wp\/v2\/product_tag?post=4729"}],"curies":[{"name":"wp","href":"https:\/\/api.w.org\/{rel}","templated":true}]}}