{"id":4726,"date":"2022-11-14T15:02:37","date_gmt":"2022-11-14T14:02:37","guid":{"rendered":"https:\/\/antcube.shop\/produkt\/rohrverbindungsring-fur-50mm-rohr\/"},"modified":"2026-03-20T10:38:38","modified_gmt":"2026-03-20T09:38:38","slug":"rohrverbindungsring-fur-50mm-rohr","status":"publish","type":"product","link":"https:\/\/antcube.shop\/hu\/termek\/rohrverbindungsring-fur-50mm-rohr\/","title":{"rendered":"Cs\u0151csatlakoz\u00f3 gy\u0171r\u0171 50 mm-es cs\u0151h\u00f6z"},"content":{"rendered":"<p><strong>Mennyis\u00e9g:<\/strong> 1 darab<\/p>\n<p><strong>M\u00e9retek:<\/strong> 50mm (bels\u0151 \u00e1tm\u00e9r\u0151), 60x10mm (k\u00fcls\u0151 m\u00e9retek)<\/p>\n<p><strong>Sz\u00edn:<\/strong> \u00e1tl\u00e1tsz\u00f3<\/p>\n<p><strong>Anyag:<\/strong> akril<\/p>\n<p><strong>Le\u00edr\u00e1s:<\/strong><br \/>\n\u00c1tl\u00e1tsz\u00f3 akrilb\u00f3l k\u00e9sz\u00fclt cs\u0151csatlakoz\u00f3 gy\u0171r\u0171 akrilcs\u00f6vek \u00f6sszek\u00f6t\u00e9s\u00e9re.<\/p>\n<p><strong>Alkalmaz\u00e1s:<\/strong><br \/>\n50 mm \u00e1tm\u00e9r\u0151j\u0171 akrilcs\u00f6vek csatlakoztat\u00e1s\u00e1ra.<\/p>\n<p><strong>\u00c9rtes\u00edt\u00e9s:<\/strong><br \/>\nA cs\u00f6vek \u00f6sszeszerel\u00e9sekor k\u00e9rj\u00fck, vegye figyelembe a k\u00f6vetkez\u0151ket:<br \/>\nHa a cs\u0151 nagyon nehezen illeszkedik a csatlakoz\u00f3aljzatra, a t\u00f6m\u00edt\u0151gy\u0171r\u0171t enyh\u00e9n be kell d\u00f6rzs\u00f6lni egy csepp kit\u00f6r\u00e9sg\u00e1tl\u00f3 olajjal vagy porral. A cs\u00f6vet ezut\u00e1n csavar\u00f3 vagy csavar\u00f3 mozdulatokkal kell a perselyre tolni, an\u00e9lk\u00fcl, hogy a perselyt fel-le mozdulatokkal terheln\u00e9nk. Az akril anyagtulajdons\u00e1gai miatt a nyom\u00e1st \u00e9s a karfesz\u00edt\u00e9st mindenk\u00e9ppen ker\u00fclni kell.<\/p>\n<p>&nbsp;<\/p>","protected":false},"excerpt":{"rendered":"<p>Mennyis\u00e9g: M\u00e9retek: 1 db: (bels\u0151 \u00e1tm\u00e9r\u0151), 60x10mm (k\u00fcls\u0151 m\u00e9retek) Sz\u00edn: \u00e1tl\u00e1tsz\u00f3 Anyag: akril Le\u00edr\u00e1s: 1 db: \u00c1tl\u00e1tsz\u00f3 akrilb\u00f3l k\u00e9sz\u00fclt cs\u0151\u00f6sszek\u00f6t\u0151 gy\u0171r\u0171 akrilcs\u00f6vek \u00f6sszek\u00f6t\u00e9s\u00e9re. Alkalmaz\u00e1s: 50mm \u00e1tm\u00e9r\u0151j\u0171 akrilcs\u00f6vek \u00f6sszek\u00f6t\u00e9s\u00e9re. Figyelmeztet\u00e9s: A cs\u0151cs\u0151cs\u00f6vek nem tartalmaznak cs\u00f6veket, amelyekhez a cs\u0151cs\u00f6vek nem tartoznak: A cs\u00f6vek \u00f6sszeszerel\u00e9sekor k\u00e9rj\u00fck, vegye figyelembe a k\u00f6vetkez\u0151ket: Ha a cs\u0151 nagyon nehezen illeszkedik az \u00f6sszek\u00f6t\u0151 aljzatra,","protected":false},"featured_media":4921,"comment_status":"open","ping_status":"closed","template":"","meta":{"_acf_changed":false,"content-type":"","_monsterinsights_skip_tracking":false,"_monsterinsights_sitenote_active":false,"_monsterinsights_sitenote_note":"","_monsterinsights_sitenote_category":0},"product_brand":[],"product_cat":[345],"product_tag":[],"class_list":{"0":"post-4726","1":"product","2":"type-product","3":"status-publish","4":"has-post-thumbnail","6":"product_cat-pipe-connectors","8":"first","9":"instock","10":"taxable","11":"shipping-taxable","12":"purchasable","13":"product-type-simple"},"acf":[],"aioseo_notices":[],"jetpack_sharing_enabled":true,"_links":{"self":[{"href":"https:\/\/antcube.shop\/hu\/wp-json\/wp\/v2\/product\/4726","targetHints":{"allow":["GET"]}}],"collection":[{"href":"https:\/\/antcube.shop\/hu\/wp-json\/wp\/v2\/product"}],"about":[{"href":"https:\/\/antcube.shop\/hu\/wp-json\/wp\/v2\/types\/product"}],"replies":[{"embeddable":true,"href":"https:\/\/antcube.shop\/hu\/wp-json\/wp\/v2\/comments?post=4726"}],"wp:featuredmedia":[{"embeddable":true,"href":"https:\/\/antcube.shop\/hu\/wp-json\/wp\/v2\/media\/4921"}],"wp:attachment":[{"href":"https:\/\/antcube.shop\/hu\/wp-json\/wp\/v2\/media?parent=4726"}],"wp:term":[{"taxonomy":"product_brand","embeddable":true,"href":"https:\/\/antcube.shop\/hu\/wp-json\/wp\/v2\/product_brand?post=4726"},{"taxonomy":"product_cat","embeddable":true,"href":"https:\/\/antcube.shop\/hu\/wp-json\/wp\/v2\/product_cat?post=4726"},{"taxonomy":"product_tag","embeddable":true,"href":"https:\/\/antcube.shop\/hu\/wp-json\/wp\/v2\/product_tag?post=4726"}],"curies":[{"name":"wp","href":"https:\/\/api.w.org\/{rel}","templated":true}]}}