{"id":4725,"date":"2022-11-14T15:02:22","date_gmt":"2022-11-14T14:02:22","guid":{"rendered":"https:\/\/antcube.shop\/produkt\/rohrverbinder-glasklar-fur-50mm-t\/"},"modified":"2026-03-26T18:04:54","modified_gmt":"2026-03-26T17:04:54","slug":"rohrverbinder-glasklar-fur-50mm-t","status":"publish","type":"product","link":"https:\/\/antcube.shop\/hu\/termek\/rohrverbinder-glasklar-fur-50mm-t\/","title":{"rendered":"Krist\u00e1lytiszta cs\u0151csatlakoz\u00f3 50 mm-es cs\u0151h\u00f6z - T"},"content":{"rendered":"<p><strong>M\u00e9retek (LxBxH):<\/strong><br \/>\n<strong>Bels\u0151 \u00e1tm\u00e9r\u0151:<\/strong> 50mm<\/p>\n<p><strong>Anyag:<\/strong> Akril<\/p>\n<p><strong>Sz\u00edn:<\/strong> Sz\u00edntelen\/\u00e1tl\u00e1tsz\u00f3\/tiszta<\/p>\n<p><strong>Tartalom:<\/strong> 1db.<\/p>\n<p><strong>M\u0171szaki adatok:<\/strong><br \/>\nCs\u0151csatlakoz\u00f3 T alak\u00fa akril 60 mm \u00e1tm\u00e9r\u0151j\u0171 50 mm-es cs\u0151h\u00f6z.<\/p>\n<p><strong>Le\u00edr\u00e1s:<\/strong><br \/>\n\u00c1tl\u00e1tsz\u00f3 akrilb\u00f3l k\u00e9sz\u00fclt cs\u0151csatlakoz\u00f3 akrilcs\u00f6vek \u00f6sszek\u00f6t\u00e9s\u00e9re.<\/p>\n<p><strong>\u00c9rtes\u00edt\u00e9s:<\/strong><br \/>\nA cs\u00f6vek \u00f6sszeszerel\u00e9sekor k\u00e9rj\u00fck, vegye figyelembe a k\u00f6vetkez\u0151ket:<br \/>\nAz akril anyagtulajdons\u00e1gai miatt a nyom\u00e1st \u00e9s a t\u0151ke\u00e1tt\u00e9telt mindenk\u00e9ppen el kell ker\u00fclni. Ha a csatlakoztat\u00e1s neh\u00e9zkes, k\u00e9rj\u00fck, \u00f3vatos csavar\u00f3 mozdulatokkal csatlakoztassa, \u00e9s sz\u00fcks\u00e9g eset\u00e9n kenje be egy kis kit\u00f6r\u00e9sg\u00e1tl\u00f3 olajjal.<\/p>","protected":false},"excerpt":{"rendered":"<p>M\u00e9retek (LxSxH): 8,5x6,0x8,5cm Bels\u0151 \u00e1tm\u00e9r\u0151: 50mm Anyag: Anyag: Akril Sz\u00edn: Sz\u00edntelen\/\u00e1tl\u00e1tsz\u00f3\/\u00e1tl\u00e1tsz\u00f3: 1db. Technikai specifik\u00e1ci\u00f3k: Cs\u0151csatlakoz\u00f3 L alak\u00fa akril \u00e1tm\u00e9r\u0151 60mm 50mm-es cs\u0151h\u00f6z. Le\u00edr\u00e1s: \u00c1tl\u00e1tsz\u00f3 akrilb\u00f3l k\u00e9sz\u00fclt cs\u0151csatlakoz\u00f3 akril cs\u00f6vek \u00f6sszek\u00f6t\u00e9s\u00e9re. Figyelmeztet\u00e9s: A cs\u0151cs\u0151cs\u00f6vekb\u0151l k\u00e9sz\u00fclt cs\u0151cs\u00f6vekb\u0151l k\u00e9sz\u00fclt cs\u0151cs\u0151cs\u00f6vek a k\u00f6vetkez\u0151kb\u0151l \u00e1llnak: A cs\u00f6vek \u00f6sszeszerel\u00e9sekor k\u00e9rj\u00fck, vegye figyelembe a k\u00f6vetkez\u0151ket: Az akril anyagtulajdons\u00e1gai miatt a nyom\u00e1snak \u00e9s a t\u0151ke\u00e1tt\u00e9telnek kell","protected":false},"featured_media":4927,"comment_status":"open","ping_status":"closed","template":"","meta":{"_acf_changed":false,"content-type":"","_monsterinsights_skip_tracking":false,"_monsterinsights_sitenote_active":false,"_monsterinsights_sitenote_note":"","_monsterinsights_sitenote_category":0},"product_brand":[],"product_cat":[345],"product_tag":[],"class_list":{"0":"post-4725","1":"product","2":"type-product","3":"status-publish","4":"has-post-thumbnail","6":"product_cat-pipe-connectors","8":"first","9":"instock","10":"taxable","11":"shipping-taxable","12":"purchasable","13":"product-type-simple"},"acf":[],"aioseo_notices":[],"jetpack_sharing_enabled":true,"_links":{"self":[{"href":"https:\/\/antcube.shop\/hu\/wp-json\/wp\/v2\/product\/4725","targetHints":{"allow":["GET"]}}],"collection":[{"href":"https:\/\/antcube.shop\/hu\/wp-json\/wp\/v2\/product"}],"about":[{"href":"https:\/\/antcube.shop\/hu\/wp-json\/wp\/v2\/types\/product"}],"replies":[{"embeddable":true,"href":"https:\/\/antcube.shop\/hu\/wp-json\/wp\/v2\/comments?post=4725"}],"wp:featuredmedia":[{"embeddable":true,"href":"https:\/\/antcube.shop\/hu\/wp-json\/wp\/v2\/media\/4927"}],"wp:attachment":[{"href":"https:\/\/antcube.shop\/hu\/wp-json\/wp\/v2\/media?parent=4725"}],"wp:term":[{"taxonomy":"product_brand","embeddable":true,"href":"https:\/\/antcube.shop\/hu\/wp-json\/wp\/v2\/product_brand?post=4725"},{"taxonomy":"product_cat","embeddable":true,"href":"https:\/\/antcube.shop\/hu\/wp-json\/wp\/v2\/product_cat?post=4725"},{"taxonomy":"product_tag","embeddable":true,"href":"https:\/\/antcube.shop\/hu\/wp-json\/wp\/v2\/product_tag?post=4725"}],"curies":[{"name":"wp","href":"https:\/\/api.w.org\/{rel}","templated":true}]}}