{"id":4721,"date":"2022-11-14T15:01:16","date_gmt":"2022-11-14T14:01:16","guid":{"rendered":"https:\/\/antcube.shop\/produkt\/klemmhalter-federstahl-fur-50mm\/"},"modified":"2026-03-06T16:57:11","modified_gmt":"2026-03-06T15:57:11","slug":"klemmhalter-federstahl-szorme-50mm","status":"publish","type":"product","link":"https:\/\/antcube.shop\/hu\/termek\/klemmhalter-federstahl-szorme-50mm\/","title":{"rendered":"Fog\u00f3tart\u00f3 - rug\u00f3ac\u00e9l 50 mm-es"},"content":{"rendered":"<p><strong>M\u00e9retek:<\/strong> 4,5\u00d71,3\u00d76,3 cm<\/p>\n<p><strong>Anyag:<\/strong> rug\u00f3ac\u00e9l<\/p>\n<p><strong>Sz\u00edn:<\/strong> ac\u00e9lsz\u00fcrke<\/p>\n<p><strong>Tartalom:<\/strong> 1 darab<\/p>\n<p><strong>Le\u00edr\u00e1s:<\/strong><br \/>\nR\u00f6gz\u00edt\u0151 tart\u00f3 csavaroz\u00e1sra cs\u00f6vek \u00e9s t\u00f6ml\u0151k sz\u00e1m\u00e1ra. Alkalmas 50 mm-es cs\u00f6vekhez\/t\u00f6ml\u0151kh\u00f6z. Csavarfurat 3,5 mm \u00e1tm\u00e9r\u0151j\u0171.<br \/>\n(A csavarokat nem tartalmazza)<\/p>","protected":false},"excerpt":{"rendered":"<p><span style=\"color: #000000;\">\u00d8 50 mm<\/span><\/p>","protected":false},"featured_media":4922,"comment_status":"open","ping_status":"closed","template":"","meta":{"_acf_changed":false,"content-type":"","_monsterinsights_skip_tracking":false,"_monsterinsights_sitenote_active":false,"_monsterinsights_sitenote_note":"","_monsterinsights_sitenote_category":0},"product_brand":[],"product_cat":[120],"product_tag":[],"class_list":{"0":"post-4721","1":"product","2":"type-product","3":"status-publish","4":"has-post-thumbnail","6":"product_cat-hoses","8":"first","9":"instock","10":"taxable","11":"shipping-taxable","12":"purchasable","13":"product-type-simple"},"acf":[],"aioseo_notices":[],"jetpack_sharing_enabled":true,"_links":{"self":[{"href":"https:\/\/antcube.shop\/hu\/wp-json\/wp\/v2\/product\/4721","targetHints":{"allow":["GET"]}}],"collection":[{"href":"https:\/\/antcube.shop\/hu\/wp-json\/wp\/v2\/product"}],"about":[{"href":"https:\/\/antcube.shop\/hu\/wp-json\/wp\/v2\/types\/product"}],"replies":[{"embeddable":true,"href":"https:\/\/antcube.shop\/hu\/wp-json\/wp\/v2\/comments?post=4721"}],"wp:featuredmedia":[{"embeddable":true,"href":"https:\/\/antcube.shop\/hu\/wp-json\/wp\/v2\/media\/4922"}],"wp:attachment":[{"href":"https:\/\/antcube.shop\/hu\/wp-json\/wp\/v2\/media?parent=4721"}],"wp:term":[{"taxonomy":"product_brand","embeddable":true,"href":"https:\/\/antcube.shop\/hu\/wp-json\/wp\/v2\/product_brand?post=4721"},{"taxonomy":"product_cat","embeddable":true,"href":"https:\/\/antcube.shop\/hu\/wp-json\/wp\/v2\/product_cat?post=4721"},{"taxonomy":"product_tag","embeddable":true,"href":"https:\/\/antcube.shop\/hu\/wp-json\/wp\/v2\/product_tag?post=4721"}],"curies":[{"name":"wp","href":"https:\/\/api.w.org\/{rel}","templated":true}]}}