{"id":4720,"date":"2022-11-14T15:01:00","date_gmt":"2022-11-14T14:01:00","guid":{"rendered":"https:\/\/antcube.shop\/produkt\/formicarium-schraubbuchse-fur-50mm-bohrung-transparent\/"},"modified":"2025-10-19T12:40:25","modified_gmt":"2025-10-19T10:40:25","slug":"formicarium-schraubbuchse-fur-50mm-bohrung-transzparens","status":"publish","type":"product","link":"https:\/\/antcube.shop\/hu\/termek\/formicarium-schraubbuchse-fur-50mm-bohrung-transzparens\/","title":{"rendered":"Formicarium csavarh\u00fcvely 50 mm-es furathoz - \u00e1tl\u00e1tsz\u00f3"},"content":{"rendered":"<p><strong>Tartalom:<\/strong> 1 db.<\/p>\n<p><strong>M\u00e9retek:<\/strong> 68 x 68 x 46 mm (49 mm-es foglalat)<\/p>\n<p><strong>Anyag:<\/strong> M\u0171anyag<\/p>\n<p><strong>Sz\u00edn:<\/strong> \u00c1tl\u00e1tsz\u00f3<\/p>\n<p><strong>Le\u00edr\u00e1s:<\/strong><br \/>\nEz a term\u00e9k egy medencecs\u0151 csatlakoz\u00f3.<br \/>\nAz 50 mm-es megfelel\u0151 cs\u0151csatlakoz\u00f3kr\u00f3l, t\u00f6bb 50 mm-es cs\u00f6vet vagy t\u00f6bb Formicarient csatlakoztathat ezzel a medencecs\u0151csatlakoz\u00f3val.<br \/>\nOpcion\u00e1lisan egy 60 mm-es cs\u0151 (60\/56 mm) is csatlakoztathat\u00f3 az 50 mm-es t\u00f6m\u00edt\u0151gy\u0171r\u0171n kereszt\u00fcl.<br \/>\nVagy burkolat eset\u00e9n a vil\u00e1g\u00edt\u00f3testekhez megfelel\u0151 porcel\u00e1n foglalatokat lehet haszn\u00e1lni.<\/p>\n<p><strong>\u00c9rtes\u00edt\u00e9s:<\/strong><br \/>\nMivel ennek az aljzatnak az \u00e1tm\u00e9r\u0151je 50 mm helyett csak 49 mm, a t\u00f6m\u00edt\u0151gy\u0171r\u0171kre vagy a krist\u00e1lytiszta ragaszt\u00f3f\u00f3li\u00e1b\u00f3l k\u00e9sz\u00fclt tekercsre van sz\u00fcks\u00e9ge, hogy el\u00e9rje az 50 mm-es \u00e1tm\u00e9r\u0151t a szoros csatlakoz\u00e1shoz.<\/p>","protected":false},"excerpt":{"rendered":"<p>Tartalom: 1 db. M\u00e9retek: Anyag: 68 x 68 x 46 mm (49 mm-es foglalat): Anyag: M\u0171anyag Sz\u00edn: \u00e1tl\u00e1tsz\u00f3 Le\u00edr\u00e1s: Anyag: M\u0171anyag, m\u0171anyag, sz\u00edn: \u00c1tl\u00e1tsz\u00f3: Ez a term\u00e9k egy kismedencei cs\u0151csatlakoz\u00f3. A hozz\u00e1ill\u0151 50mm-es cs\u0151csatlakoz\u00f3kr\u00f3l, t\u00f6bb 50mm-es cs\u00f6vet vagy t\u00f6bb Formicarient tud csatlakoztatni ezzel a medencecs\u0151csatlakoz\u00f3val. Opcion\u00e1lisan egy 60mm-es cs\u0151 (60\/56mm) csatlakoztat\u00e1s\u00e1ra is lehet\u0151s\u00e9g van a k\u00f6vetkez\u0151k\u00f6n kereszt\u00fcl","protected":false},"featured_media":4924,"comment_status":"open","ping_status":"closed","template":"","meta":{"_acf_changed":false,"content-type":"","_monsterinsights_skip_tracking":false,"_monsterinsights_sitenote_active":false,"_monsterinsights_sitenote_note":"","_monsterinsights_sitenote_category":0},"product_brand":[],"product_cat":[345],"product_tag":[],"class_list":{"0":"post-4720","1":"product","2":"type-product","3":"status-publish","4":"has-post-thumbnail","6":"product_cat-pipe-connectors","8":"first","9":"outofstock","10":"taxable","11":"shipping-taxable","12":"purchasable","13":"product-type-simple"},"acf":[],"aioseo_notices":[],"jetpack_sharing_enabled":true,"_links":{"self":[{"href":"https:\/\/antcube.shop\/hu\/wp-json\/wp\/v2\/product\/4720","targetHints":{"allow":["GET"]}}],"collection":[{"href":"https:\/\/antcube.shop\/hu\/wp-json\/wp\/v2\/product"}],"about":[{"href":"https:\/\/antcube.shop\/hu\/wp-json\/wp\/v2\/types\/product"}],"replies":[{"embeddable":true,"href":"https:\/\/antcube.shop\/hu\/wp-json\/wp\/v2\/comments?post=4720"}],"wp:featuredmedia":[{"embeddable":true,"href":"https:\/\/antcube.shop\/hu\/wp-json\/wp\/v2\/media\/4924"}],"wp:attachment":[{"href":"https:\/\/antcube.shop\/hu\/wp-json\/wp\/v2\/media?parent=4720"}],"wp:term":[{"taxonomy":"product_brand","embeddable":true,"href":"https:\/\/antcube.shop\/hu\/wp-json\/wp\/v2\/product_brand?post=4720"},{"taxonomy":"product_cat","embeddable":true,"href":"https:\/\/antcube.shop\/hu\/wp-json\/wp\/v2\/product_cat?post=4720"},{"taxonomy":"product_tag","embeddable":true,"href":"https:\/\/antcube.shop\/hu\/wp-json\/wp\/v2\/product_tag?post=4720"}],"curies":[{"name":"wp","href":"https:\/\/api.w.org\/{rel}","templated":true}]}}