{"id":4718,"date":"2022-11-14T15:00:29","date_gmt":"2022-11-14T14:00:29","guid":{"rendered":"https:\/\/antcube.shop\/produkt\/dschungelliane-o-10-mm\/"},"modified":"2026-03-23T09:46:08","modified_gmt":"2026-03-23T08:46:08","slug":"dschungelliane-o-10-mm","status":"publish","type":"product","link":"https:\/\/antcube.shop\/hu\/termek\/dschungelliane-o-10-mm\/","title":{"rendered":"Dzsungel li\u00e1nok - \u00d8 10 mm"},"content":{"rendered":"<p><strong>Le\u00edr\u00e1s:<\/strong><br \/>\nEz a term\u00e9szetes megjelen\u00e9s\u0171 inda kiv\u00e1l\u00f3 t\u00e1maszt ny\u00fajt, r\u00e1ad\u00e1sul nagyon rugalmas \u00e9s forgathat\u00f3. Ez\u00e1ltal ide\u00e1lis a f\u00e1n \u00e9l\u0151 hangyafajok sz\u00e1m\u00e1ra, valamint m\u00e1sz\u00e1si seg\u00e9deszk\u00f6zk\u00e9nt akrilcs\u00f6vekben \u00e9s formik\u00e1riumokban. A li\u00e1n haszn\u00e1lat\u00e1val egy 3 dimenzi\u00f3s \u00e9l\u0151hely j\u00f6n l\u00e9tre, amely nagyobb mozg\u00e1steret biztos\u00edt. R\u00e1ad\u00e1sul a li\u00e1nok k\u00f6nnyen tiszt\u00edthat\u00f3k a v\u00edztasz\u00edt\u00f3 anyaguknak k\u00f6sz\u00f6nhet\u0151en.<\/p>\n<p><strong>M\u00e9retek:<\/strong><br \/>\n200 x 1 x 1 cm<\/p>\n<p>&nbsp;<\/p>\n<p>&nbsp;<\/p>","protected":false},"excerpt":{"rendered":"<p>M\u00e9ret: 200 x 1 x 1 cm<\/p>","protected":false},"featured_media":4937,"comment_status":"open","ping_status":"closed","template":"","meta":{"_acf_changed":false,"content-type":"","_monsterinsights_skip_tracking":false,"_monsterinsights_sitenote_active":false,"_monsterinsights_sitenote_note":"","_monsterinsights_sitenote_category":0},"product_brand":[],"product_cat":[95,98,100],"product_tag":[],"class_list":{"0":"post-4718","1":"product","2":"type-product","3":"status-publish","4":"has-post-thumbnail","6":"product_cat-accessories-for-ants","7":"product_cat-decoration","8":"product_cat-rainforest","10":"first","11":"instock","12":"taxable","13":"shipping-taxable","14":"purchasable","15":"product-type-simple"},"acf":[],"aioseo_notices":[],"jetpack_sharing_enabled":true,"_links":{"self":[{"href":"https:\/\/antcube.shop\/hu\/wp-json\/wp\/v2\/product\/4718","targetHints":{"allow":["GET"]}}],"collection":[{"href":"https:\/\/antcube.shop\/hu\/wp-json\/wp\/v2\/product"}],"about":[{"href":"https:\/\/antcube.shop\/hu\/wp-json\/wp\/v2\/types\/product"}],"replies":[{"embeddable":true,"href":"https:\/\/antcube.shop\/hu\/wp-json\/wp\/v2\/comments?post=4718"}],"wp:featuredmedia":[{"embeddable":true,"href":"https:\/\/antcube.shop\/hu\/wp-json\/wp\/v2\/media\/4937"}],"wp:attachment":[{"href":"https:\/\/antcube.shop\/hu\/wp-json\/wp\/v2\/media?parent=4718"}],"wp:term":[{"taxonomy":"product_brand","embeddable":true,"href":"https:\/\/antcube.shop\/hu\/wp-json\/wp\/v2\/product_brand?post=4718"},{"taxonomy":"product_cat","embeddable":true,"href":"https:\/\/antcube.shop\/hu\/wp-json\/wp\/v2\/product_cat?post=4718"},{"taxonomy":"product_tag","embeddable":true,"href":"https:\/\/antcube.shop\/hu\/wp-json\/wp\/v2\/product_tag?post=4718"}],"curies":[{"name":"wp","href":"https:\/\/api.w.org\/{rel}","templated":true}]}}