{"id":4716,"date":"2022-11-14T14:59:57","date_gmt":"2022-11-14T13:59:57","guid":{"rendered":"https:\/\/antcube.shop\/produkt\/gittereinsatz-acryl-50-mm-klar-fein\/"},"modified":"2026-04-13T10:49:01","modified_gmt":"2026-04-13T08:49:01","slug":"gittereinsatz-acryl-50-mm-klar-fein-2","status":"publish","type":"product","link":"https:\/\/antcube.shop\/hu\/termek\/gittereinsatz-acryl-50-mm-klar-fein-2\/","title":{"rendered":"R\u00e1csbet\u00e9t akril 50 mm - \u00e1tl\u00e1tsz\u00f3 - finom"},"content":{"rendered":"<p><strong>Mennyis\u00e9g:<\/strong> 1 darab<\/p>\n<p><strong>M\u00e9retek:<\/strong> 60x10mm<\/p>\n<p><strong>Sz\u00edn:<\/strong> tiszta<\/p>\n<p><strong>Anyag:<\/strong> m\u0171anyag, rozsdamentes ac\u00e9l<\/p>\n<p><strong>Le\u00edr\u00e1s:<\/strong> 50 mm-es dugaszolhat\u00f3 \u00e1tm\u00e9r\u0151j\u0171 szell\u0151z\u0151r\u00e1cs az 50 mm-es \u00e1tm\u00e9r\u0151j\u0171 ny\u00edl\u00e1sok lez\u00e1r\u00e1s\u00e1hoz. Tartalmazza a cikket: \"R\u00e1csbet\u00e9t akril 50 mm - \u00e1tl\u00e1tsz\u00f3\" egy nagyon finom, nagyon robusztus rozsdamentes ac\u00e9lr\u00e1ccsal (0,2-0,3 mm) kombin\u00e1lva, amely megakad\u00e1lyozza, hogy m\u00e9g a kis hangy\u00e1k is kit\u00f6rjenek a r\u00e1csbet\u00e9t sz\u00e9les szell\u0151z\u0151ny\u00edl\u00e1sain kereszt\u00fcl. Nagyon er\u0151s harap\u00e1s\u00fa fajok, mint p\u00e9ld\u00e1ul a lev\u00e9lv\u00e1g\u00f3 hangy\u00e1k eset\u00e9ben is alkalmas!<\/p>","protected":false},"excerpt":{"rendered":"<p>50 mm \u00e1tm\u00e9r\u0151j\u0171 lyukakhoz\/ny\u00edl\u00e1sokhoz.<\/p>","protected":false},"featured_media":4809,"comment_status":"open","ping_status":"closed","template":"","meta":{"_acf_changed":false,"content-type":"","_monsterinsights_skip_tracking":false,"_monsterinsights_sitenote_active":false,"_monsterinsights_sitenote_note":"","_monsterinsights_sitenote_category":0},"product_brand":[],"product_cat":[238],"product_tag":[],"class_list":{"0":"post-4716","1":"product","2":"type-product","3":"status-publish","4":"has-post-thumbnail","6":"product_cat-grid-caps-plugs-and-inserts","8":"first","9":"instock","10":"taxable","11":"shipping-taxable","12":"purchasable","13":"product-type-simple"},"acf":[],"aioseo_notices":[],"jetpack_sharing_enabled":true,"_links":{"self":[{"href":"https:\/\/antcube.shop\/hu\/wp-json\/wp\/v2\/product\/4716","targetHints":{"allow":["GET"]}}],"collection":[{"href":"https:\/\/antcube.shop\/hu\/wp-json\/wp\/v2\/product"}],"about":[{"href":"https:\/\/antcube.shop\/hu\/wp-json\/wp\/v2\/types\/product"}],"replies":[{"embeddable":true,"href":"https:\/\/antcube.shop\/hu\/wp-json\/wp\/v2\/comments?post=4716"}],"wp:featuredmedia":[{"embeddable":true,"href":"https:\/\/antcube.shop\/hu\/wp-json\/wp\/v2\/media\/4809"}],"wp:attachment":[{"href":"https:\/\/antcube.shop\/hu\/wp-json\/wp\/v2\/media?parent=4716"}],"wp:term":[{"taxonomy":"product_brand","embeddable":true,"href":"https:\/\/antcube.shop\/hu\/wp-json\/wp\/v2\/product_brand?post=4716"},{"taxonomy":"product_cat","embeddable":true,"href":"https:\/\/antcube.shop\/hu\/wp-json\/wp\/v2\/product_cat?post=4716"},{"taxonomy":"product_tag","embeddable":true,"href":"https:\/\/antcube.shop\/hu\/wp-json\/wp\/v2\/product_tag?post=4716"}],"curies":[{"name":"wp","href":"https:\/\/api.w.org\/{rel}","templated":true}]}}