{"id":4715,"date":"2022-11-14T14:59:42","date_gmt":"2022-11-14T13:59:42","guid":{"rendered":"https:\/\/antcube.shop\/produkt\/nadelstreu-klein-20g\/"},"modified":"2026-04-05T12:30:17","modified_gmt":"2026-04-05T10:30:17","slug":"nadelstreu-klein-20g-2","status":"publish","type":"product","link":"https:\/\/antcube.shop\/hu\/termek\/nadelstreu-klein-20g-2\/","title":{"rendered":"T\u0171s alom - kicsi - 20g"},"content":{"rendered":"<p><strong>M\u00e9retek (hossz):<\/strong> 7-12 mm<\/p>\n<p><strong>Anyag:<\/strong> v\u00f6r\u00f6sfeny\u0151 t\u0171levelek. Term\u00e9szetes term\u00e9k<\/p>\n<p><strong>Sz\u00edn:<\/strong> B\u00e9zs, s\u00f6t\u00e9tbarna, z\u00f6ld<\/p>\n<p><strong>Le\u00edr\u00e1s:<\/strong> Sz\u00e1r\u00edtott t\u0171levelek dekor\u00e1ci\u00f3s c\u00e9lokra.<\/p>\n<p><strong>Megjegyz\u00e9s:<\/strong> a t\u0171k sz\u00e1rad\u00e1si fok\u00e1t\u00f3l f\u00fcgg\u0151en z\u00f6ld, b\u00e9zs vagy barn\u00e1t\u00f3l a s\u00f6t\u00e9tbarn\u00e1ig terjed\u0151 sz\u00edn\u0171ek lehetnek. A t\u0171k id\u0151vel tov\u00e1bb sz\u00e1radnak \u00e9s vesz\u00edtenek sz\u00edn\u00fckb\u0151l, legk\u00e9s\u0151bb a barna \u00e1rnyalatot el\u00e9rve.<\/p>","protected":false},"excerpt":{"rendered":"<p><strong>Hossz\u00fas\u00e1g: <\/strong>7-12 mm<\/p>","protected":false},"featured_media":4942,"comment_status":"open","ping_status":"closed","template":"","meta":{"_acf_changed":false,"content-type":"","_monsterinsights_skip_tracking":false,"_monsterinsights_sitenote_active":false,"_monsterinsights_sitenote_note":"","_monsterinsights_sitenote_category":0},"product_brand":[],"product_cat":[95,98,101],"product_tag":[],"class_list":{"0":"post-4715","1":"product","2":"type-product","3":"status-publish","4":"has-post-thumbnail","6":"product_cat-accessories-for-ants","7":"product_cat-decoration","8":"product_cat-forest","10":"first","11":"instock","12":"taxable","13":"shipping-taxable","14":"purchasable","15":"product-type-simple"},"acf":[],"aioseo_notices":[],"jetpack_sharing_enabled":true,"_links":{"self":[{"href":"https:\/\/antcube.shop\/hu\/wp-json\/wp\/v2\/product\/4715","targetHints":{"allow":["GET"]}}],"collection":[{"href":"https:\/\/antcube.shop\/hu\/wp-json\/wp\/v2\/product"}],"about":[{"href":"https:\/\/antcube.shop\/hu\/wp-json\/wp\/v2\/types\/product"}],"replies":[{"embeddable":true,"href":"https:\/\/antcube.shop\/hu\/wp-json\/wp\/v2\/comments?post=4715"}],"wp:featuredmedia":[{"embeddable":true,"href":"https:\/\/antcube.shop\/hu\/wp-json\/wp\/v2\/media\/4942"}],"wp:attachment":[{"href":"https:\/\/antcube.shop\/hu\/wp-json\/wp\/v2\/media?parent=4715"}],"wp:term":[{"taxonomy":"product_brand","embeddable":true,"href":"https:\/\/antcube.shop\/hu\/wp-json\/wp\/v2\/product_brand?post=4715"},{"taxonomy":"product_cat","embeddable":true,"href":"https:\/\/antcube.shop\/hu\/wp-json\/wp\/v2\/product_cat?post=4715"},{"taxonomy":"product_tag","embeddable":true,"href":"https:\/\/antcube.shop\/hu\/wp-json\/wp\/v2\/product_tag?post=4715"}],"curies":[{"name":"wp","href":"https:\/\/api.w.org\/{rel}","templated":true}]}}