{"id":4714,"date":"2022-11-14T14:59:26","date_gmt":"2022-11-14T13:59:26","guid":{"rendered":"https:\/\/antcube.shop\/produkt\/fichtennadeln-100g\/"},"modified":"2026-04-09T14:37:31","modified_gmt":"2026-04-09T12:37:31","slug":"lucfenyo-tuk-100g","status":"publish","type":"product","link":"https:\/\/antcube.shop\/hu\/termek\/lucfenyo-tuk-100g\/","title":{"rendered":"Lucfeny\u0151 t\u0171levelek 100g"},"content":{"rendered":"<p><strong>Hossz\u00fas\u00e1g:<\/strong> 2cm<\/p>\n<p><strong>Le\u00edr\u00e1s:<\/strong> a t\u0171ket megtiszt\u00edtott\u00e1k, \u00e9s nem tartalmaznak k\u00e1ros anyagokat, \u00edgy azonnal felhaszn\u00e1lhat\u00f3k a d\u00edsz\u00edt\u00e9shez.<\/p>\n<p><strong>Megjegyz\u00e9s:<\/strong> a t\u0171k sz\u00e1rad\u00e1si fok\u00e1t\u00f3l f\u00fcgg\u0151en z\u00f6ld, b\u00e9zs vagy barn\u00e1t\u00f3l a s\u00f6t\u00e9tbarn\u00e1ig terjed\u0151 sz\u00edn\u0171ek lehetnek. A t\u0171k id\u0151vel tov\u00e1bb sz\u00e1radnak \u00e9s vesz\u00edtenek a sz\u00edn\u00fckb\u0151l, \u00e9s legk\u00e9s\u0151bb barna t\u00f3nust \u00e9rnek el.<\/p>","protected":false},"excerpt":{"rendered":"<p>hossz\u00fas\u00e1g: 2cm<\/p>","protected":false},"featured_media":4947,"comment_status":"open","ping_status":"closed","template":"","meta":{"_acf_changed":false,"content-type":"","_monsterinsights_skip_tracking":false,"_monsterinsights_sitenote_active":false,"_monsterinsights_sitenote_note":"","_monsterinsights_sitenote_category":0},"product_brand":[],"product_cat":[95,98,101],"product_tag":[],"class_list":{"0":"post-4714","1":"product","2":"type-product","3":"status-publish","4":"has-post-thumbnail","6":"product_cat-accessories-for-ants","7":"product_cat-decoration","8":"product_cat-forest","10":"first","11":"instock","12":"taxable","13":"shipping-taxable","14":"purchasable","15":"product-type-simple"},"acf":[],"aioseo_notices":[],"jetpack_sharing_enabled":true,"_links":{"self":[{"href":"https:\/\/antcube.shop\/hu\/wp-json\/wp\/v2\/product\/4714","targetHints":{"allow":["GET"]}}],"collection":[{"href":"https:\/\/antcube.shop\/hu\/wp-json\/wp\/v2\/product"}],"about":[{"href":"https:\/\/antcube.shop\/hu\/wp-json\/wp\/v2\/types\/product"}],"replies":[{"embeddable":true,"href":"https:\/\/antcube.shop\/hu\/wp-json\/wp\/v2\/comments?post=4714"}],"wp:featuredmedia":[{"embeddable":true,"href":"https:\/\/antcube.shop\/hu\/wp-json\/wp\/v2\/media\/4947"}],"wp:attachment":[{"href":"https:\/\/antcube.shop\/hu\/wp-json\/wp\/v2\/media?parent=4714"}],"wp:term":[{"taxonomy":"product_brand","embeddable":true,"href":"https:\/\/antcube.shop\/hu\/wp-json\/wp\/v2\/product_brand?post=4714"},{"taxonomy":"product_cat","embeddable":true,"href":"https:\/\/antcube.shop\/hu\/wp-json\/wp\/v2\/product_cat?post=4714"},{"taxonomy":"product_tag","embeddable":true,"href":"https:\/\/antcube.shop\/hu\/wp-json\/wp\/v2\/product_tag?post=4714"}],"curies":[{"name":"wp","href":"https:\/\/api.w.org\/{rel}","templated":true}]}}