{"id":4713,"date":"2022-11-14T14:59:11","date_gmt":"2022-11-14T13:59:11","guid":{"rendered":"https:\/\/antcube.shop\/produkt\/nestkugel-natur-10-cm-grob\/"},"modified":"2026-04-24T17:04:22","modified_gmt":"2026-04-24T15:04:22","slug":"nestkugel-natur-10-cm-grob-2","status":"publish","type":"product","link":"https:\/\/antcube.shop\/hu\/termek\/nestkugel-natur-10-cm-grob-2\/","title":{"rendered":"F\u00e9szeklabda term\u00e9szetes 10 cm - durva"},"content":{"rendered":"<p><strong>M\u00e9retek:<\/strong> 10cm \u00e1tm\u00e9r\u0151j\u0171<\/p>\n<p><strong>Sz\u00edn:<\/strong> barna \/ b\u00e9zs<\/p>\n<p><strong>Anyag:<\/strong> sz\u0151l\u0151<\/p>\n<p><strong>Le\u00edr\u00e1s:<\/strong> Az \u00fcreg ide\u00e1lis b\u00fav\u00f3- \u00e9s f\u00e9szkel\u00e9si lehet\u0151s\u00e9get k\u00edn\u00e1l a sz\u00f6v\u0151hangy\u00e1knak.<\/p>\n<p><strong>Megjegyz\u00e9s:<\/strong> Mivel ez egy term\u00e9szetes term\u00e9k, a k\u00e9p elt\u00e9rhet a sz\u00e1ll\u00edtott \u00e1rut\u00f3l.<\/p>\n<p>&nbsp;<\/p>\n<p>&nbsp;<\/p>","protected":false},"excerpt":{"rendered":"<p>M\u00e9ret: 10 x 10 x 10 cm<\/p>","protected":false},"featured_media":4952,"comment_status":"open","ping_status":"closed","template":"","meta":{"_acf_changed":false,"content-type":"","_monsterinsights_skip_tracking":false,"_monsterinsights_sitenote_active":false,"_monsterinsights_sitenote_note":"","_monsterinsights_sitenote_category":0},"product_brand":[],"product_cat":[95,98,99],"product_tag":[],"class_list":{"0":"post-4713","1":"product","2":"type-product","3":"status-publish","4":"has-post-thumbnail","6":"product_cat-accessories-for-ants","7":"product_cat-decoration","8":"product_cat-desert","10":"first","11":"instock","12":"taxable","13":"shipping-taxable","14":"purchasable","15":"product-type-simple"},"acf":[],"aioseo_notices":[],"jetpack_sharing_enabled":true,"_links":{"self":[{"href":"https:\/\/antcube.shop\/hu\/wp-json\/wp\/v2\/product\/4713","targetHints":{"allow":["GET"]}}],"collection":[{"href":"https:\/\/antcube.shop\/hu\/wp-json\/wp\/v2\/product"}],"about":[{"href":"https:\/\/antcube.shop\/hu\/wp-json\/wp\/v2\/types\/product"}],"replies":[{"embeddable":true,"href":"https:\/\/antcube.shop\/hu\/wp-json\/wp\/v2\/comments?post=4713"}],"wp:featuredmedia":[{"embeddable":true,"href":"https:\/\/antcube.shop\/hu\/wp-json\/wp\/v2\/media\/4952"}],"wp:attachment":[{"href":"https:\/\/antcube.shop\/hu\/wp-json\/wp\/v2\/media?parent=4713"}],"wp:term":[{"taxonomy":"product_brand","embeddable":true,"href":"https:\/\/antcube.shop\/hu\/wp-json\/wp\/v2\/product_brand?post=4713"},{"taxonomy":"product_cat","embeddable":true,"href":"https:\/\/antcube.shop\/hu\/wp-json\/wp\/v2\/product_cat?post=4713"},{"taxonomy":"product_tag","embeddable":true,"href":"https:\/\/antcube.shop\/hu\/wp-json\/wp\/v2\/product_tag?post=4713"}],"curies":[{"name":"wp","href":"https:\/\/api.w.org\/{rel}","templated":true}]}}