{"id":4712,"date":"2022-11-14T14:58:33","date_gmt":"2022-11-14T13:58:33","guid":{"rendered":"https:\/\/antcube.shop\/produkt\/humus-ziegel-brick-650g-ergibt-8-9l\/"},"modified":"2026-04-07T02:16:16","modified_gmt":"2026-04-07T00:16:16","slug":"humus-ziegel-brick-650g-ergibt-8-9l","status":"publish","type":"product","link":"https:\/\/antcube.shop\/hu\/termek\/humus-ziegel-brick-650g-ergibt-8-9l\/","title":{"rendered":"Humuszt\u00e9gla 650g - ami 8-9l-t eredm\u00e9nyez"},"content":{"rendered":"<p><strong>Tartalom \/ mennyis\u00e9g:<\/strong> 650 g 8-10 literre elegend\u0151.<\/p>\n<p><strong>Le\u00edr\u00e1s:<\/strong> A Formicarium Humus t\u00e9gl\u00e1v\u00e1 t\u00f6m\u00f6r\u00edtett term\u00e9szetes k\u00f3kuszrost humuszb\u00f3l \u00e1ll. V\u00edzzel kombin\u00e1lva a humuszt\u00e9gla a t\u00e9rfogat\u00e1nak k\u00f6r\u00fclbel\u00fcl 8-10-szeres\u00e9re duzzad. Ez a be\u00e1shat\u00f3 formicarium humusz kiv\u00e1l\u00f3 a tr\u00f3pusi r\u00e9gi\u00f3kban \u00e9l\u0151 hangy\u00e1k sz\u00e1m\u00e1ra, \u00e9s sz\u00e1razon \u00e9s nedvesen is haszn\u00e1lhat\u00f3. A Formicarium humusz tiszta term\u00e9szetes term\u00e9k, garant\u00e1ltan mentes mindenf\u00e9le vegyszert\u0151l, n\u00f6v\u00e9nyv\u00e9d\u0151 szert\u0151l \u00e9s m\u0171tr\u00e1gy\u00e1t\u00f3l, \u00e9s 100% komposzt\u00e1lhat\u00f3.<\/p>\n<p>- 100% n\u00f6v\u00e9nyi alap\u00fa meg\u00fajul\u00f3 nyersanyagokb\u00f3l k\u00e9sz\u00fclt 100%<br \/>\n- nagy nedvsz\u00edv\u00f3 k\u00e9pess\u00e9g<br \/>\n- nagy v\u00edzt\u00e1rol\u00f3 kapacit\u00e1s<\/p>\n<p><strong>Utas\u00edt\u00e1sok:<\/strong> \u00e1ztassa a t\u00e9gl\u00e1t 4-5 liter meleg v\u00edzben egy ed\u00e9nyben kb. 20-30 percig. Ha a t\u00e9gla m\u00e9g nem old\u00f3dott fel teljesen, a marad\u00e9kot k\u00e9zzel t\u00f6rje sz\u00e9t. Sz\u00fcks\u00e9g eset\u00e9n nyomja ki a felesleges vizet a humuszb\u00f3l.<\/p>","protected":false},"excerpt":{"rendered":"<p>Tartalom \/ t\u00e9rfogat: 650g 8-10 literre elegend\u0151. Le\u00edr\u00e1s: A term\u00e9k le\u00edr\u00e1sa: A Formicarium Humusz term\u00e9szetes k\u00f3kuszrost humuszb\u00f3l \u00e1ll, amelyet t\u00e9gl\u00e1v\u00e1 t\u00f6m\u00f6r\u00edtettek. V\u00edzzel kombin\u00e1lva a humuszt\u00e9gla a t\u00e9rfogat\u00e1nak kb. 8-10-szeres\u00e9re duzzad. Ez a be\u00e1shat\u00f3 formicarium humusz kiv\u00e1l\u00f3an alkalmas a tr\u00f3pusi r\u00e9gi\u00f3kban \u00e9l\u0151 hangy\u00e1k sz\u00e1m\u00e1ra, \u00e9s sz\u00e1razon is haszn\u00e1lhat\u00f3.","protected":false},"featured_media":4811,"comment_status":"open","ping_status":"closed","template":"","meta":{"_acf_changed":false,"content-type":"","_monsterinsights_skip_tracking":false,"_monsterinsights_sitenote_active":false,"_monsterinsights_sitenote_note":"","_monsterinsights_sitenote_category":0},"product_brand":[],"product_cat":[96],"product_tag":[],"class_list":{"0":"post-4712","1":"product","2":"type-product","3":"status-publish","4":"has-post-thumbnail","6":"product_cat-soil","8":"first","9":"instock","10":"taxable","11":"shipping-taxable","12":"purchasable","13":"product-type-simple"},"acf":[],"aioseo_notices":[],"jetpack_sharing_enabled":true,"_links":{"self":[{"href":"https:\/\/antcube.shop\/hu\/wp-json\/wp\/v2\/product\/4712","targetHints":{"allow":["GET"]}}],"collection":[{"href":"https:\/\/antcube.shop\/hu\/wp-json\/wp\/v2\/product"}],"about":[{"href":"https:\/\/antcube.shop\/hu\/wp-json\/wp\/v2\/types\/product"}],"replies":[{"embeddable":true,"href":"https:\/\/antcube.shop\/hu\/wp-json\/wp\/v2\/comments?post=4712"}],"wp:featuredmedia":[{"embeddable":true,"href":"https:\/\/antcube.shop\/hu\/wp-json\/wp\/v2\/media\/4811"}],"wp:attachment":[{"href":"https:\/\/antcube.shop\/hu\/wp-json\/wp\/v2\/media?parent=4712"}],"wp:term":[{"taxonomy":"product_brand","embeddable":true,"href":"https:\/\/antcube.shop\/hu\/wp-json\/wp\/v2\/product_brand?post=4712"},{"taxonomy":"product_cat","embeddable":true,"href":"https:\/\/antcube.shop\/hu\/wp-json\/wp\/v2\/product_cat?post=4712"},{"taxonomy":"product_tag","embeddable":true,"href":"https:\/\/antcube.shop\/hu\/wp-json\/wp\/v2\/product_tag?post=4712"}],"curies":[{"name":"wp","href":"https:\/\/api.w.org\/{rel}","templated":true}]}}