{"id":4710,"date":"2022-11-14T14:58:00","date_gmt":"2022-11-14T13:58:00","guid":{"rendered":"https:\/\/antcube.shop\/produkt\/bodengrund-sand-lehm-weis-1000g\/"},"modified":"2026-04-15T09:42:23","modified_gmt":"2026-04-15T07:42:23","slug":"bodengrund-sand-lehm-weis-1000g","status":"publish","type":"product","link":"https:\/\/antcube.shop\/hu\/termek\/bodengrund-sand-lehm-weis-1000g\/","title":{"rendered":"Aljzat - Homok-Loh\u00e1ny feh\u00e9r - 1000g"},"content":{"rendered":"<p><strong>Tartalom:<\/strong> 1000g<\/p>\n<p><strong>Anyag:<\/strong> homok, m\u00e9sz, m\u00e9szk\u00f6t\u0151anyag<\/p>\n<p><strong>Sz\u00edn:<\/strong> feh\u00e9r<\/p>\n<p><strong>Kever\u00e9si ar\u00e1ny:<\/strong> \u00e1shat\u00f3<\/p>\n<p><strong>Le\u00edr\u00e1s:<\/strong> Ez a k\u00e9sz homok-agyag kever\u00e9k tiszta term\u00e9szetes term\u00e9k. A sz\u00ednez\u0151anyag feh\u00e9r m\u00e9szhomokb\u00f3l sz\u00e1rmazik. Az er\u0151ss\u00e9get az \u00e1llatokra \u00e1rtalmatlan, k\u00f6t\u0151 m\u00e9szkever\u00e9k adja.<\/p>\n<p><strong>Alkalmaz\u00e1s:<\/strong> \u00c1s\u00f3f\u00f6ld, f\u00e9szek \u00e9s ar\u00e9na ter\u00fclet\u00e9re is haszn\u00e1lhat\u00f3! Megn\u00f6velt szil\u00e1rds\u00e1ggal rendelkezik a f\u00f6ldes-talaj b\u00e9zshez k\u00e9pest, nedves \u00e1llapotban is.<\/p>\n<p><strong>Megjegyz\u00e9s:<\/strong> mivel ez egy tiszt\u00e1n term\u00e9szetes term\u00e9k, el\u0151fordulhatnak apr\u00f3 sz\u00edn- \u00e9s szerkezeti elt\u00e9r\u00e9sek, amelyeket nem tudunk befoly\u00e1solni.<\/p>\n<p><strong>Fontos:<\/strong> Haszn\u00e1lat el\u0151tt nedves\u00edtse meg az aljzatot, hogy a kever\u00e9k \u00f6ssze tudjon k\u00f6tni \u00e9s szil\u00e1rdan meg tudjon \u00e1llni a hangyafarmon. A t\u00fal sz\u00e1raz \u00e9s poros szubsztr\u00e1t r\u00e1ad\u00e1sul a hangy\u00e1k l\u00e9gz\u0151szerveinek elz\u00e1r\u00f3d\u00e1s\u00e1t okozhatja, \u00e9s az \u00e1llatok legrosszabb esetben megfulladhatnak.<\/p>","protected":false},"excerpt":{"rendered":"<p>Term\u00e9szetes aljzat - \u00e1shat\u00f3<\/p>","protected":false},"featured_media":5725,"comment_status":"open","ping_status":"closed","template":"","meta":{"_acf_changed":false,"content-type":"","_monsterinsights_skip_tracking":false,"_monsterinsights_sitenote_active":false,"_monsterinsights_sitenote_note":"","_monsterinsights_sitenote_category":0},"product_brand":[],"product_cat":[95,96],"product_tag":[],"class_list":{"0":"post-4710","1":"product","2":"type-product","3":"status-publish","4":"has-post-thumbnail","6":"product_cat-accessories-for-ants","7":"product_cat-soil","9":"first","10":"instock","11":"taxable","12":"shipping-taxable","13":"purchasable","14":"product-type-simple"},"acf":[],"aioseo_notices":[],"jetpack_sharing_enabled":true,"_links":{"self":[{"href":"https:\/\/antcube.shop\/hu\/wp-json\/wp\/v2\/product\/4710","targetHints":{"allow":["GET"]}}],"collection":[{"href":"https:\/\/antcube.shop\/hu\/wp-json\/wp\/v2\/product"}],"about":[{"href":"https:\/\/antcube.shop\/hu\/wp-json\/wp\/v2\/types\/product"}],"replies":[{"embeddable":true,"href":"https:\/\/antcube.shop\/hu\/wp-json\/wp\/v2\/comments?post=4710"}],"wp:featuredmedia":[{"embeddable":true,"href":"https:\/\/antcube.shop\/hu\/wp-json\/wp\/v2\/media\/5725"}],"wp:attachment":[{"href":"https:\/\/antcube.shop\/hu\/wp-json\/wp\/v2\/media?parent=4710"}],"wp:term":[{"taxonomy":"product_brand","embeddable":true,"href":"https:\/\/antcube.shop\/hu\/wp-json\/wp\/v2\/product_brand?post=4710"},{"taxonomy":"product_cat","embeddable":true,"href":"https:\/\/antcube.shop\/hu\/wp-json\/wp\/v2\/product_cat?post=4710"},{"taxonomy":"product_tag","embeddable":true,"href":"https:\/\/antcube.shop\/hu\/wp-json\/wp\/v2\/product_tag?post=4710"}],"curies":[{"name":"wp","href":"https:\/\/api.w.org\/{rel}","templated":true}]}}