{"id":4707,"date":"2022-11-14T14:57:14","date_gmt":"2022-11-14T13:57:14","guid":{"rendered":"https:\/\/antcube.shop\/produkt\/dekosteine-1000g-beige\/"},"modified":"2026-04-16T19:23:16","modified_gmt":"2026-04-16T17:23:16","slug":"diszitokovek-1000g-bezs","status":"publish","type":"product","link":"https:\/\/antcube.shop\/hu\/termek\/diszitokovek-1000g-bezs\/","title":{"rendered":"D\u00edsz\u00edt\u0151 k\u00f6vek 1000g - b\u00e9zs"},"content":{"rendered":"<p><strong>Tartalom\/mennyis\u00e9g:<\/strong> 1000g<\/p>\n<p><strong>Szemcsem\u00e9ret:<\/strong> 8 - 16 mm<\/p>\n<p><strong>Sz\u00edn:<\/strong> s\u00e1rga, b\u00e9zs<\/p>\n<p><strong>Le\u00edr\u00e1s:<\/strong> A Taunus kvarckavics nagyon dekorat\u00edv aljzat.<\/p>\n<p><strong>Megjegyz\u00e9s:<\/strong> Mivel az anyag a sz\u00e1ll\u00edt\u00e1s sor\u00e1n keletkezett kop\u00e1s miatt kiss\u00e9 poros, a formik\u00e1riumban val\u00f3 felhaszn\u00e1l\u00e1s el\u0151tt ezt ism\u00e9t v\u00edzzel kell kimosni.<\/p>","protected":false},"excerpt":{"rendered":"<p>Szemcs\u00e9zetts\u00e9g: 8 - 16 mm<\/p>","protected":false},"featured_media":5516,"comment_status":"open","ping_status":"closed","template":"","meta":{"_acf_changed":false,"content-type":"","_monsterinsights_skip_tracking":false,"_monsterinsights_sitenote_active":false,"_monsterinsights_sitenote_note":"","_monsterinsights_sitenote_category":0},"product_brand":[],"product_cat":[98],"product_tag":[],"class_list":{"0":"post-4707","1":"product","2":"type-product","3":"status-publish","4":"has-post-thumbnail","6":"product_cat-decoration","8":"first","9":"instock","10":"taxable","11":"shipping-taxable","12":"purchasable","13":"product-type-simple"},"acf":[],"aioseo_notices":[],"jetpack_sharing_enabled":true,"_links":{"self":[{"href":"https:\/\/antcube.shop\/hu\/wp-json\/wp\/v2\/product\/4707","targetHints":{"allow":["GET"]}}],"collection":[{"href":"https:\/\/antcube.shop\/hu\/wp-json\/wp\/v2\/product"}],"about":[{"href":"https:\/\/antcube.shop\/hu\/wp-json\/wp\/v2\/types\/product"}],"replies":[{"embeddable":true,"href":"https:\/\/antcube.shop\/hu\/wp-json\/wp\/v2\/comments?post=4707"}],"wp:featuredmedia":[{"embeddable":true,"href":"https:\/\/antcube.shop\/hu\/wp-json\/wp\/v2\/media\/5516"}],"wp:attachment":[{"href":"https:\/\/antcube.shop\/hu\/wp-json\/wp\/v2\/media?parent=4707"}],"wp:term":[{"taxonomy":"product_brand","embeddable":true,"href":"https:\/\/antcube.shop\/hu\/wp-json\/wp\/v2\/product_brand?post=4707"},{"taxonomy":"product_cat","embeddable":true,"href":"https:\/\/antcube.shop\/hu\/wp-json\/wp\/v2\/product_cat?post=4707"},{"taxonomy":"product_tag","embeddable":true,"href":"https:\/\/antcube.shop\/hu\/wp-json\/wp\/v2\/product_tag?post=4707"}],"curies":[{"name":"wp","href":"https:\/\/api.w.org\/{rel}","templated":true}]}}