{"id":4706,"date":"2022-11-14T14:56:58","date_gmt":"2022-11-14T13:56:58","guid":{"rendered":"https:\/\/antcube.shop\/produkt\/dekosteine-1000g-weis\/"},"modified":"2026-04-02T12:26:01","modified_gmt":"2026-04-02T10:26:01","slug":"diszitokovek-1000g-feher","status":"publish","type":"product","link":"https:\/\/antcube.shop\/hu\/termek\/diszitokovek-1000g-feher\/","title":{"rendered":"D\u00edsz\u00edt\u0151 k\u00f6vek 1000g - feh\u00e9r"},"content":{"rendered":"<p><strong>Tartalom\/mennyis\u00e9g:<\/strong> 1000g<\/p>\n<p><strong>Szemcsem\u00e9ret:<\/strong> 8 - 16 mm<\/p>\n<p><strong>Le\u00edr\u00e1s:<\/strong> Ez a carrarai m\u00e1rv\u00e1ny nagyon dekorat\u00edv aljzat.<\/p>\n<p><strong>Megjegyz\u00e9s:<\/strong> Mivel az anyag a sz\u00e1ll\u00edt\u00e1s sor\u00e1n keletkezett kop\u00e1s miatt kiss\u00e9 poros, a formik\u00e1riumban val\u00f3 felhaszn\u00e1l\u00e1s el\u0151tt ezt ism\u00e9t v\u00edzzel kell kimosni.<\/p>","protected":false},"excerpt":{"rendered":"<p>Szemcs\u00e9zetts\u00e9g: 8 - 16 mm<\/p>","protected":false},"featured_media":5522,"comment_status":"open","ping_status":"closed","template":"","meta":{"_acf_changed":false,"content-type":"","_monsterinsights_skip_tracking":false,"_monsterinsights_sitenote_active":false,"_monsterinsights_sitenote_note":"","_monsterinsights_sitenote_category":0},"product_brand":[],"product_cat":[98],"product_tag":[],"class_list":{"0":"post-4706","1":"product","2":"type-product","3":"status-publish","4":"has-post-thumbnail","6":"product_cat-decoration","8":"first","9":"instock","10":"taxable","11":"shipping-taxable","12":"purchasable","13":"product-type-simple"},"acf":[],"aioseo_notices":[],"jetpack_sharing_enabled":true,"_links":{"self":[{"href":"https:\/\/antcube.shop\/hu\/wp-json\/wp\/v2\/product\/4706","targetHints":{"allow":["GET"]}}],"collection":[{"href":"https:\/\/antcube.shop\/hu\/wp-json\/wp\/v2\/product"}],"about":[{"href":"https:\/\/antcube.shop\/hu\/wp-json\/wp\/v2\/types\/product"}],"replies":[{"embeddable":true,"href":"https:\/\/antcube.shop\/hu\/wp-json\/wp\/v2\/comments?post=4706"}],"wp:featuredmedia":[{"embeddable":true,"href":"https:\/\/antcube.shop\/hu\/wp-json\/wp\/v2\/media\/5522"}],"wp:attachment":[{"href":"https:\/\/antcube.shop\/hu\/wp-json\/wp\/v2\/media?parent=4706"}],"wp:term":[{"taxonomy":"product_brand","embeddable":true,"href":"https:\/\/antcube.shop\/hu\/wp-json\/wp\/v2\/product_brand?post=4706"},{"taxonomy":"product_cat","embeddable":true,"href":"https:\/\/antcube.shop\/hu\/wp-json\/wp\/v2\/product_cat?post=4706"},{"taxonomy":"product_tag","embeddable":true,"href":"https:\/\/antcube.shop\/hu\/wp-json\/wp\/v2\/product_tag?post=4706"}],"curies":[{"name":"wp","href":"https:\/\/api.w.org\/{rel}","templated":true}]}}