{"id":4699,"date":"2022-11-14T14:54:48","date_gmt":"2022-11-14T13:54:48","guid":{"rendered":"https:\/\/antcube.shop\/produkt\/antcube-gipsnest-40x20-stehend\/"},"modified":"2026-04-13T09:31:12","modified_gmt":"2026-04-13T07:31:12","slug":"antcube-gipsnest-40x20-stehend","status":"publish","type":"product","link":"https:\/\/antcube.shop\/hu\/termek\/antcube-gipsnest-40x20-stehend\/","title":{"rendered":"ANTCUBE - gipsz f\u00e9szek 40\u00d720 - \u00e1ll\u00f3"},"content":{"rendered":"<p><strong>M\u00e9retek:<\/strong> 382 x 159 x 19,5 mm<\/p>\n<p><strong>Anyag:<\/strong> vakolat<\/p>\n<p>Csak az L m\u00e9ret\u0171 hangyafarmokon haszn\u00e1lhat\u00f3<\/p>\n<p><strong>Le\u00edr\u00e1s:<\/strong> Az el\u0151re elk\u00e9sz\u00edtett j\u00e1ratokkal \u00e9s kamr\u00e1kkal ell\u00e1tott gipszf\u00e9szk\u00fcnk sz\u00e1mos hangyafaj sz\u00e1m\u00e1ra alkalmas, k\u00fcl\u00f6n\u00f6sen azon fajok sz\u00e1m\u00e1ra, amelyek nagyon homokos vagy k\u00f6ves talajon \u00e9p\u00edtik f\u00e9szk\u00fcket. A f\u00e9szekhez val\u00f3 hozz\u00e1f\u00e9r\u00e9shez lyukkal rendelkezik. A gipsznek megvan az a tulajdons\u00e1ga, hogy felsz\u00edvja a vizet, \u00edgy bizonyos mennyis\u00e9g\u0171 nedvess\u00e9get t\u00e1rol. Ennek ellen\u00e9re a gipszf\u00e9szket nem szabad tart\u00f3san nedvesen haszn\u00e1lni, mert k\u00fcl\u00f6nben pen\u00e9szed\u00e9shez vezethet (a hangy\u00e1k \u00e9telmarad\u00e9kai vagy \u00fcr\u00fcl\u00e9kei \u00e1ltal). Ez\u00e9rt, ha lehets\u00e9ges, ink\u00e1bb sz\u00e1raz r\u00e9gi\u00f3kb\u00f3l sz\u00e1rmaz\u00f3 fajokat kell itt tartani. Ilyenek p\u00e9ld\u00e1ul a mediterr\u00e1n vagy sivatagi r\u00e9gi\u00f3kb\u00f3l sz\u00e1rmaz\u00f3 fajok.<\/p>","protected":false},"excerpt":{"rendered":"<p>M\u00e9retek: M\u00e9ret: 382 x 159 x 19,5 mm Anyag: gipsz Csak hangyafarmjainkba illeszkedik L m\u00e9ret Le\u00edr\u00e1s: El\u0151re gy\u00e1rtott j\u00e1ratokkal \u00e9s kamr\u00e1kkal ell\u00e1tott gipszf\u00e9szk\u00fcnk sz\u00e1mos hangyafaj sz\u00e1m\u00e1ra alkalmas, k\u00fcl\u00f6n\u00f6sen azon fajok sz\u00e1m\u00e1ra, amelyek nagyon homokos vagy k\u00f6ves talajon \u00e9p\u00edtik f\u00e9szk\u00fcket. A f\u00e9szekhez val\u00f3 hozz\u00e1f\u00e9r\u00e9shez lyukkal rendelkezik. A gipsznek megvan a","protected":false},"featured_media":5031,"comment_status":"open","ping_status":"closed","template":"","meta":{"_acf_changed":false,"content-type":"","_monsterinsights_skip_tracking":false,"_monsterinsights_sitenote_active":false,"_monsterinsights_sitenote_note":"","_monsterinsights_sitenote_category":0},"product_brand":[],"product_cat":[87,90],"product_tag":[],"class_list":{"0":"post-4699","1":"product","2":"type-product","3":"status-publish","4":"has-post-thumbnail","6":"product_cat-nest-insets","7":"product_cat-gypsum","9":"first","10":"instock","11":"taxable","12":"shipping-taxable","13":"purchasable","14":"product-type-simple"},"acf":[],"aioseo_notices":[],"jetpack_sharing_enabled":true,"_links":{"self":[{"href":"https:\/\/antcube.shop\/hu\/wp-json\/wp\/v2\/product\/4699","targetHints":{"allow":["GET"]}}],"collection":[{"href":"https:\/\/antcube.shop\/hu\/wp-json\/wp\/v2\/product"}],"about":[{"href":"https:\/\/antcube.shop\/hu\/wp-json\/wp\/v2\/types\/product"}],"replies":[{"embeddable":true,"href":"https:\/\/antcube.shop\/hu\/wp-json\/wp\/v2\/comments?post=4699"}],"wp:featuredmedia":[{"embeddable":true,"href":"https:\/\/antcube.shop\/hu\/wp-json\/wp\/v2\/media\/5031"}],"wp:attachment":[{"href":"https:\/\/antcube.shop\/hu\/wp-json\/wp\/v2\/media?parent=4699"}],"wp:term":[{"taxonomy":"product_brand","embeddable":true,"href":"https:\/\/antcube.shop\/hu\/wp-json\/wp\/v2\/product_brand?post=4699"},{"taxonomy":"product_cat","embeddable":true,"href":"https:\/\/antcube.shop\/hu\/wp-json\/wp\/v2\/product_cat?post=4699"},{"taxonomy":"product_tag","embeddable":true,"href":"https:\/\/antcube.shop\/hu\/wp-json\/wp\/v2\/product_tag?post=4699"}],"curies":[{"name":"wp","href":"https:\/\/api.w.org\/{rel}","templated":true}]}}