{"id":4696,"date":"2022-11-14T14:54:00","date_gmt":"2022-11-14T13:54:00","guid":{"rendered":"https:\/\/antcube.shop\/produkt\/antcube-digfix-platte-40x20-l\/"},"modified":"2026-04-02T09:54:49","modified_gmt":"2026-04-02T07:54:49","slug":"antcube-digfix-platte-40x20-l","status":"publish","type":"product","link":"https:\/\/antcube.shop\/hu\/termek\/antcube-digfix-platte-40x20-l\/","title":{"rendered":"ANTCUBE - Digfix lemez 40\u00d720 - L"},"content":{"rendered":"<p><strong>M\u00e9retek:<\/strong> 383x160x20 mm<\/p>\n<p><strong>Anyag:<\/strong> Digfix<\/p>\n<p><strong>Le\u00edr\u00e1s:<\/strong> A Digfix lemez \u00e1shat\u00f3 anyagb\u00f3l k\u00e9sz\u00fclt, \u00e9s t\u00f6k\u00e9letesen illeszkedik ANTCUBE hangyafarmjainkhoz. Sz\u00e1razon \u00e9s nedvesen is haszn\u00e1lhat\u00f3. Sz\u00e1mos hangyafaj sz\u00e1m\u00e1ra is alkalmas, k\u00fcl\u00f6n\u00f6sen a homokban \u00e9s (holt) f\u00e1ban f\u00e9szkel\u0151 hangyafajok sz\u00e1m\u00e1ra. Haszn\u00e1lhat\u00f3 a homok-v\u00e1lyog kever\u00e9kek vagy a paraf\u00e1b\u00f3l vagy gipszb\u0151l k\u00e9sz\u00fclt f\u00e9szekbet\u00e9tek helyett. Nagy el\u0151nye a parafa f\u00e9szkekkel szemben, hogy a Digfix m\u00e9g nedvesen sem pen\u00e9szedik. Ez azt jelenti, hogy a magas nedvess\u00e9gig\u00e9ny\u0171 hangyafajok gond n\u00e9lk\u00fcl elegend\u0151 v\u00edzzel l\u00e1that\u00f3k el. A Digfix el\u0151nye az is, hogy az \u00e1s\u00f3 hangyafajok \u00e1s\u00e1s k\u00f6zben nem piszkolj\u00e1k be f\u00f6lddel a f\u00e9szk\u00fck \u00fcvegablak\u00e1t, ami t\u00f6k\u00e9letes r\u00e1l\u00e1t\u00e1st tesz lehet\u0151v\u00e9 a f\u00e9szekbe.<\/p>\n<p><strong>Megjegyz\u00e9s:<\/strong> A term\u00e9szetes sz\u00edn\u00e1rnyalat a z\u00f6ldes\/sz\u00fcrk\u00e9sbarna \u00e9s a f\u00f6ldbarna k\u00f6z\u00f6tt v\u00e1ltozhat. Az \u00e1rnyalat nem befoly\u00e1solja a min\u0151s\u00e9get.<br \/>\nA gy\u00e1rt\u00e1s miatt a m\u00e9retek +\/- 1mm elt\u00e9rhetnek.<\/p>","protected":false},"excerpt":{"rendered":"<p>M\u00e9ret: <strong>L<\/strong><\/p>","protected":false},"featured_media":4966,"comment_status":"open","ping_status":"closed","template":"","meta":{"_acf_changed":false,"content-type":"","_monsterinsights_skip_tracking":false,"_monsterinsights_sitenote_active":false,"_monsterinsights_sitenote_note":"","_monsterinsights_sitenote_category":0},"product_brand":[],"product_cat":[87,88],"product_tag":[],"class_list":{"0":"post-4696","1":"product","2":"type-product","3":"status-publish","4":"has-post-thumbnail","6":"product_cat-nest-insets","7":"product_cat-digfix","9":"first","10":"instock","11":"taxable","12":"shipping-taxable","13":"purchasable","14":"product-type-simple"},"acf":[],"aioseo_notices":[],"jetpack_sharing_enabled":true,"_links":{"self":[{"href":"https:\/\/antcube.shop\/hu\/wp-json\/wp\/v2\/product\/4696","targetHints":{"allow":["GET"]}}],"collection":[{"href":"https:\/\/antcube.shop\/hu\/wp-json\/wp\/v2\/product"}],"about":[{"href":"https:\/\/antcube.shop\/hu\/wp-json\/wp\/v2\/types\/product"}],"replies":[{"embeddable":true,"href":"https:\/\/antcube.shop\/hu\/wp-json\/wp\/v2\/comments?post=4696"}],"wp:featuredmedia":[{"embeddable":true,"href":"https:\/\/antcube.shop\/hu\/wp-json\/wp\/v2\/media\/4966"}],"wp:attachment":[{"href":"https:\/\/antcube.shop\/hu\/wp-json\/wp\/v2\/media?parent=4696"}],"wp:term":[{"taxonomy":"product_brand","embeddable":true,"href":"https:\/\/antcube.shop\/hu\/wp-json\/wp\/v2\/product_brand?post=4696"},{"taxonomy":"product_cat","embeddable":true,"href":"https:\/\/antcube.shop\/hu\/wp-json\/wp\/v2\/product_cat?post=4696"},{"taxonomy":"product_tag","embeddable":true,"href":"https:\/\/antcube.shop\/hu\/wp-json\/wp\/v2\/product_tag?post=4696"}],"curies":[{"name":"wp","href":"https:\/\/api.w.org\/{rel}","templated":true}]}}