{"id":4694,"date":"2022-11-14T14:53:29","date_gmt":"2022-11-14T13:53:29","guid":{"rendered":"https:\/\/antcube.shop\/produkt\/antcube-einbauarena-30x30x20\/"},"modified":"2026-04-20T14:51:25","modified_gmt":"2026-04-20T12:51:25","slug":"antcube-einbauarena-30x30x20","status":"publish","type":"product","link":"https:\/\/antcube.shop\/hu\/termek\/antcube-einbauarena-30x30x20\/","title":{"rendered":"ANTCUBE felszerelt ar\u00e9na 30x30x20"},"content":{"rendered":"<p>ANTCUBE 30x30x20 cm-es ar\u00e9na 2x 27mm-es lyukkal.<\/p>\n<p><strong>M\u00e9retek:<\/strong> 300 x 300 x 200 mm; 4 mm vastags\u00e1g\u00fa \u00fcveg.<br \/>\n<strong>Anyag:<\/strong> \u00fasztatott \u00fcveg<\/p>\n<p><strong>Csatlakoz\u00e1s:<\/strong> 2x furat 27 mm<\/p>\n<p><strong>Le\u00edr\u00e1s:<\/strong> Az ANTCUBE felszerelt ar\u00e9n\u00e1t \u00fagy fejlesztett\u00e9k ki, hogy k\u00e9nyelmesen elf\u00e9rjen a kisebb polcokon is. P\u00e9ld\u00e1ul t\u00f6k\u00e9letesen illeszkedik egy Kallax polcra. A lyukak (k\u00f6z\u00e9ppont) az el\u00fcls\u0151 oldalon (bal \u00e9s jobb oldalon) 3 cm magass\u00e1gban \u00e9s 3 cm t\u00e1vols\u00e1gra a k\u00fcls\u0151 peremt\u0151l helyezkednek el. A 27 mm-es lyukak el\u00fcls\u0151 r\u00e9sz\u00e9n val\u00f3 elhelyezked\u00e9s\u00e9nek k\u00f6sz\u00f6nhet\u0151en (a szok\u00e1sos m\u00f3don az oldals\u00f3 ablakok helyett) k\u00f6nnyed\u00e9n hozz\u00e1adhat tov\u00e1bbi ar\u00e9n\u00e1kat \u00e9s hangyafarmokat an\u00e9lk\u00fcl, hogy helyet vesz\u00edtene az oldalakon, vagy elz\u00e1rn\u00e1 a ny\u00edl\u00e1sokhoz val\u00f3 hozz\u00e1f\u00e9r\u00e9st. Az ar\u00e9na burkolat, a kit\u00f6r\u00e9sv\u00e9delmi keret, az \u00f6sszek\u00f6t\u0151 elemek, mint a cs\u0151- vagy t\u00f6ml\u0151csatlakoz\u00f3k k\u00fcl\u00f6n kaphat\u00f3k.<\/p>\n<p><strong>Megjegyz\u00e9s:<\/strong> Az \u00fcveg v\u00e1g\u00e1sa a DIN 1249 szabv\u00e1ny szerint t\u00f6rt\u00e9nik, +\/- 1 mm-es t\u0171r\u00e9ssel. A rendk\u00edv\u00fcl kis hangyafajok eset\u00e9ben tov\u00e1bbi kit\u00f6r\u00e9sv\u00e9delemre van sz\u00fcks\u00e9g.<\/p>","protected":false},"excerpt":{"rendered":"<p>Csatlakoz\u00e1s: 2x furat 27 mm<\/p>","protected":false},"featured_media":5042,"comment_status":"open","ping_status":"closed","template":"","meta":{"_acf_changed":false,"content-type":"","_monsterinsights_skip_tracking":false,"_monsterinsights_sitenote_active":false,"_monsterinsights_sitenote_note":"","_monsterinsights_sitenote_category":0},"product_brand":[],"product_cat":[85,86],"product_tag":[],"class_list":{"0":"post-4694","1":"product","2":"type-product","3":"status-publish","4":"has-post-thumbnail","6":"product_cat-ant-arenas","7":"product_cat-formicariums","9":"first","10":"instock","11":"taxable","12":"shipping-taxable","13":"purchasable","14":"product-type-simple"},"acf":[],"aioseo_notices":[],"jetpack_sharing_enabled":true,"_links":{"self":[{"href":"https:\/\/antcube.shop\/hu\/wp-json\/wp\/v2\/product\/4694","targetHints":{"allow":["GET"]}}],"collection":[{"href":"https:\/\/antcube.shop\/hu\/wp-json\/wp\/v2\/product"}],"about":[{"href":"https:\/\/antcube.shop\/hu\/wp-json\/wp\/v2\/types\/product"}],"replies":[{"embeddable":true,"href":"https:\/\/antcube.shop\/hu\/wp-json\/wp\/v2\/comments?post=4694"}],"wp:featuredmedia":[{"embeddable":true,"href":"https:\/\/antcube.shop\/hu\/wp-json\/wp\/v2\/media\/5042"}],"wp:attachment":[{"href":"https:\/\/antcube.shop\/hu\/wp-json\/wp\/v2\/media?parent=4694"}],"wp:term":[{"taxonomy":"product_brand","embeddable":true,"href":"https:\/\/antcube.shop\/hu\/wp-json\/wp\/v2\/product_brand?post=4694"},{"taxonomy":"product_cat","embeddable":true,"href":"https:\/\/antcube.shop\/hu\/wp-json\/wp\/v2\/product_cat?post=4694"},{"taxonomy":"product_tag","embeddable":true,"href":"https:\/\/antcube.shop\/hu\/wp-json\/wp\/v2\/product_tag?post=4694"}],"curies":[{"name":"wp","href":"https:\/\/api.w.org\/{rel}","templated":true}]}}