{"id":4692,"date":"2022-11-14T14:52:57","date_gmt":"2022-11-14T13:52:57","guid":{"rendered":"https:\/\/antcube.shop\/produkt\/antcube-arena-40x20x10-flach\/"},"modified":"2026-04-01T13:28:09","modified_gmt":"2026-04-01T11:28:09","slug":"antcube-arena-40x20x10-flach","status":"publish","type":"product","link":"https:\/\/antcube.shop\/hu\/termek\/antcube-arena-40x20x10-flach\/","title":{"rendered":"ANTCUBE - Ar\u00e9na 40x20x10 - lapos"},"content":{"rendered":"<p><strong>M\u00e9retek:<\/strong> 400 x 200 x 100 mm; 4 mm \u00fcvegvastags\u00e1g<\/p>\n<p><strong>Anyag:<\/strong> \u00fasztatott \u00fcveg<\/p>\n<p><strong>Csatlakoz\u00e1s:<\/strong> 2x lyuk 27 mm<\/p>\n<p><strong>Le\u00edr\u00e1s:<\/strong><br \/>\n\u00dcvegmedence 40x20x10 cm, 2x 27mm-es f\u00far\u00e1ssal.<br \/>\nA f\u00far\u00f3lyuk (k\u00f6z\u00e9ppont) 3 cm magass\u00e1gban tal\u00e1lhat\u00f3.<\/p>\n<p><strong>Megjegyz\u00e9s:<\/strong> Az \u00fcveg v\u00e1g\u00e1sa a DIN 1249 szabv\u00e1ny szerint t\u00f6rt\u00e9nik, +\/- 1 mm-es t\u0171r\u00e9ssel. A rendk\u00edv\u00fcl kis hangyafajok eset\u00e9ben tov\u00e1bbi kit\u00f6r\u00e9sv\u00e9delemre van sz\u00fcks\u00e9g.<\/p>","protected":false},"excerpt":{"rendered":"<p><strong>Csatlakoz\u00e1s:<\/strong> 2x lyuk 27 mm<br \/>\n<strong>M\u00e9ret:<\/strong> S, M, L, XL<\/p>","protected":false},"featured_media":4981,"comment_status":"open","ping_status":"closed","template":"","meta":{"_acf_changed":false,"content-type":"","_monsterinsights_skip_tracking":false,"_monsterinsights_sitenote_active":false,"_monsterinsights_sitenote_note":"","_monsterinsights_sitenote_category":0},"product_brand":[],"product_cat":[85,86],"product_tag":[],"class_list":{"0":"post-4692","1":"product","2":"type-product","3":"status-publish","4":"has-post-thumbnail","6":"product_cat-ant-arenas","7":"product_cat-formicariums","9":"first","10":"instock","11":"taxable","12":"shipping-taxable","13":"purchasable","14":"product-type-simple"},"acf":[],"aioseo_notices":[],"jetpack_sharing_enabled":true,"_links":{"self":[{"href":"https:\/\/antcube.shop\/hu\/wp-json\/wp\/v2\/product\/4692","targetHints":{"allow":["GET"]}}],"collection":[{"href":"https:\/\/antcube.shop\/hu\/wp-json\/wp\/v2\/product"}],"about":[{"href":"https:\/\/antcube.shop\/hu\/wp-json\/wp\/v2\/types\/product"}],"replies":[{"embeddable":true,"href":"https:\/\/antcube.shop\/hu\/wp-json\/wp\/v2\/comments?post=4692"}],"wp:featuredmedia":[{"embeddable":true,"href":"https:\/\/antcube.shop\/hu\/wp-json\/wp\/v2\/media\/4981"}],"wp:attachment":[{"href":"https:\/\/antcube.shop\/hu\/wp-json\/wp\/v2\/media?parent=4692"}],"wp:term":[{"taxonomy":"product_brand","embeddable":true,"href":"https:\/\/antcube.shop\/hu\/wp-json\/wp\/v2\/product_brand?post=4692"},{"taxonomy":"product_cat","embeddable":true,"href":"https:\/\/antcube.shop\/hu\/wp-json\/wp\/v2\/product_cat?post=4692"},{"taxonomy":"product_tag","embeddable":true,"href":"https:\/\/antcube.shop\/hu\/wp-json\/wp\/v2\/product_tag?post=4692"}],"curies":[{"name":"wp","href":"https:\/\/api.w.org\/{rel}","templated":true}]}}