{"id":4688,"date":"2022-11-14T14:51:54","date_gmt":"2022-11-14T13:51:54","guid":{"rendered":"https:\/\/antcube.shop\/produkt\/luftdurchlassige-stopfen-11-17-mm\/"},"modified":"2026-04-11T11:45:16","modified_gmt":"2026-04-11T09:45:16","slug":"luftdurchlassige-stopfen-11-17-mm","status":"publish","type":"product","link":"https:\/\/antcube.shop\/hu\/termek\/luftdurchlassige-stopfen-11-17-mm\/","title":{"rendered":"L\u00e9g\u00e1tereszt\u0151 dug\u00f3k 11 - 17 mm"},"content":{"rendered":"<p><strong>Mennyis\u00e9g:<\/strong> 1 darab<\/p>\n<p><strong>Le\u00edr\u00e1s<\/strong>Vessen v\u00e9get a szakszer\u0171tlen vattadug\u00f3knak. Ezek a l\u00e9g\u00e1tereszt\u0151 dug\u00f3k biztons\u00e1gosan lez\u00e1rj\u00e1k a ny\u00edl\u00e1sokat, \u00e9s alkalmazkodnak a ny\u00edl\u00e1s alakj\u00e1hoz, biztos\u00edtva a gyors nyit\u00e1st \u00e9s z\u00e1r\u00e1st.<\/p>","protected":false},"excerpt":{"rendered":"<p>Mennyis\u00e9g: Le\u00edr\u00e1s: 1 db: Vessen v\u00e9get a szakszer\u0171tlen vattadug\u00f3knak. Ezek a l\u00e9g\u00e1tereszt\u0151 dug\u00f3k biztons\u00e1gosan lez\u00e1rj\u00e1k a ny\u00edl\u00e1sokat, \u00e9s alkalmazkodnak a ny\u00edl\u00e1s alakj\u00e1hoz, \u00edgy biztos\u00edtva a gyors nyit\u00e1st \u00e9s z\u00e1r\u00e1st.<\/p>","protected":false},"featured_media":5002,"comment_status":"open","ping_status":"closed","template":"","meta":{"_acf_changed":false,"content-type":"","_monsterinsights_skip_tracking":false,"_monsterinsights_sitenote_active":false,"_monsterinsights_sitenote_note":"","_monsterinsights_sitenote_category":0},"product_brand":[],"product_cat":[237],"product_tag":[],"class_list":{"0":"post-4688","1":"product","2":"type-product","3":"status-publish","4":"has-post-thumbnail","6":"product_cat-tools","8":"first","9":"instock","10":"taxable","11":"shipping-taxable","12":"purchasable","13":"product-type-simple"},"acf":[],"aioseo_notices":[],"jetpack_sharing_enabled":true,"_links":{"self":[{"href":"https:\/\/antcube.shop\/hu\/wp-json\/wp\/v2\/product\/4688","targetHints":{"allow":["GET"]}}],"collection":[{"href":"https:\/\/antcube.shop\/hu\/wp-json\/wp\/v2\/product"}],"about":[{"href":"https:\/\/antcube.shop\/hu\/wp-json\/wp\/v2\/types\/product"}],"replies":[{"embeddable":true,"href":"https:\/\/antcube.shop\/hu\/wp-json\/wp\/v2\/comments?post=4688"}],"wp:featuredmedia":[{"embeddable":true,"href":"https:\/\/antcube.shop\/hu\/wp-json\/wp\/v2\/media\/5002"}],"wp:attachment":[{"href":"https:\/\/antcube.shop\/hu\/wp-json\/wp\/v2\/media?parent=4688"}],"wp:term":[{"taxonomy":"product_brand","embeddable":true,"href":"https:\/\/antcube.shop\/hu\/wp-json\/wp\/v2\/product_brand?post=4688"},{"taxonomy":"product_cat","embeddable":true,"href":"https:\/\/antcube.shop\/hu\/wp-json\/wp\/v2\/product_cat?post=4688"},{"taxonomy":"product_tag","embeddable":true,"href":"https:\/\/antcube.shop\/hu\/wp-json\/wp\/v2\/product_tag?post=4688"}],"curies":[{"name":"wp","href":"https:\/\/api.w.org\/{rel}","templated":true}]}}