{"id":4687,"date":"2022-11-14T14:51:39","date_gmt":"2022-11-14T13:51:39","guid":{"rendered":"https:\/\/antcube.shop\/produkt\/durchgangsregler-50mm\/"},"modified":"2026-01-12T12:36:29","modified_gmt":"2026-01-12T11:36:29","slug":"durchgangsregler-50mm-2","status":"publish","type":"product","link":"https:\/\/antcube.shop\/hu\/termek\/durchgangsregler-50mm-2\/","title":{"rendered":"\u00c1tj\u00e1r\u00f3szab\u00e1lyz\u00f3 - 50mm"},"content":{"rendered":"<p><strong>M\u00e9retek (LxBxH):<\/strong> 95x 76 x 20 mm<\/p>\n<p><strong>Anyag:<\/strong> Akril<\/p>\n<p><strong>Sz\u00edn:<\/strong> Sz\u00edntelen \/ \u00e1tl\u00e1tsz\u00f3 \/ tiszta<\/p>\n<p><strong>Tartalom:<\/strong> 1 db (10 darab egyedi r\u00e9szb\u0151l \u00e1ll)<\/p>\n<p><strong>Le\u00edr\u00e1s:<\/strong><br \/>\nAz \u00e1tfoly\u00e1sszab\u00e1lyoz\u00f3t egy cs\u0151re csatlakoztatj\u00e1k.<br \/>\nAz \u00e1tj\u00e1r\u00f3 k\u00e9zzel nyithat\u00f3 vagy z\u00e1rhat\u00f3.<\/p>\n<p><strong>Alkalmaz\u00e1s:<\/strong><br \/>\n50 mm \u00e1tm\u00e9r\u0151j\u0171 akrilcs\u00f6vek csatlakoztat\u00e1s\u00e1hoz<\/p>\n<p><strong>Tipp:<\/strong><br \/>\nAz \u00e1tfoly\u00e1sszab\u00e1lyoz\u00f3t szil\u00e1rdan r\u00e1 kell dugni a megfelel\u0151 cs\u0151re. Ha t\u00fal laza, a cs\u0151 \u00e1tl\u00e1tsz\u00f3 szalaggal megnagyobb\u00edthat\u00f3, hogy biztos\u00edtsa a szoros illeszked\u00e9st.<\/p>","protected":false},"excerpt":{"rendered":"<p>M\u00e9retek (LxSxH): 95x 76 x 20 mm Anyag: Anyag: Akril Sz\u00edn: Sz\u00edntelen \/ \u00e1tl\u00e1tsz\u00f3 \/ \u00e1tl\u00e1tsz\u00f3 Tartalom: Sz\u00edntelen \/ \u00e1tl\u00e1tsz\u00f3 \/ \u00e1tl\u00e1tsz\u00f3: Le\u00edr\u00e1s: 1 db (10 darab egyedi r\u00e9szb\u0151l \u00e1ll) Le\u00edr\u00e1s: 1 db (10 darab egyedi r\u00e9szb\u0151l \u00e1ll): Az \u00e1tfoly\u00e1sszab\u00e1lyoz\u00f3 egy cs\u0151re van feldugva. Az \u00e1tj\u00e1r\u00f3 k\u00e9zzel nyithat\u00f3 vagy z\u00e1rhat\u00f3. Alkalmaz\u00e1s: 50 mm \u00e1tm\u00e9r\u0151j\u0171 akrilcs\u00f6vek csatlakoztat\u00e1s\u00e1hoz Tipp: Az \u00e1tj\u00e1r\u00f3szab\u00e1lyoz\u00f3t szil\u00e1rdan kell r\u00f6gz\u00edteni.","protected":false},"featured_media":5074,"comment_status":"open","ping_status":"closed","template":"","meta":{"_acf_changed":false,"content-type":"","_monsterinsights_skip_tracking":false,"_monsterinsights_sitenote_active":false,"_monsterinsights_sitenote_note":"","_monsterinsights_sitenote_category":0},"product_brand":[],"product_cat":[345],"product_tag":[],"class_list":{"0":"post-4687","1":"product","2":"type-product","3":"status-publish","4":"has-post-thumbnail","6":"product_cat-pipe-connectors","8":"first","9":"instock","10":"taxable","11":"shipping-taxable","12":"purchasable","13":"product-type-simple"},"acf":[],"aioseo_notices":[],"jetpack_sharing_enabled":true,"_links":{"self":[{"href":"https:\/\/antcube.shop\/hu\/wp-json\/wp\/v2\/product\/4687","targetHints":{"allow":["GET"]}}],"collection":[{"href":"https:\/\/antcube.shop\/hu\/wp-json\/wp\/v2\/product"}],"about":[{"href":"https:\/\/antcube.shop\/hu\/wp-json\/wp\/v2\/types\/product"}],"replies":[{"embeddable":true,"href":"https:\/\/antcube.shop\/hu\/wp-json\/wp\/v2\/comments?post=4687"}],"wp:featuredmedia":[{"embeddable":true,"href":"https:\/\/antcube.shop\/hu\/wp-json\/wp\/v2\/media\/5074"}],"wp:attachment":[{"href":"https:\/\/antcube.shop\/hu\/wp-json\/wp\/v2\/media?parent=4687"}],"wp:term":[{"taxonomy":"product_brand","embeddable":true,"href":"https:\/\/antcube.shop\/hu\/wp-json\/wp\/v2\/product_brand?post=4687"},{"taxonomy":"product_cat","embeddable":true,"href":"https:\/\/antcube.shop\/hu\/wp-json\/wp\/v2\/product_cat?post=4687"},{"taxonomy":"product_tag","embeddable":true,"href":"https:\/\/antcube.shop\/hu\/wp-json\/wp\/v2\/product_tag?post=4687"}],"curies":[{"name":"wp","href":"https:\/\/api.w.org\/{rel}","templated":true}]}}