{"id":4682,"date":"2022-11-14T14:42:29","date_gmt":"2022-11-14T13:42:29","guid":{"rendered":"https:\/\/antcube.shop\/produkt\/antcube-rote-folie-30x30-filter\/"},"modified":"2026-04-03T17:08:16","modified_gmt":"2026-04-03T15:08:16","slug":"antcube-rote-folie-30x30-szuro","status":"publish","type":"product","link":"https:\/\/antcube.shop\/hu\/termek\/antcube-rote-folie-30x30-szuro\/","title":{"rendered":"ANTCUBE - V\u00f6r\u00f6s f\u00f3lia 30\u00d730 - Sz\u0171r\u0151"},"content":{"rendered":"<p><strong>M\u00e9retek:<\/strong> 29x24cm<\/p>\n<p><strong>Anyag:<\/strong> PVC<\/p>\n<p><strong>Le\u00edr\u00e1s:<\/strong> A piros \u00e1tl\u00e1tsz\u00f3 f\u00f3li\u00e1t arra haszn\u00e1lj\u00e1k, hogy a hangy\u00e1knak f\u00f6ldalatti \u00e9rz\u00e9st adjanak. Ez\u00e9rt javasoljuk, hogy ezt a term\u00e9ket legal\u00e1bb r\u00e9szben a f\u00e9szek ter\u00fclet\u00e9n haszn\u00e1lja. Ennek ellen\u00e9re a hangy\u00e1kat j\u00f3l megfigyelheti a f\u00e9szekben. Pontosan v\u00e1gott ANTCUBE \"Hangyafarm 30x30cm S\/M\/L - \u00e1ll\u00f3\" ANTCUBE sz\u00e1m\u00e1ra.<\/p>\n<p>Ez a sz\u0171r\u0151f\u00f3lia jobb f\u00e9nysz\u0171r\u0151 hat\u00e1ssal rendelkezik, mint a norm\u00e1l fed\u0151f\u00f3lia. H\u0151m\u00e9rs\u00e9klet\u00e1ll\u00f3 180\u00b0C-ig<\/p>\n<p>A sz\u0171r\u0151f\u00f3lia k\u00f6nny\u0171, ak\u00e1r mag\u00e1t\u00f3l is nyomva tart a tany\u00e1n vagy a f\u00e9szkel\u0151helyen. Alternat\u00edvak\u00e9nt \u00e1tl\u00e1tsz\u00f3 ragaszt\u00f3szalag is alkalmas a r\u00f6gz\u00edt\u00e9sre. Egyszer\u0171en r\u00f6gz\u00edtse k\u00e9t kis cs\u00edkkal a fels\u0151 sarkokn\u00e1l, \u00edgy a f\u00f3lia k\u00e9s\u0151bb felemelhet\u0151, hogy jobban bel\u00e1thassa a f\u00e9szek ter\u00fclet\u00e9t.<\/p>","protected":false},"excerpt":{"rendered":"<p>M\u00e9retek: Anyag: 39x19cm: Anyag: PVC Le\u00edr\u00e1s: PVC: A piros \u00e1tl\u00e1tsz\u00f3 f\u00f3lia a hangy\u00e1knak f\u00f6ldalatti \u00e9rz\u00e9st ad. Ez\u00e9rt javasoljuk, hogy ezt a term\u00e9ket legal\u00e1bb r\u00e9szben a f\u00e9szek ter\u00fclet\u00e9n haszn\u00e1lja. Ennek ellen\u00e9re a hangy\u00e1kat j\u00f3l megfigyelheti a f\u00e9szekben. Pontosan v\u00e1gott ANTCUBE \"Hangyafarm 40x20cm S\/M\/L - \u00e1ll\u00f3\" ANTCUBE f\u00f3li\u00e1hoz. Ez a sz\u0171r\u0151f\u00f3lia","protected":false},"featured_media":5105,"comment_status":"open","ping_status":"closed","template":"","meta":{"_acf_changed":false,"content-type":"","_monsterinsights_skip_tracking":false,"_monsterinsights_sitenote_active":false,"_monsterinsights_sitenote_note":"","_monsterinsights_sitenote_category":0},"product_brand":[],"product_cat":[239],"product_tag":[],"class_list":{"0":"post-4682","1":"product","2":"type-product","3":"status-publish","4":"has-post-thumbnail","6":"product_cat-useful-additions","8":"first","9":"outofstock","10":"taxable","11":"shipping-taxable","12":"purchasable","13":"product-type-simple"},"acf":[],"aioseo_notices":[],"jetpack_sharing_enabled":true,"_links":{"self":[{"href":"https:\/\/antcube.shop\/hu\/wp-json\/wp\/v2\/product\/4682","targetHints":{"allow":["GET"]}}],"collection":[{"href":"https:\/\/antcube.shop\/hu\/wp-json\/wp\/v2\/product"}],"about":[{"href":"https:\/\/antcube.shop\/hu\/wp-json\/wp\/v2\/types\/product"}],"replies":[{"embeddable":true,"href":"https:\/\/antcube.shop\/hu\/wp-json\/wp\/v2\/comments?post=4682"}],"wp:featuredmedia":[{"embeddable":true,"href":"https:\/\/antcube.shop\/hu\/wp-json\/wp\/v2\/media\/5105"}],"wp:attachment":[{"href":"https:\/\/antcube.shop\/hu\/wp-json\/wp\/v2\/media?parent=4682"}],"wp:term":[{"taxonomy":"product_brand","embeddable":true,"href":"https:\/\/antcube.shop\/hu\/wp-json\/wp\/v2\/product_brand?post=4682"},{"taxonomy":"product_cat","embeddable":true,"href":"https:\/\/antcube.shop\/hu\/wp-json\/wp\/v2\/product_cat?post=4682"},{"taxonomy":"product_tag","embeddable":true,"href":"https:\/\/antcube.shop\/hu\/wp-json\/wp\/v2\/product_tag?post=4682"}],"curies":[{"name":"wp","href":"https:\/\/api.w.org\/{rel}","templated":true}]}}