{"id":4681,"date":"2022-11-14T14:42:13","date_gmt":"2022-11-14T13:42:13","guid":{"rendered":"https:\/\/antcube.shop\/produkt\/antcube-rote-folie-40x20-selbstklebend\/"},"modified":"2025-10-19T04:49:11","modified_gmt":"2025-10-19T02:49:11","slug":"antcube-piros-folia-40x20-ontapados","status":"publish","type":"product","link":"https:\/\/antcube.shop\/hu\/termek\/antcube-piros-folia-40x20-ontapados\/","title":{"rendered":"ANTCUBE - piros f\u00f3lia 40\u00d720 - \u00f6ntapad\u00f3s"},"content":{"rendered":"<p><strong>M\u00e9retek:<\/strong> 39x19cm<\/p>\n<p><strong>Anyag:<\/strong> PVC<\/p>\n<p><strong>Le\u00edr\u00e1s:<\/strong> A piros \u00e1tl\u00e1tsz\u00f3 f\u00f3li\u00e1t arra haszn\u00e1lj\u00e1k, hogy a hangy\u00e1knak f\u00f6ldalatti \u00e9rz\u00e9st adjanak. Ez\u00e9rt javasoljuk, hogy ezt a term\u00e9ket legal\u00e1bb r\u00e9szben a f\u00e9szek ter\u00fclet\u00e9n haszn\u00e1lja. Ennek ellen\u00e9re a hangy\u00e1kat j\u00f3l megfigyelheti a f\u00e9szekben. Pontosan v\u00e1gott ANTCUBE \"Hangyafarm 40x20cm S\/M\/L - \u00e1ll\u00f3\" ANTCUBE-hoz.<\/p>","protected":false},"excerpt":{"rendered":"<p>M\u00e9retek: Anyag: 39x19cm: Anyag: PVC Le\u00edr\u00e1s: PVC: A piros \u00e1tl\u00e1tsz\u00f3 f\u00f3lia a hangy\u00e1knak f\u00f6ldalatti \u00e9rz\u00e9st ad. Ez\u00e9rt javasoljuk, hogy ezt a term\u00e9ket legal\u00e1bb r\u00e9szben a f\u00e9szek ter\u00fclet\u00e9n haszn\u00e1lja. Ennek ellen\u00e9re a hangy\u00e1kat j\u00f3l megfigyelheti a f\u00e9szekben. Pontosan v\u00e1gott ANTCUBE \"Hangyafarm 40x20cm S\/M\/L - \u00e1ll\u00f3\" ANTCUBE f\u00f3li\u00e1hoz. Ez a sz\u0171r\u0151f\u00f3lia<\/p>","protected":false},"featured_media":5108,"comment_status":"open","ping_status":"closed","template":"","meta":{"_acf_changed":false,"content-type":"","_monsterinsights_skip_tracking":false,"_monsterinsights_sitenote_active":false,"_monsterinsights_sitenote_note":"","_monsterinsights_sitenote_category":0},"product_brand":[],"product_cat":[239],"product_tag":[],"class_list":{"0":"post-4681","1":"product","2":"type-product","3":"status-publish","4":"has-post-thumbnail","6":"product_cat-useful-additions","8":"first","9":"outofstock","10":"taxable","11":"shipping-taxable","12":"purchasable","13":"product-type-simple"},"acf":[],"aioseo_notices":[],"jetpack_sharing_enabled":true,"_links":{"self":[{"href":"https:\/\/antcube.shop\/hu\/wp-json\/wp\/v2\/product\/4681","targetHints":{"allow":["GET"]}}],"collection":[{"href":"https:\/\/antcube.shop\/hu\/wp-json\/wp\/v2\/product"}],"about":[{"href":"https:\/\/antcube.shop\/hu\/wp-json\/wp\/v2\/types\/product"}],"replies":[{"embeddable":true,"href":"https:\/\/antcube.shop\/hu\/wp-json\/wp\/v2\/comments?post=4681"}],"wp:featuredmedia":[{"embeddable":true,"href":"https:\/\/antcube.shop\/hu\/wp-json\/wp\/v2\/media\/5108"}],"wp:attachment":[{"href":"https:\/\/antcube.shop\/hu\/wp-json\/wp\/v2\/media?parent=4681"}],"wp:term":[{"taxonomy":"product_brand","embeddable":true,"href":"https:\/\/antcube.shop\/hu\/wp-json\/wp\/v2\/product_brand?post=4681"},{"taxonomy":"product_cat","embeddable":true,"href":"https:\/\/antcube.shop\/hu\/wp-json\/wp\/v2\/product_cat?post=4681"},{"taxonomy":"product_tag","embeddable":true,"href":"https:\/\/antcube.shop\/hu\/wp-json\/wp\/v2\/product_tag?post=4681"}],"curies":[{"name":"wp","href":"https:\/\/api.w.org\/{rel}","templated":true}]}}