{"id":4679,"date":"2022-11-14T14:41:41","date_gmt":"2022-11-14T13:41:41","guid":{"rendered":"https:\/\/antcube.shop\/produkt\/lehmfarbe-beige-100ml\/"},"modified":"2026-03-23T12:06:53","modified_gmt":"2026-03-23T11:06:53","slug":"lehmfarbe-beige-100ml","status":"publish","type":"product","link":"https:\/\/antcube.shop\/hu\/termek\/lehmfarbe-beige-100ml\/","title":{"rendered":"Gyurmafest\u00e9k - b\u00e9zs - 100ml"},"content":{"rendered":"<p><strong>Mennyis\u00e9g:<\/strong> 100ml<\/p>\n<p><strong>Le\u00edr\u00e1s:<\/strong> Ez a kever\u00e9k nem m\u00e9rgez\u0151 \u00e9s viszonylag v\u00edz\u00e1ll\u00f3 vakolaton \u00e9s betonon, de egy\u00e9bk\u00e9nt v\u00edzben old\u00f3dik.<\/p>\n<p><strong>Haszn\u00e1lati utas\u00edt\u00e1s:\u00a0<\/strong><br \/>\nEz a kever\u00e9k haszn\u00e1latra k\u00e9sz, \u00e9s ecsettel azonnal felhordhat\u00f3 vakolatra vagy p\u00f3rusbetonra.<br \/>\n100 ml elegend\u0151 kb. 1\/4 m\u00b2 p\u00f3rusbetonhoz vagy 1\/2 m\u00b2 vakolathoz.<br \/>\nNedves \u00e1llapotban a fel\u00fcletet meg lehet sz\u00f3rni p\u00e9ld\u00e1ul homokkal, hogy m\u00e9g term\u00e9szetesebb hat\u00e1st \u00e9rj\u00fcnk el.<\/p>\n<p>&nbsp;<\/p>\n<p>&nbsp;<\/p>","protected":false},"excerpt":{"rendered":"<p>Mennyis\u00e9g: Le\u00edr\u00e1s: 100ml: Ez a kever\u00e9k nem m\u00e9rgez\u0151 \u00e9s viszonylag v\u00edz\u00e1ll\u00f3 vakolaton \u00e9s betonon, de egy\u00e9bk\u00e9nt v\u00edzben old\u00f3dik. Haszn\u00e1lati utas\u00edt\u00e1s: Ez a kever\u00e9k haszn\u00e1latra k\u00e9sz, \u00e9s ecsettel azonnal felhordhat\u00f3 vakolatra vagy p\u00f3rusbetonra. 100 ml elegend\u0151 kb. 1\/4 m\u00b2 p\u00f3rusbetonhoz vagy 1\/2 m\u00b2 vakolathoz. Amikor","protected":false},"featured_media":5004,"comment_status":"open","ping_status":"closed","template":"","meta":{"_acf_changed":false,"content-type":"","_monsterinsights_skip_tracking":false,"_monsterinsights_sitenote_active":false,"_monsterinsights_sitenote_note":"","_monsterinsights_sitenote_category":0},"product_brand":[],"product_cat":[237],"product_tag":[],"class_list":{"0":"post-4679","1":"product","2":"type-product","3":"status-publish","4":"has-post-thumbnail","6":"product_cat-tools","8":"first","9":"instock","10":"taxable","11":"shipping-taxable","12":"purchasable","13":"product-type-simple"},"acf":[],"aioseo_notices":[],"jetpack_sharing_enabled":true,"_links":{"self":[{"href":"https:\/\/antcube.shop\/hu\/wp-json\/wp\/v2\/product\/4679","targetHints":{"allow":["GET"]}}],"collection":[{"href":"https:\/\/antcube.shop\/hu\/wp-json\/wp\/v2\/product"}],"about":[{"href":"https:\/\/antcube.shop\/hu\/wp-json\/wp\/v2\/types\/product"}],"replies":[{"embeddable":true,"href":"https:\/\/antcube.shop\/hu\/wp-json\/wp\/v2\/comments?post=4679"}],"wp:featuredmedia":[{"embeddable":true,"href":"https:\/\/antcube.shop\/hu\/wp-json\/wp\/v2\/media\/5004"}],"wp:attachment":[{"href":"https:\/\/antcube.shop\/hu\/wp-json\/wp\/v2\/media?parent=4679"}],"wp:term":[{"taxonomy":"product_brand","embeddable":true,"href":"https:\/\/antcube.shop\/hu\/wp-json\/wp\/v2\/product_brand?post=4679"},{"taxonomy":"product_cat","embeddable":true,"href":"https:\/\/antcube.shop\/hu\/wp-json\/wp\/v2\/product_cat?post=4679"},{"taxonomy":"product_tag","embeddable":true,"href":"https:\/\/antcube.shop\/hu\/wp-json\/wp\/v2\/product_tag?post=4679"}],"curies":[{"name":"wp","href":"https:\/\/api.w.org\/{rel}","templated":true}]}}