{"id":4678,"date":"2022-11-14T14:41:24","date_gmt":"2022-11-14T13:41:24","guid":{"rendered":"https:\/\/antcube.shop\/produkt\/klebefilm-glasklar\/"},"modified":"2026-04-13T09:29:49","modified_gmt":"2026-04-13T07:29:49","slug":"ragasztofolia-kristalytiszta","status":"publish","type":"product","link":"https:\/\/antcube.shop\/hu\/termek\/ragasztofolia-kristalytiszta\/","title":{"rendered":"Krist\u00e1lytiszta \u00f6ntapad\u00f3s film"},"content":{"rendered":"<p><strong>M\u00e9retek (LxBxH):<\/strong> 10m x19 mm<\/p>\n<p><strong>Anyag:<\/strong> polipropil\u00e9n<\/p>\n<p><strong>Sz\u00edn:<\/strong> krist\u00e1lytiszta \/ \u00e1tl\u00e1tsz\u00f3<\/p>\n<p><strong>Tartalom:<\/strong><br \/>\n1x tekercs ragaszt\u00f3f\u00f3lia<\/p>\n<p><strong>Le\u00edr\u00e1s:<\/strong><br \/>\nIde\u00e1lis piros fed\u0151f\u00f3lia vagy fot\u00f3h\u00e1tfal r\u00f6gz\u00edt\u00e9s\u00e9hez a formik\u00e1riumhoz.<br \/>\nMagas \u00f6reged\u00e9si ellen\u00e1ll\u00e1ssal rendelkezik, nagyon szakad\u00e1s\u00e1ll\u00f3 \u00e9s er\u0151s tapad\u00f3er\u0151vel rendelkezik.<br \/>\n\u00dcveg\u00fcvegek \u00f6sszeragaszt\u00e1s\u00e1ra is alkalmas.<\/p>\n<p><strong>Alkalmaz\u00e1s:<\/strong><br \/>\nA ragaszt\u00f3szalag oll\u00f3val vagy v\u00e1g\u00f3k\u00e9ssel v\u00e1ghat\u00f3.<br \/>\nR\u00f6gz\u00edtse a fed\u0151f\u00f3li\u00e1t vagy a f\u00e9nyk\u00e9pet vissza a formaruhat\u00e1bl\u00e1ra, majd r\u00f6gz\u00edtse a ragaszt\u00f3szalaggal.<\/p>","protected":false},"excerpt":{"rendered":"<p>Le\u00edr\u00e1s: 1x tekercs \u00f6ntapad\u00f3s f\u00f3lia: Ide\u00e1lis piros fed\u0151f\u00f3lia vagy fot\u00f3h\u00e1tfal r\u00f6gz\u00edt\u00e9s\u00e9hez a formik\u00e1riumhoz. Magas \u00f6reged\u00e9s\u00e1ll\u00f3s\u00e1ggal rendelkezik, nagyon szakad\u00e1s\u00e1ll\u00f3 \u00e9s er\u0151s tapad\u00f3er\u0151vel rendelkezik. \u00dcvegt\u00e1bl\u00e1k egym\u00e1shoz ragaszt\u00e1s\u00e1ra is alkalmas. Alkalmaz\u00e1s:","protected":false},"featured_media":5007,"comment_status":"open","ping_status":"closed","template":"","meta":{"_acf_changed":false,"content-type":"","_monsterinsights_skip_tracking":false,"_monsterinsights_sitenote_active":false,"_monsterinsights_sitenote_note":"","_monsterinsights_sitenote_category":0},"product_brand":[],"product_cat":[237],"product_tag":[],"class_list":{"0":"post-4678","1":"product","2":"type-product","3":"status-publish","4":"has-post-thumbnail","6":"product_cat-tools","8":"first","9":"instock","10":"taxable","11":"shipping-taxable","12":"purchasable","13":"product-type-simple"},"acf":[],"aioseo_notices":[],"jetpack_sharing_enabled":true,"_links":{"self":[{"href":"https:\/\/antcube.shop\/hu\/wp-json\/wp\/v2\/product\/4678","targetHints":{"allow":["GET"]}}],"collection":[{"href":"https:\/\/antcube.shop\/hu\/wp-json\/wp\/v2\/product"}],"about":[{"href":"https:\/\/antcube.shop\/hu\/wp-json\/wp\/v2\/types\/product"}],"replies":[{"embeddable":true,"href":"https:\/\/antcube.shop\/hu\/wp-json\/wp\/v2\/comments?post=4678"}],"wp:featuredmedia":[{"embeddable":true,"href":"https:\/\/antcube.shop\/hu\/wp-json\/wp\/v2\/media\/5007"}],"wp:attachment":[{"href":"https:\/\/antcube.shop\/hu\/wp-json\/wp\/v2\/media?parent=4678"}],"wp:term":[{"taxonomy":"product_brand","embeddable":true,"href":"https:\/\/antcube.shop\/hu\/wp-json\/wp\/v2\/product_brand?post=4678"},{"taxonomy":"product_cat","embeddable":true,"href":"https:\/\/antcube.shop\/hu\/wp-json\/wp\/v2\/product_cat?post=4678"},{"taxonomy":"product_tag","embeddable":true,"href":"https:\/\/antcube.shop\/hu\/wp-json\/wp\/v2\/product_tag?post=4678"}],"curies":[{"name":"wp","href":"https:\/\/api.w.org\/{rel}","templated":true}]}}