{"id":4676,"date":"2022-11-14T14:40:53","date_gmt":"2022-11-14T13:40:53","guid":{"rendered":"https:\/\/antcube.shop\/produkt\/pinienrinde-100g\/"},"modified":"2026-04-20T09:56:56","modified_gmt":"2026-04-20T07:56:56","slug":"pinienrinde-100g-2","status":"publish","type":"product","link":"https:\/\/antcube.shop\/hu\/termek\/pinienrinde-100g-2\/","title":{"rendered":"Feny\u0151k\u00e9reg 100g"},"content":{"rendered":"<p><strong>Tartalom\/mennyis\u00e9g:<\/strong> 100g<\/p>\n<p>&nbsp;<\/p>\n<p><strong>Granul\u00e1l\u00e1s:<\/strong> 5 - 15 mm<\/p>\n<p><strong>Le\u00edr\u00e1s:<\/strong> Megtartja a nedvess\u00e9get, \u00e9s dekor\u00e1ci\u00f3s c\u00e9lokra is haszn\u00e1lhat\u00f3.<\/p>","protected":false},"excerpt":{"rendered":"<p><strong>Granul\u00e1l\u00e1s:<\/strong> 5 - 15 mm<\/p>","protected":false},"featured_media":5744,"comment_status":"open","ping_status":"closed","template":"","meta":{"_acf_changed":false,"content-type":"","_monsterinsights_skip_tracking":false,"_monsterinsights_sitenote_active":false,"_monsterinsights_sitenote_note":"","_monsterinsights_sitenote_category":0},"product_brand":[],"product_cat":[98,101],"product_tag":[],"class_list":{"0":"post-4676","1":"product","2":"type-product","3":"status-publish","4":"has-post-thumbnail","6":"product_cat-decoration","7":"product_cat-forest","9":"first","10":"instock","11":"taxable","12":"shipping-taxable","13":"purchasable","14":"product-type-simple"},"acf":[],"aioseo_notices":[],"jetpack_sharing_enabled":true,"_links":{"self":[{"href":"https:\/\/antcube.shop\/hu\/wp-json\/wp\/v2\/product\/4676","targetHints":{"allow":["GET"]}}],"collection":[{"href":"https:\/\/antcube.shop\/hu\/wp-json\/wp\/v2\/product"}],"about":[{"href":"https:\/\/antcube.shop\/hu\/wp-json\/wp\/v2\/types\/product"}],"replies":[{"embeddable":true,"href":"https:\/\/antcube.shop\/hu\/wp-json\/wp\/v2\/comments?post=4676"}],"wp:featuredmedia":[{"embeddable":true,"href":"https:\/\/antcube.shop\/hu\/wp-json\/wp\/v2\/media\/5744"}],"wp:attachment":[{"href":"https:\/\/antcube.shop\/hu\/wp-json\/wp\/v2\/media?parent=4676"}],"wp:term":[{"taxonomy":"product_brand","embeddable":true,"href":"https:\/\/antcube.shop\/hu\/wp-json\/wp\/v2\/product_brand?post=4676"},{"taxonomy":"product_cat","embeddable":true,"href":"https:\/\/antcube.shop\/hu\/wp-json\/wp\/v2\/product_cat?post=4676"},{"taxonomy":"product_tag","embeddable":true,"href":"https:\/\/antcube.shop\/hu\/wp-json\/wp\/v2\/product_tag?post=4676"}],"curies":[{"name":"wp","href":"https:\/\/api.w.org\/{rel}","templated":true}]}}