{"id":4675,"date":"2022-11-14T14:40:37","date_gmt":"2022-11-14T13:40:37","guid":{"rendered":"https:\/\/antcube.shop\/produkt\/zapfen-klein-20-stuck\/"},"modified":"2026-04-13T10:49:04","modified_gmt":"2026-04-13T08:49:04","slug":"zapfen-klein-20-stuck-2","status":"publish","type":"product","link":"https:\/\/antcube.shop\/hu\/termek\/zapfen-klein-20-stuck-2\/","title":{"rendered":"k\u00fapok - kicsi - 20 darab"},"content":{"rendered":"<p><strong>M\u00e9retek (LxBxH):<\/strong> kb. 20 x 10 x 10 mm<\/p>\n<p><strong>Anyag:<\/strong> \u00e9gertoboz - term\u00e9szetes term\u00e9k<\/p>\n<p><strong>Sz\u00edn:<\/strong> S\u00f6t\u00e9tbarn\u00e1t\u00f3l a feket\u00e9ig<\/p>\n<p><strong>Le\u00edr\u00e1s:<\/strong> Sz\u00e1r\u00edtott tobozok dekor\u00e1ci\u00f3s c\u00e9lokra<\/p>\n<p><strong>Megjegyz\u00e9s:<\/strong> Mivel ez egy term\u00e9szetes term\u00e9k, a m\u00e9ret, az alak \u00e9s a sz\u00edn kiss\u00e9 elt\u00e9rhet a k\u00e9pen l\u00e1that\u00f3t\u00f3l.<\/p>","protected":false},"excerpt":{"rendered":"<p><strong>M\u00e9ret:<\/strong>\u00a020 x 10 x 10 mm<\/p>","protected":false},"featured_media":5016,"comment_status":"open","ping_status":"closed","template":"","meta":{"_acf_changed":false,"content-type":"","_monsterinsights_skip_tracking":false,"_monsterinsights_sitenote_active":false,"_monsterinsights_sitenote_note":"","_monsterinsights_sitenote_category":0},"product_brand":[],"product_cat":[98,101],"product_tag":[],"class_list":{"0":"post-4675","1":"product","2":"type-product","3":"status-publish","4":"has-post-thumbnail","6":"product_cat-decoration","7":"product_cat-forest","9":"first","10":"instock","11":"taxable","12":"shipping-taxable","13":"purchasable","14":"product-type-simple"},"acf":[],"aioseo_notices":[],"jetpack_sharing_enabled":true,"_links":{"self":[{"href":"https:\/\/antcube.shop\/hu\/wp-json\/wp\/v2\/product\/4675","targetHints":{"allow":["GET"]}}],"collection":[{"href":"https:\/\/antcube.shop\/hu\/wp-json\/wp\/v2\/product"}],"about":[{"href":"https:\/\/antcube.shop\/hu\/wp-json\/wp\/v2\/types\/product"}],"replies":[{"embeddable":true,"href":"https:\/\/antcube.shop\/hu\/wp-json\/wp\/v2\/comments?post=4675"}],"wp:featuredmedia":[{"embeddable":true,"href":"https:\/\/antcube.shop\/hu\/wp-json\/wp\/v2\/media\/5016"}],"wp:attachment":[{"href":"https:\/\/antcube.shop\/hu\/wp-json\/wp\/v2\/media?parent=4675"}],"wp:term":[{"taxonomy":"product_brand","embeddable":true,"href":"https:\/\/antcube.shop\/hu\/wp-json\/wp\/v2\/product_brand?post=4675"},{"taxonomy":"product_cat","embeddable":true,"href":"https:\/\/antcube.shop\/hu\/wp-json\/wp\/v2\/product_cat?post=4675"},{"taxonomy":"product_tag","embeddable":true,"href":"https:\/\/antcube.shop\/hu\/wp-json\/wp\/v2\/product_tag?post=4675"}],"curies":[{"name":"wp","href":"https:\/\/api.w.org\/{rel}","templated":true}]}}