{"id":4674,"date":"2022-11-14T14:40:20","date_gmt":"2022-11-14T13:40:20","guid":{"rendered":"https:\/\/antcube.shop\/produkt\/zapfen-mittel-10-stuck\/"},"modified":"2026-03-24T18:13:05","modified_gmt":"2026-03-24T17:13:05","slug":"kupok-kozepes-10-darab","status":"publish","type":"product","link":"https:\/\/antcube.shop\/hu\/termek\/kupok-kozepes-10-darab\/","title":{"rendered":"k\u00fapok - k\u00f6zepes - 10 db"},"content":{"rendered":"<p><strong>M\u00e9ret:<\/strong> kb. 2-3cm<br \/>\n<strong>Tartalom:<\/strong> 10 darab<\/p>\n<p><strong>Inform\u00e1ci\u00f3:<\/strong><br \/>\nHasonl\u00f3 a k\u00e9pen l\u00e1that\u00f3hoz, mert term\u00e9szetes term\u00e9k.<\/p>\n<p><strong>Haszn\u00e1lat:<\/strong><br \/>\nAz \u00fcregek ide\u00e1lis b\u00fav\u00f3- \u00e9s f\u00e9szkel\u0151helyet biztos\u00edtanak a hangy\u00e1k sz\u00e1m\u00e1ra.<\/p>","protected":false},"excerpt":{"rendered":"<p><strong>M\u00e9ret: <\/strong>kb. 2-3cm<\/p>","protected":false},"featured_media":5145,"comment_status":"open","ping_status":"closed","template":"","meta":{"_acf_changed":false,"content-type":"","_monsterinsights_skip_tracking":false,"_monsterinsights_sitenote_active":false,"_monsterinsights_sitenote_note":"","_monsterinsights_sitenote_category":0},"product_brand":[],"product_cat":[98,101,102],"product_tag":[],"class_list":{"0":"post-4674","1":"product","2":"type-product","3":"status-publish","4":"has-post-thumbnail","6":"product_cat-decoration","7":"product_cat-forest","8":"product_cat-meadow","10":"first","11":"instock","12":"taxable","13":"shipping-taxable","14":"purchasable","15":"product-type-simple"},"acf":[],"aioseo_notices":[],"jetpack_sharing_enabled":true,"_links":{"self":[{"href":"https:\/\/antcube.shop\/hu\/wp-json\/wp\/v2\/product\/4674","targetHints":{"allow":["GET"]}}],"collection":[{"href":"https:\/\/antcube.shop\/hu\/wp-json\/wp\/v2\/product"}],"about":[{"href":"https:\/\/antcube.shop\/hu\/wp-json\/wp\/v2\/types\/product"}],"replies":[{"embeddable":true,"href":"https:\/\/antcube.shop\/hu\/wp-json\/wp\/v2\/comments?post=4674"}],"wp:featuredmedia":[{"embeddable":true,"href":"https:\/\/antcube.shop\/hu\/wp-json\/wp\/v2\/media\/5145"}],"wp:attachment":[{"href":"https:\/\/antcube.shop\/hu\/wp-json\/wp\/v2\/media?parent=4674"}],"wp:term":[{"taxonomy":"product_brand","embeddable":true,"href":"https:\/\/antcube.shop\/hu\/wp-json\/wp\/v2\/product_brand?post=4674"},{"taxonomy":"product_cat","embeddable":true,"href":"https:\/\/antcube.shop\/hu\/wp-json\/wp\/v2\/product_cat?post=4674"},{"taxonomy":"product_tag","embeddable":true,"href":"https:\/\/antcube.shop\/hu\/wp-json\/wp\/v2\/product_tag?post=4674"}],"curies":[{"name":"wp","href":"https:\/\/api.w.org\/{rel}","templated":true}]}}