{"id":4660,"date":"2022-11-14T14:36:25","date_gmt":"2022-11-14T13:36:25","guid":{"rendered":"https:\/\/antcube.shop\/produkt\/wassergel-500ml-gebrauchsfertig\/"},"modified":"2026-04-16T16:06:26","modified_gmt":"2026-04-16T14:06:26","slug":"wassergel-500ml-gebrauchsfertig-2","status":"publish","type":"product","link":"https:\/\/antcube.shop\/hu\/termek\/wassergel-500ml-gebrauchsfertig-2\/","title":{"rendered":"V\u00edzg\u00e9l 500ml - haszn\u00e1latra k\u00e9sz"},"content":{"rendered":"<p><strong>Tartalom:<\/strong> 500 ml<\/p>\n<p><strong>Le\u00edr\u00e1s:<\/strong> A v\u00edzg\u00e9l g\u00e9l form\u00e1j\u00fa v\u00edz, ez\u00e9rt nagyon k\u00f6nnyen \u00e9s rugalmasan haszn\u00e1lhat\u00f3. Nincs sz\u00fcks\u00e9g vizes t\u00e1lra, amelyet az \u00e1llatok \u00f6sszepiszkolhatnak \u00e9s belefulladhatnak, de ezzel a g\u00e9llel m\u00e9gis elegend\u0151 nedvess\u00e9get biztos\u00edthat sz\u00e1mukra. A v\u00edzg\u00e9l az \u00e1llatok etet\u00e9s\u00e9re is haszn\u00e1lhat\u00f3, ami hosszabb ideig \u00e9letben tartja \u0151ket.<\/p>","protected":false},"excerpt":{"rendered":"<p>Tartalom: Le\u00edr\u00e1s: 500 ml: A v\u00edzg\u00e9l g\u00e9l form\u00e1j\u00fa v\u00edz, ez\u00e9rt nagyon k\u00f6nnyen \u00e9s rugalmasan haszn\u00e1lhat\u00f3. Nincs sz\u00fcks\u00e9g vizes t\u00e1lra, amit az \u00e1llatok \u00f6sszepiszkolhatnak \u00e9s belefulladhatnak, de ennek ellen\u00e9re elegend\u0151 nedvess\u00e9get biztos\u00edthatsz sz\u00e1mukra ezzel a g\u00e9llel. A v\u00edzg\u00e9l az \u00e1llatok etet\u00e9s\u00e9re is haszn\u00e1lhat\u00f3,","protected":false},"featured_media":5038,"comment_status":"open","ping_status":"closed","template":"","meta":{"_acf_changed":false,"content-type":"","_monsterinsights_skip_tracking":false,"_monsterinsights_sitenote_active":false,"_monsterinsights_sitenote_note":"","_monsterinsights_sitenote_category":0},"product_brand":[],"product_cat":[115,116],"product_tag":[],"class_list":{"0":"post-4660","1":"product","2":"type-product","3":"status-publish","4":"has-post-thumbnail","6":"product_cat-food-and-feeding","7":"product_cat-food","9":"first","10":"instock","11":"taxable","12":"shipping-taxable","13":"purchasable","14":"product-type-simple"},"acf":[],"aioseo_notices":[],"jetpack_sharing_enabled":true,"_links":{"self":[{"href":"https:\/\/antcube.shop\/hu\/wp-json\/wp\/v2\/product\/4660","targetHints":{"allow":["GET"]}}],"collection":[{"href":"https:\/\/antcube.shop\/hu\/wp-json\/wp\/v2\/product"}],"about":[{"href":"https:\/\/antcube.shop\/hu\/wp-json\/wp\/v2\/types\/product"}],"replies":[{"embeddable":true,"href":"https:\/\/antcube.shop\/hu\/wp-json\/wp\/v2\/comments?post=4660"}],"wp:featuredmedia":[{"embeddable":true,"href":"https:\/\/antcube.shop\/hu\/wp-json\/wp\/v2\/media\/5038"}],"wp:attachment":[{"href":"https:\/\/antcube.shop\/hu\/wp-json\/wp\/v2\/media?parent=4660"}],"wp:term":[{"taxonomy":"product_brand","embeddable":true,"href":"https:\/\/antcube.shop\/hu\/wp-json\/wp\/v2\/product_brand?post=4660"},{"taxonomy":"product_cat","embeddable":true,"href":"https:\/\/antcube.shop\/hu\/wp-json\/wp\/v2\/product_cat?post=4660"},{"taxonomy":"product_tag","embeddable":true,"href":"https:\/\/antcube.shop\/hu\/wp-json\/wp\/v2\/product_tag?post=4660"}],"curies":[{"name":"wp","href":"https:\/\/api.w.org\/{rel}","templated":true}]}}