{"id":4656,"date":"2022-11-14T14:35:20","date_gmt":"2022-11-14T13:35:20","guid":{"rendered":"https:\/\/antcube.shop\/produkt\/regenwaldhonig-re-nachfullpack-10ml\/"},"modified":"2026-04-05T11:59:16","modified_gmt":"2026-04-05T09:59:16","slug":"regenwaldhonig-re-nachfullpack-10ml","status":"publish","type":"product","link":"https:\/\/antcube.shop\/hu\/termek\/regenwaldhonig-re-nachfullpack-10ml\/","title":{"rendered":"Rainforest Honey (Re) - ut\u00e1nt\u00f6lt\u0151 csomag 10ml"},"content":{"rendered":"<p><strong>Tartalom:<\/strong> 10 ml<\/p>\n<p><strong>Le\u00edr\u00e1s:<\/strong> Ez egy tiszta term\u00e9szetes term\u00e9k. A m\u00e9z es\u0151erd\u0151kb\u0151l sz\u00e1rmazik, ez\u00e9rt ide\u00e1lis az es\u0151erd\u0151kben \u0151shonos hangyafajok sz\u00e1m\u00e1ra.<\/p>\n<p><strong>Alkalmaz\u00e1s:<\/strong> A t\u00e1pcs\u0151 eg\u00e9szben is elhelyezhet\u0151 a formik\u00e1riumban, vagy sz\u00fcks\u00e9g szerint\/ a kol\u00f3nia m\u00e9ret\u00e9nek megfelel\u0151en kisebb mennyis\u00e9geket adhatunk egy etet\u0151t\u00e1lba. A t\u00e1pl\u00e1l\u00e9k mennyis\u00e9g\u00e9t kb. 3 napon bel\u00fcl fel kell haszn\u00e1lni, k\u00fcl\u00f6nben fenn\u00e1ll a pen\u00e9szed\u00e9s vesz\u00e9lye, \u00e9s ugyanezen okb\u00f3l kifoly\u00f3lag \u00fajrat\u00f6lt\u00e9s el\u0151tt tiszt\u00edtsa meg az etet\u0151t\u00e1lat.<\/p>\n<p><strong>Haszn\u00e1lat:<\/strong><br \/>\nSivatagi m\u00e9z = m\u00e9zev\u0151 hangyafajok (Meliphagidae).<br \/>\nKieg\u00e9sz\u00edt\u0151 takarm\u00e1ny (egyszeri takarm\u00e1ny).<br \/>\nAz \u00e1llatoknak \u00e1tadott \u00e1llapotban is fel lehet aj\u00e1nlani. Mivel a nedvess\u00e9g cs\u00f6kkenti a cukorkoncentr\u00e1ci\u00f3t, \u00e9s erjed\u00e9si folyamat indul be, a takarm\u00e1nyt 3 naponta ki kell cser\u00e9lni. \u00dajb\u00f3li felhaszn\u00e1l\u00e1s el\u0151tt alaposan tiszt\u00edtsa meg az etet\u0151t\u00e1lat\/cs\u00f6vet.<br \/>\nA felbontott csomagot szorosan lez\u00e1rva kell felhaszn\u00e1lni a felt\u00fcntetett (min\u0151s\u00e9gmeg\u0151rz\u00e9si) d\u00e1tumig.<\/p>\n<p><strong>Tartalmazza:<\/strong> A m\u00e9z \u00f6sszetev\u0151i \u00e1ltal\u00e1ban a m\u00e9z fajt\u00e1j\u00e1t\u00f3l f\u00fcgg\u0151en v\u00e1ltoznak az ar\u00e1nyok.<br \/>\n- kb. 38 % gy\u00fcm\u00f6lcscukor (frukt\u00f3z)<br \/>\n- kb. 32 % dextr\u00f3z (gl\u00fck\u00f3z)<br \/>\n- kb. 20 % v\u00edz<br \/>\n- kb. 5 % t\u00f6bbsz\u00f6r\u00f6s cukor<br \/>\n- kb. 5 % vitamin (B1, B2, B6, C, H)<br \/>\n\u00c1sv\u00e1nyi anyagok (k\u00e1lium, kalcium, r\u00e9z, vas, n\u00e1trium, magn\u00e9zium, foszfor, cink \u00e9s egy\u00e9b nyomelemek). Aminosavak (prolin, leucin, fenilalanin, alanin, hisztidin, izoleucin, glutaminsav, arginin, aszparaginsav stb.) Szerves savak Enzimek (fermentumok)\u00cdzes\u00edt\u0151k Inhibinek (antibakteri\u00e1lis anyagok) Vir\u00e1gpor.<\/p>\n<p><strong>T\u00e1rol\u00e1s:<\/strong> a takarm\u00e1ny min\u0151s\u00e9g\u00e9nek biztos\u00edt\u00e1sa \u00e9rdek\u00e9ben s\u00f6t\u00e9t \u00e9s sz\u00e1raz helyen kell t\u00e1rolni.<\/p>\n<p><strong>\u00c9rtes\u00edt\u00e9s:<\/strong><br \/>\nA t\u00e1pcs\u00f6vek haszn\u00e1lat\u00e1ra vonatkoz\u00f3 inform\u00e1ci\u00f3k itt tal\u00e1lhat\u00f3k: Link<br \/>\nKieg\u00e9sz\u00edt\u0151 takarm\u00e1ny m\u00e9zev\u0151 hangy\u00e1k sz\u00e1m\u00e1ra.<br \/>\nAz \u00f6sszet\u00e9telt, az analitikai \u00f6sszetev\u0151ket, a min\u0151s\u00e9gmeg\u0151rz\u00e9si id\u0151t \u00e9s a t\u00e9telsz\u00e1mot l\u00e1sd a betegt\u00e1j\u00e9koztat\u00f3ban.<\/p>\n<p>Inform\u00e1ci\u00f3s forr\u00f3dr\u00f3t +49 30 439703870<\/p>\n<p>Felel\u0151s \u00e1llat-eg\u00e9szs\u00e9g\u00fcgyi \u00e9s \u00e9lelmiszer-fel\u00fcgyeleti hat\u00f3s\u00e1g:<br \/>\nSteglitz \u00e1llatorvosi rendel\u0151<br \/>\nK\u00f6nigin-Luise-Str. 92<br \/>\n14195 Berlin<\/p>","protected":false},"excerpt":{"rendered":"<p>Kieg\u00e9sz\u00edt\u0151 \u00e9lelmiszerek<\/p>","protected":false},"featured_media":5055,"comment_status":"open","ping_status":"closed","template":"","meta":{"_acf_changed":false,"content-type":"","_monsterinsights_skip_tracking":false,"_monsterinsights_sitenote_active":false,"_monsterinsights_sitenote_note":"","_monsterinsights_sitenote_category":0},"product_brand":[],"product_cat":[115,116],"product_tag":[],"class_list":{"0":"post-4656","1":"product","2":"type-product","3":"status-publish","4":"has-post-thumbnail","6":"product_cat-food-and-feeding","7":"product_cat-food","9":"first","10":"instock","11":"taxable","12":"shipping-taxable","13":"purchasable","14":"product-type-simple"},"acf":[],"aioseo_notices":[],"jetpack_sharing_enabled":true,"_links":{"self":[{"href":"https:\/\/antcube.shop\/hu\/wp-json\/wp\/v2\/product\/4656","targetHints":{"allow":["GET"]}}],"collection":[{"href":"https:\/\/antcube.shop\/hu\/wp-json\/wp\/v2\/product"}],"about":[{"href":"https:\/\/antcube.shop\/hu\/wp-json\/wp\/v2\/types\/product"}],"replies":[{"embeddable":true,"href":"https:\/\/antcube.shop\/hu\/wp-json\/wp\/v2\/comments?post=4656"}],"wp:featuredmedia":[{"embeddable":true,"href":"https:\/\/antcube.shop\/hu\/wp-json\/wp\/v2\/media\/5055"}],"wp:attachment":[{"href":"https:\/\/antcube.shop\/hu\/wp-json\/wp\/v2\/media?parent=4656"}],"wp:term":[{"taxonomy":"product_brand","embeddable":true,"href":"https:\/\/antcube.shop\/hu\/wp-json\/wp\/v2\/product_brand?post=4656"},{"taxonomy":"product_cat","embeddable":true,"href":"https:\/\/antcube.shop\/hu\/wp-json\/wp\/v2\/product_cat?post=4656"},{"taxonomy":"product_tag","embeddable":true,"href":"https:\/\/antcube.shop\/hu\/wp-json\/wp\/v2\/product_tag?post=4656"}],"curies":[{"name":"wp","href":"https:\/\/api.w.org\/{rel}","templated":true}]}}