{"id":4655,"date":"2022-11-14T14:35:04","date_gmt":"2022-11-14T13:35:04","guid":{"rendered":"https:\/\/antcube.shop\/produkt\/zucker-honiglosung-zh-nachfullpack-10ml\/"},"modified":"2026-04-03T11:58:54","modified_gmt":"2026-04-03T09:58:54","slug":"zucker-honiglosung-zh-nachfullpack-10ml","status":"publish","type":"product","link":"https:\/\/antcube.shop\/hu\/termek\/zucker-honiglosung-zh-nachfullpack-10ml\/","title":{"rendered":"Cukros-m\u00e9zes oldat (ZH) - ut\u00e1nt\u00f6lt\u0151 csomag 10ml"},"content":{"rendered":"<p><strong>Tartalom:<\/strong> 10 ml<\/p>\n<p><strong>Le\u00edr\u00e1s:<\/strong> Ez egy k\u00fcl\u00f6nb\u00f6z\u0151 sz\u00e9nhidr\u00e1tokb\u00f3l (p\u00e9ld\u00e1ul m\u00e9zb\u0151l \u00e9s cukorb\u00f3l) \u00e1ll\u00f3 term\u00e9k.<\/p>\n<p><strong>Alkalmaz\u00e1s:<\/strong> A t\u00e1pcs\u0151 eg\u00e9szben is elhelyezhet\u0151 a formik\u00e1riumban, vagy sz\u00fcks\u00e9g szerint\/ a kol\u00f3nia m\u00e9ret\u00e9nek megfelel\u0151en kisebb mennyis\u00e9geket adhatunk egy etet\u0151t\u00e1lba. A t\u00e1pl\u00e1l\u00e9k mennyis\u00e9g\u00e9t kb. 3 napon bel\u00fcl el kell fogyasztani, k\u00fcl\u00f6nben fenn\u00e1ll a pen\u00e9szed\u00e9s vesz\u00e9lye, \u00e9s ugyanezen okb\u00f3l kifoly\u00f3lag \u00fajrat\u00f6lt\u00e9s el\u0151tt tiszt\u00edtsa meg az etet\u0151t\u00e1lat.<\/p>\n<p><strong>Haszn\u00e1lat:<\/strong><br \/>\nSz\u00e9nhidr\u00e1ttartalm\u00fa t\u00e1pl\u00e1l\u00e9k = cukor\/m\u00e9zev\u0151 hangyafajok sz\u00e1m\u00e1ra.<br \/>\nKieg\u00e9sz\u00edt\u0151 takarm\u00e1ny (kevert takarm\u00e1ny).<br \/>\nEgy csepp v\u00edzzel \u00f6sszekeverhet\u0151, \u00e9s nedvesen 3 napig eltarthat\u00f3. \u00dajb\u00f3li felhaszn\u00e1l\u00e1s el\u0151tt alaposan tiszt\u00edtsa meg az etet\u0151t\u00e1lat\/cs\u00f6vet.<br \/>\nA felbontott csomagot szorosan lez\u00e1rva (ha sz\u00e1razon t\u00e1rolj\u00e1k) a felt\u00fcntetett (min\u0151s\u00e9gmeg\u0151rz\u00e9si id\u0151) id\u0151pontig kell felhaszn\u00e1lni.<\/p>\n<p><strong>Tartalmazza:<\/strong><br \/>\nFrukt\u00f3z 27-44%,<br \/>\nGl\u00fck\u00f3z 22-41%,<br \/>\nSzachar\u00f3z 5%-ig,<br \/>\nmalt\u00f3z 4 - 14%,<br \/>\negy\u00e9b t\u00f6bbsz\u00f6r\u00f6s cukrok 1-t\u0151l 14%-ig.<br \/>\n<strong>Zs\u00edr:<\/strong> 0g<br \/>\n<strong>Sz\u00e9nhidr\u00e1tok:<\/strong> 92g<br \/>\n<strong>Feh\u00e9rje:<\/strong> 0g<br \/>\n<strong>S\u00f3:<\/strong> 0g<\/p>\n<p>T\u00e1rol\u00e1s: a takarm\u00e1ny min\u0151s\u00e9g\u00e9nek biztos\u00edt\u00e1sa \u00e9rdek\u00e9ben s\u00f6t\u00e9t \u00e9s sz\u00e1raz helyen kell t\u00e1rolni.<\/p>\n<p><strong>\u00c9rtes\u00edt\u00e9s:<\/strong><br \/>\nA t\u00e1pcs\u00f6vek haszn\u00e1lat\u00e1ra vonatkoz\u00f3 inform\u00e1ci\u00f3k itt tal\u00e1lhat\u00f3k: Link<br \/>\nAz \u00f6sszet\u00e9telt, az analitikai \u00f6sszetev\u0151ket, a min\u0151s\u00e9gmeg\u0151rz\u00e9si id\u0151t \u00e9s a t\u00e9telsz\u00e1mot l\u00e1sd a betegt\u00e1j\u00e9koztat\u00f3ban.<\/p>\n<p>Inform\u00e1ci\u00f3s forr\u00f3dr\u00f3t +49 30 439703870<\/p>\n<p>Felel\u0151s \u00e1llat-eg\u00e9szs\u00e9g\u00fcgyi \u00e9s \u00e9lelmiszer-fel\u00fcgyeleti hat\u00f3s\u00e1g:<br \/>\nSteglitz \u00e1llatorvosi rendel\u0151<br \/>\nK\u00f6nigin-Luise-Str. 92<br \/>\n14195 Berlin<\/p>","protected":false},"excerpt":{"rendered":"<p>Kieg\u00e9sz\u00edt\u0151 \u00e9lelmiszerek<\/p>","protected":false},"featured_media":5058,"comment_status":"open","ping_status":"closed","template":"","meta":{"_acf_changed":false,"content-type":"","_monsterinsights_skip_tracking":false,"_monsterinsights_sitenote_active":false,"_monsterinsights_sitenote_note":"","_monsterinsights_sitenote_category":0},"product_brand":[],"product_cat":[115,116],"product_tag":[],"class_list":{"0":"post-4655","1":"product","2":"type-product","3":"status-publish","4":"has-post-thumbnail","6":"product_cat-food-and-feeding","7":"product_cat-food","9":"first","10":"instock","11":"taxable","12":"shipping-taxable","13":"purchasable","14":"product-type-simple"},"acf":[],"aioseo_notices":[],"jetpack_sharing_enabled":true,"_links":{"self":[{"href":"https:\/\/antcube.shop\/hu\/wp-json\/wp\/v2\/product\/4655","targetHints":{"allow":["GET"]}}],"collection":[{"href":"https:\/\/antcube.shop\/hu\/wp-json\/wp\/v2\/product"}],"about":[{"href":"https:\/\/antcube.shop\/hu\/wp-json\/wp\/v2\/types\/product"}],"replies":[{"embeddable":true,"href":"https:\/\/antcube.shop\/hu\/wp-json\/wp\/v2\/comments?post=4655"}],"wp:featuredmedia":[{"embeddable":true,"href":"https:\/\/antcube.shop\/hu\/wp-json\/wp\/v2\/media\/5058"}],"wp:attachment":[{"href":"https:\/\/antcube.shop\/hu\/wp-json\/wp\/v2\/media?parent=4655"}],"wp:term":[{"taxonomy":"product_brand","embeddable":true,"href":"https:\/\/antcube.shop\/hu\/wp-json\/wp\/v2\/product_brand?post=4655"},{"taxonomy":"product_cat","embeddable":true,"href":"https:\/\/antcube.shop\/hu\/wp-json\/wp\/v2\/product_cat?post=4655"},{"taxonomy":"product_tag","embeddable":true,"href":"https:\/\/antcube.shop\/hu\/wp-json\/wp\/v2\/product_tag?post=4655"}],"curies":[{"name":"wp","href":"https:\/\/api.w.org\/{rel}","templated":true}]}}