{"id":4652,"date":"2022-11-14T14:34:16","date_gmt":"2022-11-14T13:34:16","guid":{"rendered":"https:\/\/antcube.shop\/produkt\/kornerfutter-minor-mi-nachfullpack-20ml\/"},"modified":"2026-04-10T09:16:29","modified_gmt":"2026-04-10T07:16:29","slug":"kornerfutter-minor-mi-nachfullpack-20ml","status":"publish","type":"product","link":"https:\/\/antcube.shop\/hu\/termek\/kornerfutter-minor-mi-nachfullpack-20ml\/","title":{"rendered":"Gabonat\u00e1p Minor (Mi) - ut\u00e1nt\u00f6lt\u0151 csomag 20ml"},"content":{"rendered":"<p><strong>Tartalom:<\/strong> 20ml (kb. 10g-nak felel meg).<\/p>\n<p><strong>Le\u00edr\u00e1s:<\/strong> Finom szemek\/magvak az olyan gabonagy\u0171jt\u0151 hangyafajok fiatal kol\u00f3ni\u00e1i sz\u00e1m\u00e1ra, mint a Messor nemzets\u00e9g, amelyek m\u00e9g mindig els\u0151sorban kisebb dolgoz\u00f3kat tartalmaznak.<\/p>\n<p><strong>\u00c9rtes\u00edt\u00e9s:<\/strong><br \/>\nAz etet\u0151cs\u00f6vek haszn\u00e1lat\u00e1ra vonatkoz\u00f3 inform\u00e1ci\u00f3k itt tal\u00e1lhat\u00f3k: Link<br \/>\nKieg\u00e9sz\u00edt\u0151 takarm\u00e1ny a szemcsem\u00e9rges hangy\u00e1k sz\u00e1m\u00e1ra.<br \/>\nAz \u00f6sszet\u00e9telt, az analitikai \u00f6sszetev\u0151ket, a min\u0151s\u00e9gmeg\u0151rz\u00e9si id\u0151t \u00e9s a t\u00e9telsz\u00e1mot l\u00e1sd a betegt\u00e1j\u00e9koztat\u00f3ban.<\/p>\n<p>Inform\u00e1ci\u00f3s forr\u00f3dr\u00f3t +49 30 439703870<\/p>\n<p>Felel\u0151s \u00e1llat-eg\u00e9szs\u00e9g\u00fcgyi \u00e9s \u00e9lelmiszer-fel\u00fcgyeleti hat\u00f3s\u00e1g:<br \/>\nSteglitz \u00e1llatorvosi rendel\u0151<br \/>\nK\u00f6nigin-Luise-Str. 92<br \/>\n14195 Berlin<\/p>","protected":false},"excerpt":{"rendered":"<p>Kieg\u00e9sz\u00edt\u0151 \u00e9lelmiszerek<\/p>","protected":false},"featured_media":5741,"comment_status":"open","ping_status":"closed","template":"","meta":{"_acf_changed":false,"content-type":"","_monsterinsights_skip_tracking":false,"_monsterinsights_sitenote_active":false,"_monsterinsights_sitenote_note":"","_monsterinsights_sitenote_category":0},"product_brand":[],"product_cat":[115,116],"product_tag":[],"class_list":{"0":"post-4652","1":"product","2":"type-product","3":"status-publish","4":"has-post-thumbnail","6":"product_cat-food-and-feeding","7":"product_cat-food","9":"first","10":"instock","11":"taxable","12":"shipping-taxable","13":"purchasable","14":"product-type-simple"},"acf":[],"aioseo_notices":[],"jetpack_sharing_enabled":true,"_links":{"self":[{"href":"https:\/\/antcube.shop\/hu\/wp-json\/wp\/v2\/product\/4652","targetHints":{"allow":["GET"]}}],"collection":[{"href":"https:\/\/antcube.shop\/hu\/wp-json\/wp\/v2\/product"}],"about":[{"href":"https:\/\/antcube.shop\/hu\/wp-json\/wp\/v2\/types\/product"}],"replies":[{"embeddable":true,"href":"https:\/\/antcube.shop\/hu\/wp-json\/wp\/v2\/comments?post=4652"}],"wp:featuredmedia":[{"embeddable":true,"href":"https:\/\/antcube.shop\/hu\/wp-json\/wp\/v2\/media\/5741"}],"wp:attachment":[{"href":"https:\/\/antcube.shop\/hu\/wp-json\/wp\/v2\/media?parent=4652"}],"wp:term":[{"taxonomy":"product_brand","embeddable":true,"href":"https:\/\/antcube.shop\/hu\/wp-json\/wp\/v2\/product_brand?post=4652"},{"taxonomy":"product_cat","embeddable":true,"href":"https:\/\/antcube.shop\/hu\/wp-json\/wp\/v2\/product_cat?post=4652"},{"taxonomy":"product_tag","embeddable":true,"href":"https:\/\/antcube.shop\/hu\/wp-json\/wp\/v2\/product_tag?post=4652"}],"curies":[{"name":"wp","href":"https:\/\/api.w.org\/{rel}","templated":true}]}}