{"id":4648,"date":"2022-11-14T14:33:14","date_gmt":"2022-11-14T13:33:14","guid":{"rendered":"https:\/\/antcube.shop\/produkt\/himbeerblatter-100g-getrocknet\/"},"modified":"2026-04-02T09:54:04","modified_gmt":"2026-04-02T07:54:04","slug":"himbeerblatter-100g-getrocknet","status":"publish","type":"product","link":"https:\/\/antcube.shop\/hu\/termek\/himbeerblatter-100g-getrocknet\/","title":{"rendered":"M\u00e1lnalevelek 100g - sz\u00e1r\u00edtva"},"content":{"rendered":"<p><strong>Tartalom:<\/strong><br \/>\n100 g sz\u00e1r\u00edtott m\u00e1lnalev\u00e9l<\/p>\n<p><strong>Le\u00edr\u00e1s:<\/strong><br \/>\nA m\u00e1lnalevelek mint a gomb\u00e1s hangyafajok teny\u00e9sz\u0151helyei. Ez egy tiszt\u00e1n term\u00e9szetes term\u00e9k.<\/p>\n<p><strong>Haszn\u00e1lat:<\/strong><br \/>\nM\u00e1lnalevelek = gombateny\u00e9szt\u0151 hangyafajok sz\u00e1m\u00e1ra.<br \/>\nA sz\u00e1raz levelek csak t\u00e1ptalajul szolg\u00e1lnak a lev\u00e9lv\u00e1g\u00f3 hangy\u00e1k gomb\u00e1j\u00e1nak (c\u00e9lszer\u0171 ugyanakkor cukros folyad\u00e9kot k\u00edn\u00e1lni a hi\u00e1nyz\u00f3 n\u00f6v\u00e9nyi nedvek p\u00f3tl\u00e1s\u00e1ra). Az etetend\u0151 leveleket egyszer\u0171en helyezze a sz\u00e1raz eles\u00e9gkamr\u00e1ba. A friss leveleket azonban az \u00e1llatok jobban kedvelik. A sz\u00e1r\u00edtott levelek ez\u00e9rt legink\u00e1bb az olyan id\u0151szakok \u00e1thidal\u00e1s\u00e1ra alkalmasak, amikor nem lehet k\u00edn\u00e1lni semmit.<\/p>\n<p><strong>T\u00e1rol\u00e1s:<\/strong><br \/>\nSz\u00e1raz k\u00f6rnyezetben<\/p>\n<p><strong>Tartalmazza:<\/strong><br \/>\n100% sz\u00e1r\u00edtott m\u00e1lnalevelek<\/p>","protected":false},"excerpt":{"rendered":"<p>Kieg\u00e9sz\u00edt\u0151 \u00e9lelmiszerek<\/p>","protected":false},"featured_media":5115,"comment_status":"open","ping_status":"closed","template":"","meta":{"_acf_changed":false,"content-type":"","_monsterinsights_skip_tracking":false,"_monsterinsights_sitenote_active":false,"_monsterinsights_sitenote_note":"","_monsterinsights_sitenote_category":0},"product_brand":[],"product_cat":[115,116],"product_tag":[],"class_list":{"0":"post-4648","1":"product","2":"type-product","3":"status-publish","4":"has-post-thumbnail","6":"product_cat-food-and-feeding","7":"product_cat-food","9":"first","10":"instock","11":"taxable","12":"shipping-taxable","13":"purchasable","14":"product-type-simple"},"acf":[],"aioseo_notices":[],"jetpack_sharing_enabled":true,"_links":{"self":[{"href":"https:\/\/antcube.shop\/hu\/wp-json\/wp\/v2\/product\/4648","targetHints":{"allow":["GET"]}}],"collection":[{"href":"https:\/\/antcube.shop\/hu\/wp-json\/wp\/v2\/product"}],"about":[{"href":"https:\/\/antcube.shop\/hu\/wp-json\/wp\/v2\/types\/product"}],"replies":[{"embeddable":true,"href":"https:\/\/antcube.shop\/hu\/wp-json\/wp\/v2\/comments?post=4648"}],"wp:featuredmedia":[{"embeddable":true,"href":"https:\/\/antcube.shop\/hu\/wp-json\/wp\/v2\/media\/5115"}],"wp:attachment":[{"href":"https:\/\/antcube.shop\/hu\/wp-json\/wp\/v2\/media?parent=4648"}],"wp:term":[{"taxonomy":"product_brand","embeddable":true,"href":"https:\/\/antcube.shop\/hu\/wp-json\/wp\/v2\/product_brand?post=4648"},{"taxonomy":"product_cat","embeddable":true,"href":"https:\/\/antcube.shop\/hu\/wp-json\/wp\/v2\/product_cat?post=4648"},{"taxonomy":"product_tag","embeddable":true,"href":"https:\/\/antcube.shop\/hu\/wp-json\/wp\/v2\/product_tag?post=4648"}],"curies":[{"name":"wp","href":"https:\/\/api.w.org\/{rel}","templated":true}]}}