{"id":4642,"date":"2022-11-14T14:31:41","date_gmt":"2022-11-14T13:31:41","guid":{"rendered":"https:\/\/antcube.shop\/produkt\/jelly-food-brauner-zucker-16g\/"},"modified":"2026-04-09T19:27:11","modified_gmt":"2026-04-09T17:27:11","slug":"zsele-elelmiszer-barna-cukor-16g-2","status":"publish","type":"product","link":"https:\/\/antcube.shop\/hu\/termek\/zsele-elelmiszer-barna-cukor-16g-2\/","title":{"rendered":"Jelly Food barna cukor 16g"},"content":{"rendered":"<p><strong>Mennyis\u00e9g:<\/strong> 16g<\/p>\n<p><strong>Le\u00edr\u00e1s:<\/strong><br \/>\nA vitaminok \u00e9s a feh\u00e9rj\u00e9k minden szervezet alapvet\u0151 \u00e9p\u00edt\u0151k\u00f6vei. Egyeseket a szervezet maga is el\u0151 tud \u00e1ll\u00edtani, m\u00e1sokat viszont t\u00e1pl\u00e1l\u00e9kkal kell bevinni.<br \/>\nA rovarok szerelmesei vil\u00e1gszerte nagyra \u00e9rt\u00e9kelik ezt a t\u00e1pszert, mert a \"kedvenceik\" kiegyens\u00falyozott t\u00e1pl\u00e1l\u00e1s\u00e1val el\u0151seg\u00edti a szaporod\u00e1st \u00e9s meghosszabb\u00edtja az \u00e9letet.<\/p>\n<p><strong>\u00d6sszetev\u0151k:<\/strong><br \/>\n\u00d6sszet\u00e9tel: v\u00edz, gy\u00fcm\u00f6lcscukorszirup, cukor<br \/>\nAnalitikai \u00f6sszetev\u0151k: Nedvess\u00e9g 65%<\/p>\n<p><strong>Haszn\u00e1lat:<\/strong><br \/>\nGy\u00fcm\u00f6lcsev\u0151 hangyafajok eset\u00e9ben.<br \/>\n\u00d6sszetett takarm\u00e1ny kieg\u00e9sz\u00edt\u0151 takarm\u00e1nyk\u00e9nt<br \/>\nHetente 2-3 alkalommal kell felk\u00edn\u00e1lni a gy\u00fcm\u00f6lcsev\u0151 hangyafajoknak.<br \/>\nAz \u00e1llatoknak \u00e1tadott \u00e1llapotban is fel lehet aj\u00e1nlani. Szobah\u0151m\u00e9rs\u00e9kleten a zsel\u00e9 gyorsan pen\u00e9szedhet. Ez\u00e9rt az eledelt legal\u00e1bb 3 naponta ki kell cser\u00e9lni. \u00dajb\u00f3li felhaszn\u00e1l\u00e1s el\u0151tt alaposan tiszt\u00edtsa meg az etet\u0151t\u00e1lat.<\/p>\n<p><strong>Szavatoss\u00e1gi id\u0151:<\/strong><br \/>\nZ\u00e1rt \u00e1llapotban a zsel\u00e9 legal\u00e1bb 1 \u00e9vig eltarthat\u00f3 (l\u00e1sd a csomagol\u00e1son felt\u00fcntetett min\u0151s\u00e9gmeg\u0151rz\u00e9si id\u0151t); felbont\u00e1s ut\u00e1n h\u0171t\u0151ben kell t\u00e1rolni, \u00e9s 5-7 napon bel\u00fcl fel kell haszn\u00e1lni. Le is fagyaszthatja a fagyaszt\u00f3ban, \u00e9s sz\u00fcks\u00e9g szerint kis mennyis\u00e9gben kiolvaszthatja.<\/p>\n<p><strong>\u00c9rtes\u00edt\u00e9s:<\/strong><br \/>\nAz \u00f6sszet\u00e9telt, az analitikai \u00f6sszetev\u0151ket, a t\u00e9tel azonos\u00edt\u00f3 sz\u00e1m\u00e1t \u00e9s a min\u0151s\u00e9gmeg\u0151rz\u00e9si id\u0151t (BBD) l\u00e1sd a betegt\u00e1j\u00e9koztat\u00f3ban.<\/p>\n<p>Inform\u00e1ci\u00f3s forr\u00f3dr\u00f3t (fax): +49 2065-67290<\/p>\n<p>Felel\u0151s \u00e1llateg\u00e9szs\u00e9g\u00fcgyi \u00e9s \u00e9lelmiszer-fel\u00fcgyeleti hat\u00f3s\u00e1g:<br \/>\nHivatalos \u00e1llatorvos\/\u00e1llatorvosi szak\u00e9rt\u0151.<br \/>\nA Schnabelhuck 6<br \/>\n47049 Duisburg<\/p>","protected":false},"excerpt":{"rendered":"<p>Kieg\u00e9sz\u00edt\u0151 \u00e9lelmiszerek<\/p>","protected":false},"featured_media":5094,"comment_status":"open","ping_status":"closed","template":"","meta":{"_acf_changed":false,"content-type":"","_monsterinsights_skip_tracking":false,"_monsterinsights_sitenote_active":false,"_monsterinsights_sitenote_note":"","_monsterinsights_sitenote_category":0},"product_brand":[],"product_cat":[115,116],"product_tag":[],"class_list":{"0":"post-4642","1":"product","2":"type-product","3":"status-publish","4":"has-post-thumbnail","6":"product_cat-food-and-feeding","7":"product_cat-food","9":"first","10":"instock","11":"taxable","12":"shipping-taxable","13":"purchasable","14":"product-type-simple"},"acf":[],"aioseo_notices":[],"jetpack_sharing_enabled":true,"_links":{"self":[{"href":"https:\/\/antcube.shop\/hu\/wp-json\/wp\/v2\/product\/4642","targetHints":{"allow":["GET"]}}],"collection":[{"href":"https:\/\/antcube.shop\/hu\/wp-json\/wp\/v2\/product"}],"about":[{"href":"https:\/\/antcube.shop\/hu\/wp-json\/wp\/v2\/types\/product"}],"replies":[{"embeddable":true,"href":"https:\/\/antcube.shop\/hu\/wp-json\/wp\/v2\/comments?post=4642"}],"wp:featuredmedia":[{"embeddable":true,"href":"https:\/\/antcube.shop\/hu\/wp-json\/wp\/v2\/media\/5094"}],"wp:attachment":[{"href":"https:\/\/antcube.shop\/hu\/wp-json\/wp\/v2\/media?parent=4642"}],"wp:term":[{"taxonomy":"product_brand","embeddable":true,"href":"https:\/\/antcube.shop\/hu\/wp-json\/wp\/v2\/product_brand?post=4642"},{"taxonomy":"product_cat","embeddable":true,"href":"https:\/\/antcube.shop\/hu\/wp-json\/wp\/v2\/product_cat?post=4642"},{"taxonomy":"product_tag","embeddable":true,"href":"https:\/\/antcube.shop\/hu\/wp-json\/wp\/v2\/product_tag?post=4642"}],"curies":[{"name":"wp","href":"https:\/\/api.w.org\/{rel}","templated":true}]}}