{"id":4638,"date":"2022-11-14T14:30:39","date_gmt":"2022-11-14T13:30:39","guid":{"rendered":"https:\/\/antcube.shop\/produkt\/durchgangsschieber-m\/"},"modified":"2026-04-01T13:28:12","modified_gmt":"2026-04-01T11:28:12","slug":"durchgangsschieber-m-2","status":"publish","type":"product","link":"https:\/\/antcube.shop\/hu\/termek\/durchgangsschieber-m-2\/","title":{"rendered":"\u00c1tmen\u0151 zsilip - M"},"content":{"rendered":"<p><strong>M\u00e9retek:<\/strong> 78 x 17 x 53 mm 14\/10 mm-es cs\u00f6vekhez vagy hangyafarm m\u00e9ret M<\/p>\n<p><strong>Anyag:<\/strong> PMMA<\/p>\n<p><strong>Sz\u00ednek:<\/strong> \u00e1tl\u00e1tsz\u00f3, sz\u00fcrke<\/p>\n<p><strong>Tartalom:<\/strong> 1x \u00e1tj\u00e1r\u00f3 cs\u00faszka<\/p>\n<p><strong>Le\u00edr\u00e1s:<\/strong> Az \u00e1tj\u00e1r\u00f3cs\u00faszka lez\u00e1rja vagy megnyitja a hangy\u00e1k \u00e1tj\u00e1r\u00e1s\u00e1t egy cs\u0151ben vagy k\u00e9t formik\u00e1rium k\u00f6z\u00f6tt.<br \/>\n\u00c1tl\u00e1tsz\u00f3, \u00edgy ellen\u0151rizheti, hogy vannak-e hangy\u00e1k a \"z\u00e1r\u00e1s\" k\u00f6zben. A zsilipet a cs\u00f6vekben l\u00e9v\u0151 hangy\u00e1k \u00e1raml\u00e1s\u00e1nak ellen\u0151rz\u00e9s\u00e9re \u00e9s szab\u00e1lyoz\u00e1s\u00e1ra is haszn\u00e1lj\u00e1k.<\/p>\n<p><strong>Megjegyz\u00e9s az alkalmaz\u00e1sr\u00f3l<\/strong><br \/>\nA filigr\u00e1n szerkezet miatt a t\u00f6ml\u0151k csatlakoztat\u00e1sakor vagy lev\u00e1laszt\u00e1sakor a k\u00f6vetkez\u0151ket kell betartani:<br \/>\nHa a cs\u0151 nagyon nehezen illeszkedik a csatlakoz\u00f3h\u00fcvelyre, a h\u00fcvelyt enyh\u00e9n meg kell d\u00f6rzs\u00f6lni egy csepp kit\u00f6r\u00e9sv\u00e9d\u0151 olajjal vagy porral. A t\u00f6ml\u0151t ezut\u00e1n csavar\u00f3 vagy csavar\u00f3 mozdulatokkal kell a perselyre tolni an\u00e9lk\u00fcl, hogy a perselyt fel-le mozg\u00e1ssal terheln\u00e9nk. Ugyanez vonatkozik a t\u00f6ml\u0151k elt\u00e1vol\u00edt\u00e1s\u00e1ra az \u00e1tmen\u0151 cs\u00faszd\u00e1r\u00f3l. K\u00e9rj\u00fck, ne h\u00fazza le \u0151ket egyszer\u0171en!<\/p>\n<p><strong>Friss\u00edt\u00e9si inform\u00e1ci\u00f3k:<\/strong><br \/>\n15.12.2020 Term\u00e9kfejleszt\u00e9s: A rudakat 3 mm-rel meger\u0151s\u00edtett\u00e9k.<\/p>","protected":false},"excerpt":{"rendered":"<p>M\u00e9retek: 14\/10 mm-es cs\u00f6vekhez vagy M m\u00e9ret\u0171 hangyafarmhoz: 78 x 17 x 53 mm Anyag: PMMA Sz\u00ednek: \u00e1tl\u00e1tsz\u00f3, sz\u00fcrke Tartalom: PMMA, sz\u00fcrke, sz\u00fcrke: Le\u00edr\u00e1s: 1x \u00e1tj\u00e1r\u00f3 cs\u00faszka: Az \u00e1tj\u00e1r\u00f3 cs\u00faszka lez\u00e1rja vagy megnyitja a hangy\u00e1k \u00e1tj\u00e1r\u00e1s\u00e1t egy cs\u0151ben vagy k\u00e9t formik\u00e1rium k\u00f6z\u00f6tt. \u00c1tl\u00e1tsz\u00f3, \u00edgy ellen\u0151rizni tudja, hogy vannak-e hangy\u00e1k k\u00f6z\u00f6tt\u00fck.","protected":false},"featured_media":5172,"comment_status":"open","ping_status":"closed","template":"","meta":{"_acf_changed":false,"content-type":"","_monsterinsights_skip_tracking":false,"_monsterinsights_sitenote_active":false,"_monsterinsights_sitenote_note":"","_monsterinsights_sitenote_category":0},"product_brand":[],"product_cat":[121],"product_tag":[],"class_list":{"0":"post-4638","1":"product","2":"type-product","3":"status-publish","4":"has-post-thumbnail","6":"product_cat-connectors","8":"first","9":"instock","10":"taxable","11":"shipping-taxable","12":"purchasable","13":"product-type-simple"},"acf":[],"aioseo_notices":[],"jetpack_sharing_enabled":true,"_links":{"self":[{"href":"https:\/\/antcube.shop\/hu\/wp-json\/wp\/v2\/product\/4638","targetHints":{"allow":["GET"]}}],"collection":[{"href":"https:\/\/antcube.shop\/hu\/wp-json\/wp\/v2\/product"}],"about":[{"href":"https:\/\/antcube.shop\/hu\/wp-json\/wp\/v2\/types\/product"}],"replies":[{"embeddable":true,"href":"https:\/\/antcube.shop\/hu\/wp-json\/wp\/v2\/comments?post=4638"}],"wp:featuredmedia":[{"embeddable":true,"href":"https:\/\/antcube.shop\/hu\/wp-json\/wp\/v2\/media\/5172"}],"wp:attachment":[{"href":"https:\/\/antcube.shop\/hu\/wp-json\/wp\/v2\/media?parent=4638"}],"wp:term":[{"taxonomy":"product_brand","embeddable":true,"href":"https:\/\/antcube.shop\/hu\/wp-json\/wp\/v2\/product_brand?post=4638"},{"taxonomy":"product_cat","embeddable":true,"href":"https:\/\/antcube.shop\/hu\/wp-json\/wp\/v2\/product_cat?post=4638"},{"taxonomy":"product_tag","embeddable":true,"href":"https:\/\/antcube.shop\/hu\/wp-json\/wp\/v2\/product_tag?post=4638"}],"curies":[{"name":"wp","href":"https:\/\/api.w.org\/{rel}","templated":true}]}}