{"id":4637,"date":"2022-11-14T14:30:23","date_gmt":"2022-11-14T13:30:23","guid":{"rendered":"https:\/\/antcube.shop\/produkt\/durchgangsschieber-l\/"},"modified":"2026-03-30T12:22:09","modified_gmt":"2026-03-30T10:22:09","slug":"durchgangsschieber-l","status":"publish","type":"product","link":"https:\/\/antcube.shop\/hu\/termek\/durchgangsschieber-l\/","title":{"rendered":"\u00c1tmen\u0151 zsilip - L"},"content":{"rendered":"<p><strong>M\u00e9retek:<\/strong> 78 x 27 x 53 mm 14\/16\/18\/20 mm-es cs\u00f6vekhez vagy hangyafarm m\u00e9ret L<\/p>\n<p>A 14\/10-es cs\u0151 szorosan a 14 mm-es aljzatba van dugva.<br \/>\nA 20\/16-os cs\u0151 az els\u0151 16 mm-es l\u00e9pcs\u0151fokra van r\u00f6gz\u00edtve.<br \/>\nA 22\/18-as cs\u0151 a m\u00e1sodik 20 mm-es l\u00e9pcs\u0151fokra van r\u00f6gz\u00edtve.<br \/>\nA 24\/20 cs\u0151 laz\u00e1n fel van szerelve a m\u00e1sodik 20 mm-es l\u00e9pcs\u0151re.<\/p>\n<p><strong>Anyag:<\/strong> PMMA<\/p>\n<p><strong>Sz\u00ednek:<\/strong> krist\u00e1lytiszta, sz\u00fcrke<\/p>\n<p><strong>Tartalom:<\/strong> 1x \u00e1tmen\u0151 lyuk\u00fa cs\u00faszka<\/p>\n<p><strong>Le\u00edr\u00e1s:<\/strong> Az \u00e1tj\u00e1r\u00f3cs\u00faszka elz\u00e1rja vagy megnyitja a hangy\u00e1k \u00e1tj\u00e1r\u00e1s\u00e1t egy cs\u0151ben vagy k\u00e9t formik\u00e1rium k\u00f6z\u00f6tt.<br \/>\n\u00c1tl\u00e1tsz\u00f3, \u00edgy ellen\u0151rizheti, hogy vannak-e hangy\u00e1k a \"z\u00e1r\u00e1s\" k\u00f6zben. A zsilipet a t\u00f6ml\u0151kben l\u00e9v\u0151 hangy\u00e1k \u00e1raml\u00e1s\u00e1nak ellen\u0151rz\u00e9s\u00e9re \u00e9s szab\u00e1lyoz\u00e1s\u00e1ra is haszn\u00e1lj\u00e1k.<\/p>\n<p>Megjegyz\u00e9s az alkalmaz\u00e1sr\u00f3l<br \/>\nA filigr\u00e1n szerkezet miatt a t\u00f6ml\u0151k csatlakoztat\u00e1sakor vagy lev\u00e1laszt\u00e1sakor a k\u00f6vetkez\u0151ket kell betartani:<br \/>\nHa a cs\u0151 nagyon nehezen illeszkedik a csatlakoz\u00f3h\u00fcvelyre, akkor a h\u00fcvelyt enyh\u00e9n meg kell d\u00f6rzs\u00f6lni egy csepp kit\u00f6r\u00e9sv\u00e9d\u0151 olajjal vagy porral. A t\u00f6ml\u0151t ezut\u00e1n csavar\u00f3 vagy csavar\u00f3 mozdulatokkal kell a perselyre tolni, an\u00e9lk\u00fcl, hogy a perselyt fel-le mozdulatokkal terheln\u00e9nk. Ugyanez vonatkozik a t\u00f6ml\u0151k elt\u00e1vol\u00edt\u00e1s\u00e1ra az \u00e1tmen\u0151 cs\u00faszd\u00e1r\u00f3l. K\u00e9rj\u00fck, ne h\u00fazza le \u0151ket egyszer\u0171en!<\/p>\n<p><strong>Friss\u00edt\u00e9s:<\/strong><br \/>\n15.12.2020 Term\u00e9kfejleszt\u00e9s: A rudakat 3 mm-rel meger\u0151s\u00edtett\u00e9k.<\/p>","protected":false},"excerpt":{"rendered":"<p>M\u00e9retek: A 14\/10-es cs\u0151 szorosan a 14 mm-es aljzatba van dugva a 20\/16-os cs\u0151 az els\u0151 16 mm-es l\u00e9pcs\u0151re van r\u00f6gz\u00edtve a 22\/18-as cs\u0151 a m\u00e1sodik 20 mm-es l\u00e9pcs\u0151re van r\u00f6gz\u00edtve a 24\/20-as cs\u0151 laz\u00e1n a m\u00e1sodik 20 mm-es l\u00e9pcs\u0151re van felszerelve: PMMA Sz\u00ednek: krist\u00e1ly","protected":false},"featured_media":5606,"comment_status":"open","ping_status":"closed","template":"","meta":{"_acf_changed":false,"content-type":"","_monsterinsights_skip_tracking":false,"_monsterinsights_sitenote_active":false,"_monsterinsights_sitenote_note":"","_monsterinsights_sitenote_category":0},"product_brand":[],"product_cat":[121],"product_tag":[],"class_list":{"0":"post-4637","1":"product","2":"type-product","3":"status-publish","4":"has-post-thumbnail","6":"product_cat-connectors","8":"first","9":"instock","10":"taxable","11":"shipping-taxable","12":"purchasable","13":"product-type-simple"},"acf":[],"aioseo_notices":[],"jetpack_sharing_enabled":true,"_links":{"self":[{"href":"https:\/\/antcube.shop\/hu\/wp-json\/wp\/v2\/product\/4637","targetHints":{"allow":["GET"]}}],"collection":[{"href":"https:\/\/antcube.shop\/hu\/wp-json\/wp\/v2\/product"}],"about":[{"href":"https:\/\/antcube.shop\/hu\/wp-json\/wp\/v2\/types\/product"}],"replies":[{"embeddable":true,"href":"https:\/\/antcube.shop\/hu\/wp-json\/wp\/v2\/comments?post=4637"}],"wp:featuredmedia":[{"embeddable":true,"href":"https:\/\/antcube.shop\/hu\/wp-json\/wp\/v2\/media\/5606"}],"wp:attachment":[{"href":"https:\/\/antcube.shop\/hu\/wp-json\/wp\/v2\/media?parent=4637"}],"wp:term":[{"taxonomy":"product_brand","embeddable":true,"href":"https:\/\/antcube.shop\/hu\/wp-json\/wp\/v2\/product_brand?post=4637"},{"taxonomy":"product_cat","embeddable":true,"href":"https:\/\/antcube.shop\/hu\/wp-json\/wp\/v2\/product_cat?post=4637"},{"taxonomy":"product_tag","embeddable":true,"href":"https:\/\/antcube.shop\/hu\/wp-json\/wp\/v2\/product_tag?post=4637"}],"curies":[{"name":"wp","href":"https:\/\/api.w.org\/{rel}","templated":true}]}}