{"id":4636,"date":"2022-11-14T14:30:07","date_gmt":"2022-11-14T13:30:07","guid":{"rendered":"https:\/\/antcube.shop\/produkt\/adapterkappe-16mm-zu-10mm\/"},"modified":"2026-04-07T09:38:17","modified_gmt":"2026-04-07T07:38:17","slug":"adapterkappe-16mm-zu-10mm","status":"publish","type":"product","link":"https:\/\/antcube.shop\/hu\/termek\/adapterkappe-16mm-zu-10mm\/","title":{"rendered":"Adapter sapka 16mm-r\u0151l 10mm-re"},"content":{"rendered":"<div class=\"tab-body active\">\n<p><strong>Mennyis\u00e9g:<\/strong> 1 darab<\/p>\n<p><strong>M\u00e9retek:<\/strong> 20 x 15mm<\/p>\n<p><strong>Anyag:<\/strong> PE m\u0171anyag<\/p>\n<p><strong>Sz\u00edn:<\/strong> \u00e1tl\u00e1tsz\u00f3, tejszer\u0171<\/p>\n<p><strong>Le\u00edr\u00e1s:<\/strong> Adapterk\u00e9nt a 27mm - 14,16,20mm - tramsparent (Cikksz\u00e1m: 1001694) medencet\u00f6ml\u0151 csatlakoz\u00f3hoz, \u00edgy az S-Farms 10\/06mm-es t\u00f6ml\u0151je (Cikksz\u00e1m: 1001273) is csatlakoztathat\u00f3.<\/p>\n<\/div>","protected":false},"excerpt":{"rendered":"<p>Mennyis\u00e9g: M\u00e9retek: 1 db: Anyag: 20 x 15mm: Anyag: PE m\u0171anyag Sz\u00edn: \u00e1tl\u00e1tsz\u00f3, tejes Le\u00edr\u00e1s: PE m\u0171anyag, \u00e1tl\u00e1tsz\u00f3, tejes, tejes, \u00e1tl\u00e1tsz\u00f3: (Cikksz\u00e1m: 1001694), \u00edgy az S-Farmok 10\/06mm-es t\u00f6ml\u0151je (Cikksz\u00e1m: 1001273) is csatlakoztathat\u00f3.<\/p>","protected":false},"featured_media":5112,"comment_status":"open","ping_status":"closed","template":"","meta":{"_acf_changed":false,"content-type":"","_monsterinsights_skip_tracking":false,"_monsterinsights_sitenote_active":false,"_monsterinsights_sitenote_note":"","_monsterinsights_sitenote_category":0},"product_brand":[],"product_cat":[121],"product_tag":[],"class_list":{"0":"post-4636","1":"product","2":"type-product","3":"status-publish","4":"has-post-thumbnail","6":"product_cat-connectors","8":"first","9":"instock","10":"taxable","11":"shipping-taxable","12":"purchasable","13":"product-type-simple"},"acf":[],"aioseo_notices":[],"jetpack_sharing_enabled":true,"_links":{"self":[{"href":"https:\/\/antcube.shop\/hu\/wp-json\/wp\/v2\/product\/4636","targetHints":{"allow":["GET"]}}],"collection":[{"href":"https:\/\/antcube.shop\/hu\/wp-json\/wp\/v2\/product"}],"about":[{"href":"https:\/\/antcube.shop\/hu\/wp-json\/wp\/v2\/types\/product"}],"replies":[{"embeddable":true,"href":"https:\/\/antcube.shop\/hu\/wp-json\/wp\/v2\/comments?post=4636"}],"wp:featuredmedia":[{"embeddable":true,"href":"https:\/\/antcube.shop\/hu\/wp-json\/wp\/v2\/media\/5112"}],"wp:attachment":[{"href":"https:\/\/antcube.shop\/hu\/wp-json\/wp\/v2\/media?parent=4636"}],"wp:term":[{"taxonomy":"product_brand","embeddable":true,"href":"https:\/\/antcube.shop\/hu\/wp-json\/wp\/v2\/product_brand?post=4636"},{"taxonomy":"product_cat","embeddable":true,"href":"https:\/\/antcube.shop\/hu\/wp-json\/wp\/v2\/product_cat?post=4636"},{"taxonomy":"product_tag","embeddable":true,"href":"https:\/\/antcube.shop\/hu\/wp-json\/wp\/v2\/product_tag?post=4636"}],"curies":[{"name":"wp","href":"https:\/\/api.w.org\/{rel}","templated":true}]}}