{"id":4631,"date":"2022-11-14T14:28:50","date_gmt":"2022-11-14T13:28:50","guid":{"rendered":"https:\/\/antcube.shop\/produkt\/antcube-ameisenfarm-l-40x20-stehend\/"},"modified":"2026-04-01T12:30:00","modified_gmt":"2026-04-01T10:30:00","slug":"antcube-ameisenfarm-l-40x20-stehend","status":"publish","type":"product","link":"https:\/\/antcube.shop\/hu\/termek\/antcube-ameisenfarm-l-40x20-stehend\/","title":{"rendered":"ANTCUBE - hangyafarm - L - 40\u00d720 - \u00e1llva"},"content":{"rendered":"<p><strong>M\u00e9retek (LxBxH):\u00a0<\/strong><br \/>\nk\u00fcls\u0151: 434x58x199 mm<br \/>\nbelseje: 384x20x190 mm<\/p>\n<p><strong>Anyag:<\/strong><br \/>\n\u00dasz\u00f3 \u00fcveg, m\u0171anyag<\/p>\n<p><strong>Sz\u00edn:<\/strong><br \/>\nkrist\u00e1lytiszta<\/p>\n<p><strong>Tartalom:<\/strong><br \/>\n1x ANTCUBE hangyafarm - 20 mm-es t\u00e1ny\u00e9rt\u00e1vols\u00e1ggal.<br \/>\n1x hangyafarm fed\u00e9l L 40\u00d73<br \/>\n2x dug\u00f3 4mm<\/p>\n<p><strong>kapcsolat:<\/strong><br \/>\n2x 14\/16\/18\/20 x 20mm-es foglalat<\/p>\n<p>A 14\/10-es t\u00f6ml\u0151 szorosan illeszkedik a 14 mm-es aljzatba.<br \/>\nA 20\/16-os t\u00f6ml\u0151 az els\u0151 16 mm-es l\u00e9pcs\u0151fokra van r\u00f6gz\u00edtve.<br \/>\nA 22\/18-as t\u00f6ml\u0151 szorosan illeszkedik a m\u00e1sodik 20 mm-es l\u00e9pcs\u0151fokhoz.<br \/>\nA 24\/20-as t\u00f6ml\u0151 laz\u00e1n illeszkedik a m\u00e1sodik 20 mm-es l\u00e9pcs\u0151fokozatra.<\/p>\n<p><strong>Le\u00edr\u00e1s:<\/strong><br \/>\nEz a teljesen \u00e1tl\u00e1tsz\u00f3 hangyafarm L m\u00e9ret\u0171 hangyafajok sz\u00e1m\u00e1ra alkalmas.<\/p>\n<p><strong>Megjegyz\u00e9sek a gy\u00e1rt\u00e1shoz<\/strong><br \/>\nAz \u00fcveget a DIN 1249 szabv\u00e1ny szerint v\u00e1gj\u00e1k, +\/- 1 mm-es t\u0171r\u00e9ssel. A rendk\u00edv\u00fcl kis hangyafajok eset\u00e9ben kieg\u00e9sz\u00edt\u0151 kit\u00f6r\u00e9sv\u00e9delemre van sz\u00fcks\u00e9g.<\/p>\n<p><strong>Megjegyz\u00e9s a gazdas\u00e1gr\u00f3l<\/strong><br \/>\nA t\u00f6ml\u0151k csatlakoztat\u00e1sakor vagy elt\u00e1vol\u00edt\u00e1sakor vegye figyelembe a k\u00f6vetkez\u0151ket:<br \/>\nHa a cs\u0151 nagyon nehezen illeszkedik a csatlakoz\u00f3h\u00fcvelyre, a h\u00fcvelyt enyh\u00e9n meg kell d\u00f6rzs\u00f6lni egy csepp kit\u00f6r\u00e9sv\u00e9d\u0151 olajjal vagy porral. A t\u00f6ml\u0151t ezut\u00e1n csavar\u00f3 vagy csavar\u00f3 mozdulatokkal kell a perselyre tolni, an\u00e9lk\u00fcl, hogy a perselyt fel-le mozg\u00e1ssal terheln\u00e9nk. Ugyanez vonatkozik a t\u00f6ml\u0151k elt\u00e1vol\u00edt\u00e1s\u00e1ra a farm csatlakoz\u00f3 persely\u00e9r\u0151l. K\u00e9rj\u00fck, ne h\u00fazza le egyszer\u0171en!<\/p>\n<p>&nbsp;<\/p>\n<p>&nbsp;<\/p>","protected":false},"excerpt":{"rendered":"<p><strong>Csatlakoz\u00e1s:<\/strong> Aljzat 2x 14\/16\/18\/20 mm + fed\u00e9l <strong>Lemezt\u00e1vols\u00e1g:<\/strong> Bels\u0151 20 mm \/ K\u00fcls\u0151 28 mm<br \/>\n<strong>M\u00e9ret:<\/strong> <strong><span style=\"color: #0000ff;\">L<\/span><\/strong><\/p>","protected":false},"featured_media":5184,"comment_status":"open","ping_status":"closed","template":"","meta":{"_acf_changed":false,"content-type":"","_monsterinsights_skip_tracking":false,"_monsterinsights_sitenote_active":false,"_monsterinsights_sitenote_note":"","_monsterinsights_sitenote_category":0},"product_brand":[],"product_cat":[80,83],"product_tag":[],"class_list":{"0":"post-4631","1":"product","2":"type-product","3":"status-publish","4":"has-post-thumbnail","6":"product_cat-antfarms","7":"product_cat-antfarms-l","9":"first","10":"instock","11":"taxable","12":"shipping-taxable","13":"purchasable","14":"product-type-simple"},"acf":[],"aioseo_notices":[],"jetpack_sharing_enabled":true,"_links":{"self":[{"href":"https:\/\/antcube.shop\/hu\/wp-json\/wp\/v2\/product\/4631","targetHints":{"allow":["GET"]}}],"collection":[{"href":"https:\/\/antcube.shop\/hu\/wp-json\/wp\/v2\/product"}],"about":[{"href":"https:\/\/antcube.shop\/hu\/wp-json\/wp\/v2\/types\/product"}],"replies":[{"embeddable":true,"href":"https:\/\/antcube.shop\/hu\/wp-json\/wp\/v2\/comments?post=4631"}],"wp:featuredmedia":[{"embeddable":true,"href":"https:\/\/antcube.shop\/hu\/wp-json\/wp\/v2\/media\/5184"}],"wp:attachment":[{"href":"https:\/\/antcube.shop\/hu\/wp-json\/wp\/v2\/media?parent=4631"}],"wp:term":[{"taxonomy":"product_brand","embeddable":true,"href":"https:\/\/antcube.shop\/hu\/wp-json\/wp\/v2\/product_brand?post=4631"},{"taxonomy":"product_cat","embeddable":true,"href":"https:\/\/antcube.shop\/hu\/wp-json\/wp\/v2\/product_cat?post=4631"},{"taxonomy":"product_tag","embeddable":true,"href":"https:\/\/antcube.shop\/hu\/wp-json\/wp\/v2\/product_tag?post=4631"}],"curies":[{"name":"wp","href":"https:\/\/api.w.org\/{rel}","templated":true}]}}