{"id":4629,"date":"2022-11-14T14:28:18","date_gmt":"2022-11-14T13:28:18","guid":{"rendered":"https:\/\/antcube.shop\/produkt\/antcube-ameisenfarm-l-30x30-wand\/"},"modified":"2026-03-23T17:45:00","modified_gmt":"2026-03-23T16:45:00","slug":"antcube-ameisenfarm-l-30x30-palca","status":"publish","type":"product","link":"https:\/\/antcube.shop\/hu\/termek\/antcube-ameisenfarm-l-30x30-palca\/","title":{"rendered":"ANTCUBE - Hangyafarm - L - 30\u00d730 - falra szerelhet\u0151"},"content":{"rendered":"<p><strong>K\u00edv\u00fcl:<\/strong> 32,5 x 32,5 cm \/ Bel\u00fcl: 29,2 x 29,2 cm<\/p>\n<p><strong>Anyag:<\/strong><br \/>\nFloat \u00fcveg, fa, PMMA<\/p>\n<p><strong>Sz\u00edn:<\/strong><br \/>\nkrist\u00e1lytiszta, feh\u00e9r<\/p>\n<p><strong>Tartalom:<\/strong><br \/>\n1x Hangyafarm 20mm-es lemezk\u00f6zzel, falra szerelhet\u0151.<br \/>\n1x fed\u00e9l<br \/>\n1x fakeret feh\u00e9rre festett m\u00e1gnesz\u00e1rral<br \/>\n2x t\u00e1vtart\u00f3 r\u00fad a f\u00e9szekbet\u00e9tekhez<br \/>\n6x csavarok \u00e9s d\u00fcbelek (fa \/ k\u0151falhoz)<\/p>\n<p><strong>kapcsolat:<\/strong><br \/>\n2x 14\/16\/18\/20 x 20mm-es foglalat<\/p>\n<p>A 14\/10-es t\u00f6ml\u0151 szorosan illeszkedik a 14 mm-es aljzatba.<br \/>\nA 20\/16-os t\u00f6ml\u0151 szorosan r\u00e1 van dugva az els\u0151 16 mm-es l\u00e9pcs\u0151re.<\/p>\n<p><strong>Le\u00edr\u00e1s:<\/strong><br \/>\nEzek a hangyafarmok falra szerelhet\u0151ek, \u00e9s k\u00f6nnyen felszerelhet\u0151k fa- \u00e9s k\u0151falakra.<br \/>\nA keret val\u00f3di term\u00e9szetes f\u00e1b\u00f3l k\u00e9sz\u00fclt, feh\u00e9r fest\u00e9ssel, modern, id\u0151tlen diz\u00e1jnban.<br \/>\nEz a keret elt\u00e1vol\u00edthat\u00f3 a farm kinyit\u00e1s\u00e1hoz, \u00e9s egy m\u00e1gneses tart\u00f3 seg\u00edts\u00e9g\u00e9vel visszacsatolhat\u00f3 a farmhoz.<\/p>\n<p><strong>Szerel\u00e9si utas\u00edt\u00e1sok:<\/strong><br \/>\nA 6 \"S6\" d\u00fcbel falba t\u00f6rt\u00e9n\u0151 r\u00f6gz\u00edt\u00e9s\u00e9hez sz\u00fcks\u00e9g van egy 6 mm-es f\u00far\u00f3fejjel ell\u00e1tott f\u00far\u00f3ra (fa vagy k\u0151, az anyagt\u00f3l f\u00fcgg\u0151en).<br \/>\nA falba 40 mm m\u00e9ly lyukakat kell f\u00farni, hogy a 4x30 mm-es csavarokkal a d\u00fcbeleket s\u00fcllyeszteni lehessen.<\/p>\n<p><strong>Megjegyz\u00e9sek a gy\u00e1rt\u00e1shoz<\/strong><br \/>\nAz \u00fcveget a DIN 1249 szabv\u00e1ny szerint v\u00e1gj\u00e1k, +\/- 1 mm-es t\u0171r\u00e9ssel. A rendk\u00edv\u00fcl kis hangyafajok eset\u00e9ben kieg\u00e9sz\u00edt\u0151 kit\u00f6r\u00e9sv\u00e9delemre van sz\u00fcks\u00e9g.<\/p>\n<p><strong>Megjegyz\u00e9s a gazdas\u00e1gr\u00f3l<\/strong><br \/>\nA t\u00f6ml\u0151k csatlakoztat\u00e1sakor vagy elt\u00e1vol\u00edt\u00e1sakor vegye figyelembe a k\u00f6vetkez\u0151ket:<br \/>\nHa a cs\u0151 nagyon nehezen illeszkedik a csatlakoz\u00f3h\u00fcvelyre, a h\u00fcvelyt enyh\u00e9n meg kell d\u00f6rzs\u00f6lni egy csepp kit\u00f6r\u00e9sv\u00e9d\u0151 olajjal vagy porral. A t\u00f6ml\u0151t ezut\u00e1n csavar\u00f3 vagy csavar\u00f3 mozdulatokkal kell a perselyre tolni, an\u00e9lk\u00fcl, hogy a perselyt fel-le mozg\u00e1ssal terheln\u00e9nk. Ugyanez vonatkozik a t\u00f6ml\u0151k elt\u00e1vol\u00edt\u00e1s\u00e1ra a farm csatlakoz\u00f3 persely\u00e9r\u0151l. K\u00e9rj\u00fck, ne h\u00fazza le egyszer\u0171en!<\/p>","protected":false},"excerpt":{"rendered":"<p><strong>Csatlakoz\u00e1s:<\/strong> foglalat 2x 14\/16 x 20mm; <strong>t\u00e1ny\u00e9rt\u00e1vols\u00e1g:<\/strong> bel\u00fcl 20mm<br \/>\n<strong>M\u00e9ret:<\/strong> <span style=\"color: #0000ff;\"><strong>L<\/strong> <\/span><\/p>","protected":false},"featured_media":5188,"comment_status":"open","ping_status":"closed","template":"","meta":{"_acf_changed":false,"content-type":"","_monsterinsights_skip_tracking":false,"_monsterinsights_sitenote_active":false,"_monsterinsights_sitenote_note":"","_monsterinsights_sitenote_category":0},"product_brand":[],"product_cat":[80,83],"product_tag":[],"class_list":{"0":"post-4629","1":"product","2":"type-product","3":"status-publish","4":"has-post-thumbnail","6":"product_cat-antfarms","7":"product_cat-antfarms-l","9":"first","10":"instock","11":"taxable","12":"shipping-taxable","13":"purchasable","14":"product-type-simple"},"acf":[],"aioseo_notices":[],"jetpack_sharing_enabled":true,"_links":{"self":[{"href":"https:\/\/antcube.shop\/hu\/wp-json\/wp\/v2\/product\/4629","targetHints":{"allow":["GET"]}}],"collection":[{"href":"https:\/\/antcube.shop\/hu\/wp-json\/wp\/v2\/product"}],"about":[{"href":"https:\/\/antcube.shop\/hu\/wp-json\/wp\/v2\/types\/product"}],"replies":[{"embeddable":true,"href":"https:\/\/antcube.shop\/hu\/wp-json\/wp\/v2\/comments?post=4629"}],"wp:featuredmedia":[{"embeddable":true,"href":"https:\/\/antcube.shop\/hu\/wp-json\/wp\/v2\/media\/5188"}],"wp:attachment":[{"href":"https:\/\/antcube.shop\/hu\/wp-json\/wp\/v2\/media?parent=4629"}],"wp:term":[{"taxonomy":"product_brand","embeddable":true,"href":"https:\/\/antcube.shop\/hu\/wp-json\/wp\/v2\/product_brand?post=4629"},{"taxonomy":"product_cat","embeddable":true,"href":"https:\/\/antcube.shop\/hu\/wp-json\/wp\/v2\/product_cat?post=4629"},{"taxonomy":"product_tag","embeddable":true,"href":"https:\/\/antcube.shop\/hu\/wp-json\/wp\/v2\/product_tag?post=4629"}],"curies":[{"name":"wp","href":"https:\/\/api.w.org\/{rel}","templated":true}]}}