{"id":4625,"date":"2022-11-14T14:21:09","date_gmt":"2022-11-14T13:21:09","guid":{"rendered":"https:\/\/antcube.shop\/produkt\/acrylglas-xt-rohr-50-46mm-1m\/"},"modified":"2026-04-20T09:58:13","modified_gmt":"2026-04-20T07:58:13","slug":"acrylglas-xt-rohr-50-46mm-1m","status":"publish","type":"product","link":"https:\/\/antcube.shop\/hu\/termek\/acrylglas-xt-rohr-50-46mm-1m\/","title":{"rendered":"Hangyacs\u0151 - krist\u00e1lytiszta - 20mm - 1m"},"content":{"rendered":"<p><strong>M\u00e9retek:<\/strong> k\u00fcls\u0151 \u00e1tm\u00e9r\u0151 50 mm, hossza: 1 m<\/p>\n<p><strong>Anyag:<\/strong> akril\u00fcveg<\/p>\n<p><strong>Sz\u00edn:<\/strong> \u00e1tl\u00e1tsz\u00f3, tiszta<\/p>\n<p><strong>Le\u00edr\u00e1s:<\/strong> Adapterek seg\u00edts\u00e9g\u00e9vel csatlakoztathat\u00f3 a formik\u00e1riumhoz, vagy t\u00f6bb formik\u00e1riumot is \u00f6sszekapcsolhat.<\/p>\n<p><strong>Megjegyz\u00e9s:<\/strong> Csomagol\u00e1si okokb\u00f3l az 1 m\u00e9teres cs\u00f6vek f\u00e9lbev\u00e1ghat\u00f3k, \u00e9s opcion\u00e1lisan megrendelhet\u0151k egy megfelel\u0151 cs\u0151darabbal egy\u00fctt. Ha a cs\u00f6veket mindenk\u00e9ppen 1 m\u00e9teres cs\u00f6vekk\u00e9nt k\u00edv\u00e1nja sz\u00e1ll\u00edtani, ezt k\u00fcl\u00f6n kell v\u00e1lasztani.<\/p>","protected":false},"excerpt":{"rendered":"<p>M\u00e9retek: k\u00fcls\u0151 \u00e1tm\u00e9r\u0151 50 mm, hossz: 1m Anyag: akril\u00fcveg Sz\u00edn: \u00e1tl\u00e1tsz\u00f3, tiszta Le\u00edr\u00e1s: A formik\u00e1riumhoz adapterek seg\u00edts\u00e9g\u00e9vel csatlakoztathat\u00f3, vagy t\u00f6bb formik\u00e1riumot \u00f6sszekapcsolhat. Megjegyz\u00e9s: Csomagol\u00e1si okokb\u00f3l az 1 m\u00e9teres cs\u00f6vek f\u00e9lbev\u00e1ghat\u00f3k, \u00e9s opcion\u00e1lisan megrendelhet\u0151k egy hozz\u00e1 tartoz\u00f3 cs\u0151darabbal. Ha azt szeretn\u00e9, hogy a","protected":false},"featured_media":5122,"comment_status":"open","ping_status":"closed","template":"","meta":{"_acf_changed":false,"content-type":"","_monsterinsights_skip_tracking":false,"_monsterinsights_sitenote_active":false,"_monsterinsights_sitenote_note":"","_monsterinsights_sitenote_category":0},"product_brand":[],"product_cat":[119,120],"product_tag":[],"class_list":{"0":"post-4625","1":"product","2":"type-product","3":"status-publish","4":"has-post-thumbnail","6":"product_cat-formicarium-components","7":"product_cat-hoses","9":"first","10":"instock","11":"taxable","12":"shipping-taxable","13":"purchasable","14":"product-type-simple"},"acf":[],"aioseo_notices":[],"jetpack_sharing_enabled":true,"_links":{"self":[{"href":"https:\/\/antcube.shop\/hu\/wp-json\/wp\/v2\/product\/4625","targetHints":{"allow":["GET"]}}],"collection":[{"href":"https:\/\/antcube.shop\/hu\/wp-json\/wp\/v2\/product"}],"about":[{"href":"https:\/\/antcube.shop\/hu\/wp-json\/wp\/v2\/types\/product"}],"replies":[{"embeddable":true,"href":"https:\/\/antcube.shop\/hu\/wp-json\/wp\/v2\/comments?post=4625"}],"wp:featuredmedia":[{"embeddable":true,"href":"https:\/\/antcube.shop\/hu\/wp-json\/wp\/v2\/media\/5122"}],"wp:attachment":[{"href":"https:\/\/antcube.shop\/hu\/wp-json\/wp\/v2\/media?parent=4625"}],"wp:term":[{"taxonomy":"product_brand","embeddable":true,"href":"https:\/\/antcube.shop\/hu\/wp-json\/wp\/v2\/product_brand?post=4625"},{"taxonomy":"product_cat","embeddable":true,"href":"https:\/\/antcube.shop\/hu\/wp-json\/wp\/v2\/product_cat?post=4625"},{"taxonomy":"product_tag","embeddable":true,"href":"https:\/\/antcube.shop\/hu\/wp-json\/wp\/v2\/product_tag?post=4625"}],"curies":[{"name":"wp","href":"https:\/\/api.w.org\/{rel}","templated":true}]}}