{"id":4614,"date":"2022-11-01T18:09:43","date_gmt":"2022-11-01T17:09:43","guid":{"rendered":"https:\/\/antcube.shop\/produkt\/formicarienunterlage-40x20cm\/"},"modified":"2026-04-05T19:45:30","modified_gmt":"2026-04-05T17:45:30","slug":"formicarienunterlage-40x20cm","status":"publish","type":"product","link":"https:\/\/antcube.shop\/hu\/termek\/formicarienunterlage-40x20cm\/","title":{"rendered":"Formicarium p\u00e1rna - 40x20cm"},"content":{"rendered":"<p><strong>M\u00e9retek:<\/strong> 400 x 200 x 4mm<\/p>\n<p><strong>Anyag:<\/strong> PE hab<\/p>\n<p><strong>Sz\u00edn:<\/strong> sz\u00fcrke<\/p>\n<p><strong>Tartalom: <\/strong>1 db.<\/p>\n<p><strong>Le\u00edr\u00e1s:<\/strong><br \/>\nA formicarium p\u00e1rna puha habszivacs anyagb\u00f3l k\u00e9sz\u00fcl.<br \/>\nMegv\u00e9di a formik\u00e1riumot, valamint azt a b\u00fatordarabot, amelyen a formik\u00e1rium \u00e1ll, a karcol\u00e1sokt\u00f3l.<br \/>\nEzenk\u00edv\u00fcl a p\u00e1rna h\u0151szigetel\u00e9sk\u00e9nt is szolg\u00e1l, hogy a legkisebb egyenetlens\u00e9geket is kiegyenl\u00edtse, \u00e9s v\u00e9d a rezg\u00e9sek ellen is.<\/p>","protected":false},"excerpt":{"rendered":"<p>M\u00e9retek: Anyag: 400 x 200 x 4mm: Anyag: PE hab Sz\u00edn: sz\u00fcrke: 1 db. Term\u00e9kle\u00edr\u00e1s: 1 db: A formicarium p\u00e1rna puha habszivacs anyagb\u00f3l k\u00e9sz\u00fclt. Megv\u00e9di a formik\u00e1riumot, valamint azt a b\u00fatordarabot, amelyen a formik\u00e1rium \u00e1ll, a karcol\u00e1sokt\u00f3l. Ezenk\u00edv\u00fcl a p\u00e1rna h\u0151szigetel\u00e9sk\u00e9nt is szolg\u00e1l, hogy kompenz\u00e1lja a","protected":false},"featured_media":5125,"comment_status":"open","ping_status":"closed","template":"","meta":{"_acf_changed":false,"content-type":"","_monsterinsights_skip_tracking":false,"_monsterinsights_sitenote_active":false,"_monsterinsights_sitenote_note":"","_monsterinsights_sitenote_category":0},"product_brand":[],"product_cat":[239],"product_tag":[],"class_list":{"0":"post-4614","1":"product","2":"type-product","3":"status-publish","4":"has-post-thumbnail","6":"product_cat-useful-additions","8":"first","9":"instock","10":"taxable","11":"shipping-taxable","12":"purchasable","13":"product-type-simple"},"acf":[],"aioseo_notices":[],"jetpack_sharing_enabled":true,"_links":{"self":[{"href":"https:\/\/antcube.shop\/hu\/wp-json\/wp\/v2\/product\/4614","targetHints":{"allow":["GET"]}}],"collection":[{"href":"https:\/\/antcube.shop\/hu\/wp-json\/wp\/v2\/product"}],"about":[{"href":"https:\/\/antcube.shop\/hu\/wp-json\/wp\/v2\/types\/product"}],"replies":[{"embeddable":true,"href":"https:\/\/antcube.shop\/hu\/wp-json\/wp\/v2\/comments?post=4614"}],"wp:featuredmedia":[{"embeddable":true,"href":"https:\/\/antcube.shop\/hu\/wp-json\/wp\/v2\/media\/5125"}],"wp:attachment":[{"href":"https:\/\/antcube.shop\/hu\/wp-json\/wp\/v2\/media?parent=4614"}],"wp:term":[{"taxonomy":"product_brand","embeddable":true,"href":"https:\/\/antcube.shop\/hu\/wp-json\/wp\/v2\/product_brand?post=4614"},{"taxonomy":"product_cat","embeddable":true,"href":"https:\/\/antcube.shop\/hu\/wp-json\/wp\/v2\/product_cat?post=4614"},{"taxonomy":"product_tag","embeddable":true,"href":"https:\/\/antcube.shop\/hu\/wp-json\/wp\/v2\/product_tag?post=4614"}],"curies":[{"name":"wp","href":"https:\/\/api.w.org\/{rel}","templated":true}]}}