{"id":4610,"date":"2022-11-01T18:08:42","date_gmt":"2022-11-01T17:08:42","guid":{"rendered":"https:\/\/antcube.shop\/produkt\/formicarienunterlage-30x30cm\/"},"modified":"2026-03-30T10:29:22","modified_gmt":"2026-03-30T08:29:22","slug":"formicarienunterlage-30x30cm","status":"publish","type":"product","link":"https:\/\/antcube.shop\/hu\/termek\/formicarienunterlage-30x30cm\/","title":{"rendered":"Formicarium p\u00e1rna - 30x30cm"},"content":{"rendered":"<p><strong>M\u00e9retek:<\/strong> 300 x 300 x 4mm<\/p>\n<p><strong>Anyag:<\/strong> PE hab<\/p>\n<p><strong>Sz\u00edn:<\/strong> sz\u00fcrke<\/p>\n<p><strong>Tartalom:<\/strong> 1 db.<\/p>\n<p><strong>Le\u00edr\u00e1s:<\/strong><br \/>\nA formicarium p\u00e1rna puha habszivacs anyagb\u00f3l k\u00e9sz\u00fcl.<br \/>\nMegv\u00e9di a formik\u00e1riumot, valamint azt a b\u00fatordarabot, amelyen a formik\u00e1rium \u00e1ll, a karcol\u00e1sokt\u00f3l.<br \/>\nEzenk\u00edv\u00fcl a p\u00e1rna h\u0151szigetel\u00e9sk\u00e9nt is szolg\u00e1l, hogy a legkisebb egyenetlens\u00e9geket is kiegyenl\u00edtse, \u00e9s v\u00e9d a rezg\u00e9sek ellen is.<\/p>","protected":false},"excerpt":{"rendered":"<p>M\u00e9retek: Anyag: 400 x 200 x 4mm: Anyag: PE hab Sz\u00edn: sz\u00fcrke: 1 db. Term\u00e9kle\u00edr\u00e1s: 1 db: A formicarium p\u00e1rna puha habszivacs anyagb\u00f3l k\u00e9sz\u00fclt. Megv\u00e9di a formik\u00e1riumot, valamint azt a b\u00fatordarabot, amelyen a formik\u00e1rium \u00e1ll, a karcol\u00e1sokt\u00f3l. Ezenk\u00edv\u00fcl a p\u00e1rna h\u0151szigetel\u00e9sk\u00e9nt is szolg\u00e1l, hogy kompenz\u00e1lja a","protected":false},"featured_media":4803,"comment_status":"open","ping_status":"closed","template":"","meta":{"_acf_changed":false,"content-type":"","_monsterinsights_skip_tracking":false,"_monsterinsights_sitenote_active":false,"_monsterinsights_sitenote_note":"","_monsterinsights_sitenote_category":0},"product_brand":[],"product_cat":[239],"product_tag":[],"class_list":{"0":"post-4610","1":"product","2":"type-product","3":"status-publish","4":"has-post-thumbnail","6":"product_cat-useful-additions","8":"first","9":"instock","10":"taxable","11":"shipping-taxable","12":"purchasable","13":"product-type-simple"},"acf":[],"aioseo_notices":[],"jetpack_sharing_enabled":true,"_links":{"self":[{"href":"https:\/\/antcube.shop\/hu\/wp-json\/wp\/v2\/product\/4610","targetHints":{"allow":["GET"]}}],"collection":[{"href":"https:\/\/antcube.shop\/hu\/wp-json\/wp\/v2\/product"}],"about":[{"href":"https:\/\/antcube.shop\/hu\/wp-json\/wp\/v2\/types\/product"}],"replies":[{"embeddable":true,"href":"https:\/\/antcube.shop\/hu\/wp-json\/wp\/v2\/comments?post=4610"}],"wp:featuredmedia":[{"embeddable":true,"href":"https:\/\/antcube.shop\/hu\/wp-json\/wp\/v2\/media\/4803"}],"wp:attachment":[{"href":"https:\/\/antcube.shop\/hu\/wp-json\/wp\/v2\/media?parent=4610"}],"wp:term":[{"taxonomy":"product_brand","embeddable":true,"href":"https:\/\/antcube.shop\/hu\/wp-json\/wp\/v2\/product_brand?post=4610"},{"taxonomy":"product_cat","embeddable":true,"href":"https:\/\/antcube.shop\/hu\/wp-json\/wp\/v2\/product_cat?post=4610"},{"taxonomy":"product_tag","embeddable":true,"href":"https:\/\/antcube.shop\/hu\/wp-json\/wp\/v2\/product_tag?post=4610"}],"curies":[{"name":"wp","href":"https:\/\/api.w.org\/{rel}","templated":true}]}}