{"id":4605,"date":"2022-11-01T18:07:07","date_gmt":"2022-11-01T17:07:07","guid":{"rendered":"https:\/\/antcube.shop\/produkt\/formicariengranulat-1000ml-schwarz\/"},"modified":"2026-04-02T18:12:06","modified_gmt":"2026-04-02T16:12:06","slug":"formicariengranulat-1000ml-schwarz","status":"publish","type":"product","link":"https:\/\/antcube.shop\/hu\/termek\/formicariengranulat-1000ml-schwarz\/","title":{"rendered":"Formicarium granul\u00e1tum 1000ml - fekete"},"content":{"rendered":"<p><strong>Tartalom:<\/strong> 1000ml (ami ~600g-nak felel meg)<\/p>\n<p><strong>Szemcsem\u00e9ret:<\/strong> 1 - 8 mm<\/p>\n<p><strong>Sz\u00edn:<\/strong> fekete<\/p>\n<p><strong>Alapanyag:<\/strong> kiv\u00e1l\u00f3 min\u0151s\u00e9g\u0171 vulkanikus k\u00f6vek k\u00fcl\u00f6nleges kever\u00e9ke<\/p>\n<p><strong>Le\u00edr\u00e1s:<\/strong> Az anyag megtartja a nedvess\u00e9get \u00e9s j\u00f3 talajszell\u0151z\u00e9st biztos\u00edt a formik\u00e1riumban, v\u00e9d a pang\u00f3 v\u00edz \u00e9s a rothad\u00e1s ellen. A szemcs\u00e9s r\u00e9teget kb. 1-2 cm m\u00e9lys\u00e9gben kell haszn\u00e1lni, mint a legals\u00f3 talajr\u00e9teget a gazdas\u00e1gban.<\/p>\n<p><strong>Tulajdons\u00e1gok:<\/strong><br \/>\n- szervetlen, \u00e1sv\u00e1nyi term\u00e9k<br \/>\n- biol\u00f3giailag \u00e9s k\u00e9miailag semleges<br \/>\n- szerkezetileg stabil<br \/>\n- t\u00e1rolja a nedvess\u00e9get<\/p>","protected":false},"excerpt":{"rendered":"<p>Erdei vagy es\u0151erdei aljzathoz<\/p>","protected":false},"featured_media":5733,"comment_status":"open","ping_status":"closed","template":"","meta":{"_acf_changed":false,"content-type":"","_monsterinsights_skip_tracking":false,"_monsterinsights_sitenote_active":false,"_monsterinsights_sitenote_note":"","_monsterinsights_sitenote_category":0},"product_brand":[],"product_cat":[101,100,241],"product_tag":[],"class_list":{"0":"post-4605","1":"product","2":"type-product","3":"status-publish","4":"has-post-thumbnail","6":"product_cat-forest","7":"product_cat-rainforest","8":"product_cat-granules","10":"first","11":"instock","12":"taxable","13":"shipping-taxable","14":"purchasable","15":"product-type-simple"},"acf":[],"aioseo_notices":[],"jetpack_sharing_enabled":true,"_links":{"self":[{"href":"https:\/\/antcube.shop\/hu\/wp-json\/wp\/v2\/product\/4605","targetHints":{"allow":["GET"]}}],"collection":[{"href":"https:\/\/antcube.shop\/hu\/wp-json\/wp\/v2\/product"}],"about":[{"href":"https:\/\/antcube.shop\/hu\/wp-json\/wp\/v2\/types\/product"}],"replies":[{"embeddable":true,"href":"https:\/\/antcube.shop\/hu\/wp-json\/wp\/v2\/comments?post=4605"}],"wp:featuredmedia":[{"embeddable":true,"href":"https:\/\/antcube.shop\/hu\/wp-json\/wp\/v2\/media\/5733"}],"wp:attachment":[{"href":"https:\/\/antcube.shop\/hu\/wp-json\/wp\/v2\/media?parent=4605"}],"wp:term":[{"taxonomy":"product_brand","embeddable":true,"href":"https:\/\/antcube.shop\/hu\/wp-json\/wp\/v2\/product_brand?post=4605"},{"taxonomy":"product_cat","embeddable":true,"href":"https:\/\/antcube.shop\/hu\/wp-json\/wp\/v2\/product_cat?post=4605"},{"taxonomy":"product_tag","embeddable":true,"href":"https:\/\/antcube.shop\/hu\/wp-json\/wp\/v2\/product_tag?post=4605"}],"curies":[{"name":"wp","href":"https:\/\/api.w.org\/{rel}","templated":true}]}}