{"id":4372,"date":"2022-06-20T09:12:42","date_gmt":"2022-06-20T07:12:42","guid":{"rendered":"https:\/\/antcube.shop\/produkt\/ganze-blanchierte-heimchen\/"},"modified":"2026-04-13T09:30:27","modified_gmt":"2026-04-13T07:30:27","slug":"ganze-blanchierte-heimchen","status":"publish","type":"product","link":"https:\/\/antcube.shop\/hu\/termek\/ganze-blanchierte-heimchen\/","title":{"rendered":"Blanch\u00e1lt eg\u00e9sz t\u00fccsk\u00f6k"},"content":{"rendered":"<p><strong>Nett\u00f3 s\u00faly:<\/strong> 10g \u00fcvegenk\u00e9nt<br \/>\nfeh\u00e9r\u00edtett k\u00f6zepes m\u00e9ret\u0171 t\u00fccsk\u00f6k darabokban<\/p>\n<p>egyszeri adagol\u00e1s<\/p>\n<p><strong>Le\u00edr\u00e1s:<\/strong><br \/>\nBlanch\u00e1lt t\u00fccskefajt\u00e1inkkal k\u00f6nnyen biztos\u00edthatja hangy\u00e1i sz\u00e1m\u00e1ra a frissen tart\u00f3s\u00edtott feh\u00e9rjet\u00e1pl\u00e1l\u00e9kot an\u00e9lk\u00fcl, hogy \u00e9l\u0151 rovarokat kellene etetnie. A mell\u00e9kelt t\u00fccsk\u00f6ket (Acheta domesticus) k\u00edm\u00e9letesen blans\u00edroztuk, hogy a t\u00e1p\u00e9rt\u00e9k, az \u00edz \u00e9s az aroma megmaradjon. Ezen k\u00edv\u00fcl a rovarok kitinh\u00e9ja is megpuhul \u00edgy, hogy k\u00f6nnyebben em\u00e9szthet\u0151 legyen. A kollag\u00e9nes feh\u00e9rj\u00e9k vegy\u00fcleteit lebontj\u00e1k, hogy a hangy\u00e1k jobban hasznos\u00edthass\u00e1k azokat. A konzerv Acheta domesticus ugyanolyan t\u00e1p\u00e9rt\u00e9k\u0171, mint az \u00e9l\u0151 t\u00fccs\u00f6k, de k\u00f6nnyebben em\u00e9szthet\u0151. A fagyasztott vagy sz\u00e1r\u00edtott t\u00fccsk\u00f6kkel ellent\u00e9tben, ahol k\u00f6r\u00fclbel\u00fcl 60% feh\u00e9rje veszik el, a benne l\u00e9v\u0151 feh\u00e9rje k\u00f6zel 100%-re feldolgozhat\u00f3.<\/p>\n<p>A feh\u00e9r\u00edtett t\u00fccsk\u00f6k nem alkalmasak az \u00e9l\u0151 t\u00e1pl\u00e1l\u00e9kot ig\u00e9nyl\u0151 hangyafajok (pl. ponerines (\u0151shangy\u00e1k), mint a Harpegnathos vagy az Odontomachus) vad\u00e1szat\u00e1ra.<\/p>\n<p><strong>Egy\u00e9b el\u0151ny\u00f6k:<\/strong><\/p>\n<p>Garant\u00e1ltan atkamentes<br \/>\nPortion\u00e1lhat\u00f3<br \/>\nSteriliz\u00e1lt \u00e9s v\u00e1kuumozott<br \/>\nAdal\u00e9kanyagok n\u00e9lk\u00fcl<br \/>\nT\u00fccsk\u00f6k fenntarthat\u00f3 tiszta \u00f6kol\u00f3giai teny\u00e9szt\u00e9sb\u0151l, szerves hullad\u00e9kkal etetve<\/p>\n<p><strong>T\u00e1pl\u00e1lkoz\u00e1si inform\u00e1ci\u00f3k:<\/strong><br \/>\nNyersfeh\u00e9rje: 20%<br \/>\nNyerszs\u00edr: 7%<br \/>\nNyersrost: 22%<br \/>\nK\u0151ris: 4%<br \/>\nNedvess\u00e9g: 46%<\/p>\n<p><strong>\u00c9rtes\u00edt\u00e9s:<\/strong><br \/>\nFelbont\u00e1s ut\u00e1n a h\u0171t\u0151szekr\u00e9nyben k\u00f6r\u00fclbel\u00fcl n\u00e9gy napig eltarthat\u00f3. Fagyasztva hosszabb ideig eltarthat\u00f3.<br \/>\n<strong>Figyelem!<\/strong> El\u0151sz\u00f6r adagolja, majd fagyassza le. \u00cdgy egyetlen elt\u00e1vol\u00edt\u00e1s is lehets\u00e9ges (IQF).<\/p>","protected":false},"excerpt":{"rendered":"<p>egyszeri adagol\u00e1s<\/p>","protected":false},"featured_media":4375,"comment_status":"open","ping_status":"closed","template":"","meta":{"_acf_changed":false,"content-type":"","_monsterinsights_skip_tracking":false,"_monsterinsights_sitenote_active":false,"_monsterinsights_sitenote_note":"","_monsterinsights_sitenote_category":0},"product_brand":[],"product_cat":[257,115,116],"product_tag":[],"class_list":{"0":"post-4372","1":"product","2":"type-product","3":"status-publish","4":"has-post-thumbnail","6":"product_cat-new-innovatve-products","7":"product_cat-food-and-feeding","8":"product_cat-food","10":"first","11":"instock","12":"taxable","13":"shipping-taxable","14":"purchasable","15":"product-type-simple"},"acf":[],"aioseo_notices":[],"jetpack_sharing_enabled":true,"_links":{"self":[{"href":"https:\/\/antcube.shop\/hu\/wp-json\/wp\/v2\/product\/4372","targetHints":{"allow":["GET"]}}],"collection":[{"href":"https:\/\/antcube.shop\/hu\/wp-json\/wp\/v2\/product"}],"about":[{"href":"https:\/\/antcube.shop\/hu\/wp-json\/wp\/v2\/types\/product"}],"replies":[{"embeddable":true,"href":"https:\/\/antcube.shop\/hu\/wp-json\/wp\/v2\/comments?post=4372"}],"wp:featuredmedia":[{"embeddable":true,"href":"https:\/\/antcube.shop\/hu\/wp-json\/wp\/v2\/media\/4375"}],"wp:attachment":[{"href":"https:\/\/antcube.shop\/hu\/wp-json\/wp\/v2\/media?parent=4372"}],"wp:term":[{"taxonomy":"product_brand","embeddable":true,"href":"https:\/\/antcube.shop\/hu\/wp-json\/wp\/v2\/product_brand?post=4372"},{"taxonomy":"product_cat","embeddable":true,"href":"https:\/\/antcube.shop\/hu\/wp-json\/wp\/v2\/product_cat?post=4372"},{"taxonomy":"product_tag","embeddable":true,"href":"https:\/\/antcube.shop\/hu\/wp-json\/wp\/v2\/product_tag?post=4372"}],"curies":[{"name":"wp","href":"https:\/\/api.w.org\/{rel}","templated":true}]}}