{"id":4343,"date":"2022-06-08T14:36:54","date_gmt":"2022-06-08T12:36:54","guid":{"rendered":"https:\/\/antcube.shop\/produkt\/naturbusch-auf-schieferplatte-gros\/"},"modified":"2025-10-19T15:15:12","modified_gmt":"2025-10-19T13:15:12","slug":"naturbusch-auf-schieferplatte-gros","status":"publish","type":"product","link":"https:\/\/antcube.shop\/hu\/termek\/naturbusch-auf-schieferplatte-gros\/","title":{"rendered":"D\u00edszcserje"},"content":{"rendered":"<p>M\u00e9ret \/ magass\u00e1g 17 cm \u00e9s 19 cm k\u00f6z\u00f6tt, \u00e1tm\u00e9r\u0151 ~ 10 cm -12 cm, ide\u00e1lis a 30x30x30 cm \u00e9s nagyobb ar\u00e9n\u00e1khoz.<br \/>\nA s\u00faly 50 \u00e9s 80 gramm k\u00f6z\u00f6tt v\u00e1ltozik<\/p>\n<p>Dekor\u00e1ci\u00f3s cikk, amely egy term\u00e9szetesen sz\u00e1r\u00edtott facserj\u00e9b\u0151l \u00e9s egy m\u0171gyanta alapb\u00f3l (alaplemez) \u00e1ll.<br \/>\nEz a d\u00edszcserje k\u00e9zzel k\u00e9sz\u00fclt N\u00e9metorsz\u00e1gban, ez\u00e9rt a fenntarthat\u00f3s\u00e1g jellemzi.<\/p>\n<p><strong>FIGYELEM:<\/strong> K\u00e9rj\u00fck, ne tegye nagyon p\u00e1r\u00e1s formik\u00e1riumba (60% p\u00e1ratartalom felett). A bokor elkezdhet pen\u00e9szedni. Nagyon j\u00f3 szell\u0151z\u00e9s mellett a bokor p\u00e1r\u00e1sabb formik\u00e1riumokban is elhelyezhet\u0151.<\/p>\n<p>Egyes d\u00edszcserj\u00e9k a magass\u00e1guk miatt nem \u00e1llnak meg egyed\u00fcl a formik\u00e1riumban. Ebben az esetben seg\u00edt, ha az aljzatot egy kicsit szubsztr\u00e1tummal fedj\u00fck le, vagy a k\u00fcls\u0151 ablakok k\u00f6zel\u00e9be helyezz\u00fck.<\/p>\n<p><span data-text-color=\"alert\"><strong>FONTOS MEGJEGYZ\u00c9S A CIKKEL KAPCSOLATBAN:<\/strong><\/span><br \/>\nMivel ez egy term\u00e9szetes term\u00e9k \/ egyedi, az itt l\u00e1that\u00f3 k\u00e9pek nem teljesen azonosak azzal, amit kapni fog. A mini fa, valamint a k\u0151b\u00e1nyai pala alaplemez m\u00e9rete, alakja \u00e9s sz\u00edne k\u00f6z\u00f6tt elt\u00e9r\u00e9sek lesznek. Csak az elem maxim\u00e1lis magass\u00e1g\u00e1ra v\u00e1llalunk garanci\u00e1t.<\/p>\n<p>A term\u00e9k megrendel\u00e9s\u00e9vel \u00d6n elfogadja \u00e9s beleegyezik a term\u00e9k m\u00e9ret\u00e9nek, alakj\u00e1nak \u00e9s sz\u00edn\u00e9nek a v\u00e1s\u00e1rl\u00e1s id\u0151pontj\u00e1ban fenn\u00e1ll\u00f3 lehets\u00e9ges elt\u00e9r\u00e9seibe.<\/p>","protected":false},"excerpt":{"rendered":"<p>M\u00e9ret: 17-19 cm magas<\/p>","protected":false},"featured_media":6380,"comment_status":"open","ping_status":"closed","template":"","meta":{"_acf_changed":false,"content-type":"","_monsterinsights_skip_tracking":false,"_monsterinsights_sitenote_active":false,"_monsterinsights_sitenote_note":"","_monsterinsights_sitenote_category":0},"product_brand":[],"product_cat":[99,101,102],"product_tag":[],"class_list":{"0":"post-4343","1":"product","2":"type-product","3":"status-publish","4":"has-post-thumbnail","6":"product_cat-desert","7":"product_cat-forest","8":"product_cat-meadow","10":"first","11":"outofstock","12":"taxable","13":"shipping-taxable","14":"purchasable","15":"product-type-simple"},"acf":[],"aioseo_notices":[],"jetpack_sharing_enabled":true,"_links":{"self":[{"href":"https:\/\/antcube.shop\/hu\/wp-json\/wp\/v2\/product\/4343","targetHints":{"allow":["GET"]}}],"collection":[{"href":"https:\/\/antcube.shop\/hu\/wp-json\/wp\/v2\/product"}],"about":[{"href":"https:\/\/antcube.shop\/hu\/wp-json\/wp\/v2\/types\/product"}],"replies":[{"embeddable":true,"href":"https:\/\/antcube.shop\/hu\/wp-json\/wp\/v2\/comments?post=4343"}],"wp:featuredmedia":[{"embeddable":true,"href":"https:\/\/antcube.shop\/hu\/wp-json\/wp\/v2\/media\/6380"}],"wp:attachment":[{"href":"https:\/\/antcube.shop\/hu\/wp-json\/wp\/v2\/media?parent=4343"}],"wp:term":[{"taxonomy":"product_brand","embeddable":true,"href":"https:\/\/antcube.shop\/hu\/wp-json\/wp\/v2\/product_brand?post=4343"},{"taxonomy":"product_cat","embeddable":true,"href":"https:\/\/antcube.shop\/hu\/wp-json\/wp\/v2\/product_cat?post=4343"},{"taxonomy":"product_tag","embeddable":true,"href":"https:\/\/antcube.shop\/hu\/wp-json\/wp\/v2\/product_tag?post=4343"}],"curies":[{"name":"wp","href":"https:\/\/api.w.org\/{rel}","templated":true}]}}