{"id":4342,"date":"2022-06-08T14:36:40","date_gmt":"2022-06-08T12:36:40","guid":{"rendered":"https:\/\/antcube.shop\/produkt\/naturbusch-auf-schieferplatte-klein\/"},"modified":"2026-04-06T16:26:17","modified_gmt":"2026-04-06T14:26:17","slug":"naturbusch-auf-schieferplatte-klein","status":"publish","type":"product","link":"https:\/\/antcube.shop\/hu\/termek\/naturbusch-auf-schieferplatte-klein\/","title":{"rendered":"Term\u00e9szetes bokor pal\u00e1nkon - kicsi"},"content":{"rendered":"<p>M\u00e9ret \/ magass\u00e1g 9 cm-ig, ide\u00e1lis a 20x20x10 cm-es ar\u00e9n\u00e1khoz.<br \/>\nA s\u00faly 200 \u00e9s 600 gramm k\u00f6z\u00f6tt v\u00e1ltozik<\/p>\n<p>Tiszt\u00e1n term\u00e9szetes \u00f6sszetev\u0151kb\u0151l \u00e1ll\u00f3 d\u00edszt\u00e1rgy, amely egy sz\u00e1r\u00edtott fa bokorb\u00f3l \u00e9s egy palat\u00e1bl\u00e1b\u00f3l (alaplemez) \u00e1ll. Mindkett\u0151 kezeletlen term\u00e9szetes term\u00e9k.<br \/>\nEz a mini fa k\u00e9zzel k\u00e9sz\u00fclt N\u00e9metorsz\u00e1gban, \u00edgy a fenntarthat\u00f3s\u00e1g jellemzi.<\/p>\n<p><strong>FIGYELEM:<\/strong> K\u00e9rj\u00fck, ne helyezze nagyon p\u00e1r\u00e1s formicaria (t\u00f6bb mint 60% p\u00e1ratartalom). A bokor elkezdhet pen\u00e9szedni. Nagyon j\u00f3 szell\u0151z\u00e9ssel a bokor p\u00e1r\u00e1sabb formik\u00e1riumokban is elhelyezhet\u0151.<\/p>\n<p><strong>FONTOS MEGJEGYZ\u00c9S A TERM\u00c9KKEL KAPCSOLATBAN:<\/strong><br \/>\nMivel ez egy term\u00e9szetes term\u00e9k \/ egyedi, az itt l\u00e1that\u00f3 k\u00e9pek nem teljesen azonosak azzal, amit kapni fog. A mini fa, valamint a k\u0151b\u00e1nyai pala alaplemez m\u00e9rete, alakja \u00e9s sz\u00edne k\u00f6z\u00f6tt elt\u00e9r\u00e9sek lesznek. Csak az elem maxim\u00e1lis magass\u00e1g\u00e1ra v\u00e1llalunk garanci\u00e1t.<\/p>\n<p>A term\u00e9k megrendel\u00e9s\u00e9vel \u00d6n elfogadja \u00e9s beleegyezik a term\u00e9k m\u00e9ret\u00e9nek, alakj\u00e1nak \u00e9s sz\u00edn\u00e9nek a v\u00e1s\u00e1rl\u00e1s id\u0151pontj\u00e1ban fenn\u00e1ll\u00f3 lehets\u00e9ges elt\u00e9r\u00e9seibe.<\/p>","protected":false},"excerpt":{"rendered":"<p>M\u00e9ret: 18x15x9<\/p>","protected":false},"featured_media":4355,"comment_status":"open","ping_status":"closed","template":"","meta":{"_acf_changed":false,"content-type":"","_monsterinsights_skip_tracking":false,"_monsterinsights_sitenote_active":false,"_monsterinsights_sitenote_note":"","_monsterinsights_sitenote_category":0},"product_brand":[],"product_cat":[99,101,102],"product_tag":[],"class_list":{"0":"post-4342","1":"product","2":"type-product","3":"status-publish","4":"has-post-thumbnail","6":"product_cat-desert","7":"product_cat-forest","8":"product_cat-meadow","10":"first","11":"instock","12":"taxable","13":"shipping-taxable","14":"purchasable","15":"product-type-simple"},"acf":[],"aioseo_notices":[],"jetpack_sharing_enabled":true,"_links":{"self":[{"href":"https:\/\/antcube.shop\/hu\/wp-json\/wp\/v2\/product\/4342","targetHints":{"allow":["GET"]}}],"collection":[{"href":"https:\/\/antcube.shop\/hu\/wp-json\/wp\/v2\/product"}],"about":[{"href":"https:\/\/antcube.shop\/hu\/wp-json\/wp\/v2\/types\/product"}],"replies":[{"embeddable":true,"href":"https:\/\/antcube.shop\/hu\/wp-json\/wp\/v2\/comments?post=4342"}],"wp:featuredmedia":[{"embeddable":true,"href":"https:\/\/antcube.shop\/hu\/wp-json\/wp\/v2\/media\/4355"}],"wp:attachment":[{"href":"https:\/\/antcube.shop\/hu\/wp-json\/wp\/v2\/media?parent=4342"}],"wp:term":[{"taxonomy":"product_brand","embeddable":true,"href":"https:\/\/antcube.shop\/hu\/wp-json\/wp\/v2\/product_brand?post=4342"},{"taxonomy":"product_cat","embeddable":true,"href":"https:\/\/antcube.shop\/hu\/wp-json\/wp\/v2\/product_cat?post=4342"},{"taxonomy":"product_tag","embeddable":true,"href":"https:\/\/antcube.shop\/hu\/wp-json\/wp\/v2\/product_tag?post=4342"}],"curies":[{"name":"wp","href":"https:\/\/api.w.org\/{rel}","templated":true}]}}