{"id":4287,"date":"2022-04-28T15:49:09","date_gmt":"2022-04-28T13:49:09","guid":{"rendered":"https:\/\/antcube.shop\/produkt\/reagenzglaser-150x16-mm-10-st\/"},"modified":"2026-04-02T18:12:07","modified_gmt":"2026-04-02T16:12:07","slug":"reagenzglaser-150x16-mm-10-st","status":"publish","type":"product","link":"https:\/\/antcube.shop\/hu\/termek\/reagenzglaser-150x16-mm-10-st\/","title":{"rendered":"Teszt-\u00fcvegcs\u0151 150\u00d716 mm \/ 10 db."},"content":{"rendered":"<p><b>M\u00e9ret:<\/b> 150\u00d716 mm<\/p>\n<p><strong>Kapacit\u00e1s:<\/strong> 20 ml<\/p>\n<p><b>Le\u00edr\u00e1s:<\/b> Sz\u00f3dabikarb\u00f3n\u00e1s \u00fcvegb\u0151l k\u00e9sz\u00fclt, vastag fal\u00fa, peremmel ell\u00e1tott k\u00e9mcs\u0151. Hosszabb ideig f\u00e9szekkamrak\u00e9nt haszn\u00e1lhat\u00f3, ha 1\/3 r\u00e9sz\u00e9t v\u00edzzel t\u00f6ltj\u00fck meg \u00e9s nedvsz\u00edv\u00f3 vatt\u00e1val lez\u00e1rjuk. Sz\u00e1ll\u00edt\u00f3ed\u00e9nyk\u00e9nt is alkalmas.<\/p>","protected":false},"excerpt":{"rendered":"<p>M\u00e9ret: 150x16 mm Kapacit\u00e1s: 20 ml Le\u00edr\u00e1s: Vastag fal\u00fa, peremmel ell\u00e1tott, sz\u00f3dabikarb\u00f3n\u00e1s \u00fcvegb\u0151l k\u00e9sz\u00fclt k\u00e9mcs\u0151. Hosszabb ideig f\u00e9szekkamrak\u00e9nt haszn\u00e1lhat\u00f3, ha 1\/3 r\u00e9sz\u00e9t v\u00edzzel t\u00f6ltj\u00fck meg \u00e9s nedvsz\u00edv\u00f3 vatt\u00e1val lez\u00e1rjuk. Sz\u00e1ll\u00edt\u00f3ed\u00e9nyk\u00e9nt is haszn\u00e1lhat\u00f3.<\/p>","protected":false},"featured_media":4290,"comment_status":"open","ping_status":"closed","template":"","meta":{"_acf_changed":false,"content-type":"","_monsterinsights_skip_tracking":false,"_monsterinsights_sitenote_active":false,"_monsterinsights_sitenote_note":"","_monsterinsights_sitenote_category":0},"product_brand":[],"product_cat":[237],"product_tag":[],"class_list":{"0":"post-4287","1":"product","2":"type-product","3":"status-publish","4":"has-post-thumbnail","6":"product_cat-tools","8":"first","9":"instock","10":"taxable","11":"shipping-taxable","12":"purchasable","13":"product-type-simple"},"acf":[],"aioseo_notices":[],"jetpack_sharing_enabled":true,"_links":{"self":[{"href":"https:\/\/antcube.shop\/hu\/wp-json\/wp\/v2\/product\/4287","targetHints":{"allow":["GET"]}}],"collection":[{"href":"https:\/\/antcube.shop\/hu\/wp-json\/wp\/v2\/product"}],"about":[{"href":"https:\/\/antcube.shop\/hu\/wp-json\/wp\/v2\/types\/product"}],"replies":[{"embeddable":true,"href":"https:\/\/antcube.shop\/hu\/wp-json\/wp\/v2\/comments?post=4287"}],"wp:featuredmedia":[{"embeddable":true,"href":"https:\/\/antcube.shop\/hu\/wp-json\/wp\/v2\/media\/4290"}],"wp:attachment":[{"href":"https:\/\/antcube.shop\/hu\/wp-json\/wp\/v2\/media?parent=4287"}],"wp:term":[{"taxonomy":"product_brand","embeddable":true,"href":"https:\/\/antcube.shop\/hu\/wp-json\/wp\/v2\/product_brand?post=4287"},{"taxonomy":"product_cat","embeddable":true,"href":"https:\/\/antcube.shop\/hu\/wp-json\/wp\/v2\/product_cat?post=4287"},{"taxonomy":"product_tag","embeddable":true,"href":"https:\/\/antcube.shop\/hu\/wp-json\/wp\/v2\/product_tag?post=4287"}],"curies":[{"name":"wp","href":"https:\/\/api.w.org\/{rel}","templated":true}]}}